{"id":4278,"date":"2025-01-07T17:35:24","date_gmt":"2025-01-07T22:35:24","guid":{"rendered":"https:\/\/www.precisionhcc.com\/?page_id=4278"},"modified":"2025-05-16T15:28:00","modified_gmt":"2025-05-16T19:28:00","slug":"long-island-business-news-2023-top-50-women-in-business-award","status":"publish","type":"page","link":"https:\/\/www.precisionhcc.com\/es\/about-us\/awards\/long-island-business-news-2023-top-50-women-in-business-award\/","title":{"rendered":"Premio a las 50 mejores mujeres de negocios de Long Island Business News 2023"},"content":{"rendered":"<div data-elementor-type=\"wp-page\" data-elementor-id=\"4278\" class=\"elementor elementor-4278\" data-elementor-post-type=\"page\">\n\t\t\t\t<div class=\"elementor-element elementor-element-726c1bb7 e-flex e-con-boxed e-con e-parent\" data-id=\"726c1bb7\" data-element_type=\"container\" data-e-type=\"container\" data-settings=\"{&quot;jet_parallax_layout_list&quot;:[]}\">\n\t\t\t\t\t<div class=\"e-con-inner\">\n\t\t<div class=\"elementor-element elementor-element-6637e0bf e-con-full e-flex e-con e-child\" data-id=\"6637e0bf\" data-element_type=\"container\" data-e-type=\"container\" data-settings=\"{&quot;background_background&quot;:&quot;classic&quot;,&quot;jet_parallax_layout_list&quot;:[]}\">\n\t\t\t\t<div class=\"elementor-element elementor-element-492ef6af elementor-widget elementor-widget-spacer\" data-id=\"492ef6af\" data-element_type=\"widget\" data-e-type=\"widget\" data-widget_type=\"spacer.default\">\n\t\t\t\t<div class=\"elementor-widget-container\">\n\t\t\t\t\t\t\t<div class=\"elementor-spacer\">\n\t\t\t<div class=\"elementor-spacer-inner\"><\/div>\n\t\t<\/div>\n\t\t\t\t\t\t<\/div>\n\t\t\t\t<\/div>\n\t\t\t\t<div class=\"elementor-element elementor-element-1f7d56f6 elementor-invisible elementor-widget elementor-widget-heading\" data-id=\"1f7d56f6\" data-element_type=\"widget\" data-e-type=\"widget\" data-settings=\"{&quot;_animation&quot;:&quot;fadeInDown&quot;}\" data-widget_type=\"heading.default\">\n\t\t\t\t<div class=\"elementor-widget-container\">\n\t\t\t\t\t<h1 class=\"elementor-heading-title elementor-size-default\">Premio a las 50 mejores mujeres de negocios de Long Island Business News 2023<\/h1>\t\t\t\t<\/div>\n\t\t\t\t<\/div>\n\t\t\t\t<div class=\"elementor-element elementor-element-5313582d elementor-widget elementor-widget-spacer\" data-id=\"5313582d\" data-element_type=\"widget\" data-e-type=\"widget\" data-widget_type=\"spacer.default\">\n\t\t\t\t<div class=\"elementor-widget-container\">\n\t\t\t\t\t\t\t<div class=\"elementor-spacer\">\n\t\t\t<div class=\"elementor-spacer-inner\"><\/div>\n\t\t<\/div>\n\t\t\t\t\t\t<\/div>\n\t\t\t\t<\/div>\n\t\t\t\t<\/div>\n\t\t\t\t\t<\/div>\n\t\t\t\t<\/div>\n\t\t<div class=\"elementor-element elementor-element-5093612c e-flex e-con-boxed e-con e-parent\" data-id=\"5093612c\" data-element_type=\"container\" data-e-type=\"container\" data-settings=\"{&quot;jet_parallax_layout_list&quot;:[]}\">\n\t\t\t\t\t<div class=\"e-con-inner\">\n\t\t<div class=\"elementor-element elementor-element-24b73e08 e-con-full e-flex e-con e-child\" data-id=\"24b73e08\" data-element_type=\"container\" data-e-type=\"container\" data-settings=\"{&quot;background_background&quot;:&quot;classic&quot;,&quot;jet_parallax_layout_list&quot;:[]}\">\n\t\t\t\t<div class=\"elementor-element elementor-element-3b3e6865 elementor-widget elementor-widget-text-editor\" data-id=\"3b3e6865\" data-element_type=\"widget\" data-e-type=\"widget\" data-widget_type=\"text-editor.default\">\n\t\t\t\t<div class=\"elementor-widget-container\">\n\t\t\t\t\t\t\t\t\t<h2 style=\"text-align: center;\">Vanessa Best, consejera delegada de Precision, recibe el premio Top 50 Women in Business 2023 de Long Island Business News<\/h2><p>El Long Island Business News Top 50 Women Award es uno de los galardones m\u00e1s prestigiosos que reconocen los logros profesionales y el influyente liderazgo de las mujeres de Long Island. Su creaci\u00f3n tiene su origen en el reconocimiento de las historias de \u00e9xito de las mujeres en el \u00e1mbito empresarial, a menudo infrarrepresentadas.<\/p><h3>Un legado de autonom\u00eda<\/h3><p>El premio naci\u00f3 del deseo de celebrar los logros de las mujeres que han tenido un impacto significativo en sus industrias y comunidades. El objetivo era claro: mostrar la innovaci\u00f3n, la experiencia y la fuerza de las l\u00edderes, empresarias y profesionales femeninas. Es una iniciativa que no s\u00f3lo destaca el \u00e9xito, sino que tambi\u00e9n crea modelos de conducta y fomenta un entorno de capacitaci\u00f3n para que las futuras generaciones de mujeres prosperen en el mundo empresarial.<\/p><h3>El prestigio del reconocimiento<\/h3><p>Ser una de las galardonadas con el Premio a las 50 Mejores Mujeres es una afirmaci\u00f3n de su compromiso con la excelencia, el liderazgo y el servicio a la comunidad. Para las galardonadas, no es s\u00f3lo un premio, sino la confirmaci\u00f3n de un \u00e9xito que les ha costado mucho conseguir, a menudo superando retos espec\u00edficos de su g\u00e9nero. Este reconocimiento es un faro que inspira a otras mujeres a perseguir sus ambiciones con determinaci\u00f3n y confianza.<\/p><p><span style=\"width: 100%;\"><img fetchpriority=\"high\" decoding=\"async\" class=\"alignright\" title=\"arco1\" src=\"https:\/\/www.precisionhcc.com\/wp-content\/uploads\/2025\/01\/bow1.jpg\" alt=\"\" width=\"417\" height=\"618\" data-id=\"3486\" data-uw-rm-alt-original=\"\" \/><\/span><span style=\"width: 100%;\"><img decoding=\"async\" class=\"alignleft\" title=\"Premio LIBN-Top-50\" src=\"https:\/\/www.precisionhcc.com\/wp-content\/uploads\/2025\/01\/LIBN-Top-50-Award.jpg\" alt=\"\" width=\"144\" height=\"224\" data-id=\"3489\" data-uw-rm-alt-original=\"\" \/><\/span><\/p><h3>Proceso de selecci\u00f3n: Un faro de meritocracia<\/h3><p>Los candidatos al premio se someten a un meticuloso proceso de selecci\u00f3n, que incluye nominaciones de colegas, evaluaciones exhaustivas de sus logros profesionales, cualidades de liderazgo y contribuciones a sus comunidades. Un jurado, compuesto a menudo por anteriores galardonados y personalidades influyentes de la comunidad empresarial, revisa las candidaturas. Los criterios de selecci\u00f3n son estrictos y garantizan que s\u00f3lo se premie a las mujeres l\u00edderes m\u00e1s destacadas y meritorias.<\/p><h3>Doblemente agradable: El doble triunfo de Vanessa Best<\/h3><p>Para Vanessa Best, consejera delegada de Precision HealthCare, ganar el premio Long Island Business News Top 50 Women Award no una sino dos veces es una haza\u00f1a notable que ejemplifica su excepcional liderazgo en el sector sanitario. La historia de \u00e9xito de Vanessa est\u00e1 marcada por su dedicaci\u00f3n a la equidad en la atenci\u00f3n sanitaria, su enfoque innovador de la gesti\u00f3n y su influyente papel en la defensa de mejoras en el sector.<\/p><h3>Orgullo por los logros<\/h3><p>El orgullo de Precision HealthCare por los logros de Vanessa Best va m\u00e1s all\u00e1 de las paredes de la empresa.<\/p><p>Su reconocimiento es una rotunda afirmaci\u00f3n de la \u00e9tica de la empresa y de su compromiso con el fomento de una cultura de excelencia y liderazgo entre las mujeres.<\/p><p><span style=\"width: 100%;\"><img decoding=\"async\" class=\"alignleft\" title=\"top50\" src=\"https:\/\/www.precisionhcc.com\/wp-content\/uploads\/2025\/01\/top50.jpg\" alt=\"\" width=\"277\" height=\"281\" data-id=\"3488\" data-uw-rm-alt-original=\"\" \/><\/span>El galard\u00f3n de Vanessa sirve de poderosa motivaci\u00f3n para todos los miembros de Precision HealthCare, alentando un esfuerzo colectivo hacia mayores logros y reforzando la importancia de las contribuciones de las mujeres en el mundo empresarial.<\/p><p>En conclusi\u00f3n, el premio Long Island Business News Top 50 Women Award no es s\u00f3lo un reconocimiento del \u00e9xito individual, sino una celebraci\u00f3n de los avances realizados hacia la igualdad de g\u00e9nero en el \u00e1mbito empresarial. Para Vanessa Best y Precision HealthCare, estos premios son hitos preciados que marcan su lugar como pioneras en el camino hacia una industria m\u00e1s inclusiva y equitativa. Es un testimonio de que cuando se da a las mujeres la oportunidad de brillar, lo hacen de forma brillante, estableciendo un est\u00e1ndar de oro para el liderazgo y la innovaci\u00f3n.<\/p><h4>\u00a0<\/h4><h4><strong>\u00a1Enhorabuena, Vanessa Best!<\/strong><\/h4><p><strong>Por qu\u00e9 es importante para la asistencia sanitaria de precisi\u00f3n<\/strong><\/p><p>Conseguir este premio es m\u00e1s que un hito: es una validaci\u00f3n de nuestra visi\u00f3n y misi\u00f3n de transformar la comunicaci\u00f3n en la atenci\u00f3n sanitaria. Esta clasificaci\u00f3n refleja la confianza que depositan en nosotros nuestros clientes, la solidez de nuestras alianzas y la pasi\u00f3n de nuestro equipo. Pone de manifiesto nuestra capacidad para escalar y adaptarnos a un sector en constante evoluci\u00f3n, garantizando que seguimos prestando servicios de primer nivel que satisfacen y superan las necesidades de nuestros clientes.<\/p><p><img loading=\"lazy\" decoding=\"async\" class=\"alignleft\" style=\"aspect-ratio: auto 800 \/ 800;\" title=\"Vanessa Best Perfil Inc 5000\" src=\"https:\/\/www.precisionhcc.com\/wp-content\/uploads\/2025\/01\/Vanessa-Best-Profile-Inc-5000.png\" alt=\"\" width=\"245\" height=\"245\" data-id=\"3815\" data-init-width=\"800\" data-init-height=\"800\" data-width=\"245\" data-height=\"245\" \/><\/p><p><strong>Nuestro viaje de crecimiento<\/strong><\/p><p>Desde nuestros inicios, Precision Healthcare se ha dedicado a ofrecer soluciones de comunicaci\u00f3n de vanguardia que mejoran los resultados tanto para los pacientes como para los profesionales sanitarios. Nuestra trayectoria se ha visto impulsada por la innovaci\u00f3n, un profundo conocimiento de las necesidades de nuestros clientes y el compromiso de fomentar una cultura de excelencia.<\/p><p><strong>\u00bfY ahora qu\u00e9?<\/strong>Mientras celebramos este logro, seguimos centrados en el futuro. Estamos entusiasmados por continuar nuestra trayectoria de crecimiento, explorar nuevas oportunidades, ampliar nuestros servicios y reforzar nuestro impacto en el sector sanitario. Esto no ha hecho m\u00e1s que empezar y estamos impacientes por ver ad\u00f3nde nos llevar\u00e1 el pr\u00f3ximo cap\u00edtulo de nuestro viaje.<\/p><h2>\u00a0<\/h2><h2 style=\"text-align: left;\">Acomp\u00e1\u00f1enos en nuestro viaje<\/h2><p>Le invitamos a contribuir a nuestro \u00e9xito continuado. Tanto si es un cliente actual, un socio o alguien interesado en saber m\u00e1s sobre nuestro trabajo, estamos encantados de compartir nuestra historia. Juntos, podemos lograr hitos a\u00fan m\u00e1s significativos.<\/p><p>Contacto: Para m\u00e1s informaci\u00f3n sobre Precision HealthCare, p\u00f3ngase en contacto con Lisa Hunt en <strong>(516) 771-7554<\/strong> o por correo electr\u00f3nico a <a href=\"mailto:Lisa.Hunt@precisionhcc.com\" target=\"_blank\" rel=\"noopener\">Lisa.Hunt@precisionhcc.com<\/a><\/p>\t\t\t\t\t\t\t\t<\/div>\n\t\t\t\t<\/div>\n\t\t\t\t<\/div>\n\t\t\t\t\t<\/div>\n\t\t\t\t<\/div>\n\t\t<div class=\"elementor-element elementor-element-3b571eb5 e-flex e-con-boxed e-con e-parent\" data-id=\"3b571eb5\" data-element_type=\"container\" data-e-type=\"container\" data-settings=\"{&quot;jet_parallax_layout_list&quot;:[]}\">\n\t\t\t\t\t<div class=\"e-con-inner\">\n\t\t\t\t<div class=\"elementor-element elementor-element-15b8b7cc elementor-align-center elementor-widget elementor-widget-button\" data-id=\"15b8b7cc\" data-element_type=\"widget\" data-e-type=\"widget\" data-widget_type=\"button.default\">\n\t\t\t\t<div class=\"elementor-widget-container\">\n\t\t\t\t\t\t\t\t\t<div class=\"elementor-button-wrapper\">\n\t\t\t\t\t<a class=\"elementor-button elementor-button-link elementor-size-sm\" href=\"https:\/\/www.precisionhcc.com\/es\/about-us\/awards\/\">\n\t\t\t\t\t\t<span class=\"elementor-button-content-wrapper\">\n\t\t\t\t\t\t<span class=\"elementor-button-icon\">\n\t\t\t\t<i aria-hidden=\"true\" class=\"fas fa-arrow-alt-circle-left\"><\/i>\t\t\t<\/span>\n\t\t\t\t\t\t\t\t\t<span class=\"elementor-button-text\">VOLVER A PREMIOS<\/span>\n\t\t\t\t\t<\/span>\n\t\t\t\t\t<\/a>\n\t\t\t\t<\/div>\n\t\t\t\t\t\t\t\t<\/div>\n\t\t\t\t<\/div>\n\t\t\t\t\t<\/div>\n\t\t\t\t<\/div>\n\t\t<div class=\"elementor-element elementor-element-1df2c2bb e-flex e-con-boxed e-con e-parent\" data-id=\"1df2c2bb\" data-element_type=\"container\" data-e-type=\"container\" data-settings=\"{&quot;jet_parallax_layout_list&quot;:[]}\">\n\t\t\t\t\t<div class=\"e-con-inner\">\n\t\t\t\t\t<\/div>\n\t\t\t\t<\/div>\n\t\t\t\t<\/div>","protected":false},"excerpt":{"rendered":"<p>Precision CEO Vanessa Best Receives Long Island Business News 2023 Top 50 Women in Business Award The Long Island Business News Top 50 Women Award stands as one of the most prestigious honors recognizing the professional achievements and influential leadership of women on Long Island. Its inception is rooted in the recognition of the often [&hellip;]<\/p>\n","protected":false},"author":1236,"featured_media":0,"parent":3825,"menu_order":0,"comment_status":"closed","ping_status":"closed","template":"elementor_header_footer","meta":{"footnotes":""},"class_list":["post-4278","page","type-page","status-publish","hentry"],"yoast_head":"<!-- This site is optimized with the Yoast SEO plugin v27.5 - https:\/\/yoast.com\/product\/yoast-seo-wordpress\/ -->\n<title>Long Island Business News 2023 Top 50 Women in Business Award | Precision HealthCare Consultants<\/title>\n<meta name=\"description\" content=\"Precision CEO Vanessa Best Receives Long Island Business News 2023 Top 50 Women in Business AwardThe Long Island Business News Top 50 Women Award stands\" \/>\n<meta name=\"robots\" content=\"index, follow, max-snippet:-1, max-image-preview:large, max-video-preview:-1\" \/>\n<link rel=\"canonical\" href=\"https:\/\/www.precisionhcc.com\/es\/about-us\/awards\/long-island-business-news-2023-top-50-women-in-business-award\/\" \/>\n<meta property=\"og:locale\" content=\"es_MX\" \/>\n<meta property=\"og:type\" content=\"article\" \/>\n<meta property=\"og:title\" content=\"Long Island Business News 2023 Top 50 Women in Business Award | Precision HealthCare Consultants\" \/>\n<meta property=\"og:description\" content=\"Precision CEO Vanessa Best Receives Long Island Business News 2023 Top 50 Women in Business AwardThe Long Island Business News Top 50 Women Award stands\" \/>\n<meta property=\"og:url\" content=\"https:\/\/www.precisionhcc.com\/es\/about-us\/awards\/long-island-business-news-2023-top-50-women-in-business-award\/\" \/>\n<meta property=\"og:site_name\" content=\"Precision HealthCare Consultants\" \/>\n<meta property=\"article:publisher\" content=\"https:\/\/www.facebook.com\/Precision-Healthcare-Consultants-166924926665497\/\" \/>\n<meta property=\"article:modified_time\" content=\"2025-05-16T19:28:00+00:00\" \/>\n<meta property=\"og:image\" content=\"https:\/\/www.precisionhcc.com\/wp-content\/uploads\/2025\/01\/bow1.jpg\" \/>\n<meta name=\"twitter:card\" content=\"summary_large_image\" \/>\n<meta name=\"twitter:site\" content=\"@precisionhcc\" \/>\n<meta name=\"twitter:label1\" content=\"Est. reading time\" \/>\n\t<meta name=\"twitter:data1\" content=\"5 minutos\" \/>\n<script type=\"application\/ld+json\" class=\"yoast-schema-graph\">{\"@context\":\"https:\\\/\\\/schema.org\",\"@graph\":[{\"@type\":\"WebPage\",\"@id\":\"https:\\\/\\\/www.precisionhcc.com\\\/about-us\\\/awards\\\/long-island-business-news-2023-top-50-women-in-business-award\\\/\",\"url\":\"https:\\\/\\\/www.precisionhcc.com\\\/about-us\\\/awards\\\/long-island-business-news-2023-top-50-women-in-business-award\\\/\",\"name\":\"Long Island Business News 2023 Top 50 Women in Business Award | Precision HealthCare Consultants\",\"isPartOf\":{\"@id\":\"https:\\\/\\\/www.precisionhcc.com\\\/#website\"},\"primaryImageOfPage\":{\"@id\":\"https:\\\/\\\/www.precisionhcc.com\\\/about-us\\\/awards\\\/long-island-business-news-2023-top-50-women-in-business-award\\\/#primaryimage\"},\"image\":{\"@id\":\"https:\\\/\\\/www.precisionhcc.com\\\/about-us\\\/awards\\\/long-island-business-news-2023-top-50-women-in-business-award\\\/#primaryimage\"},\"thumbnailUrl\":\"https:\\\/\\\/www.precisionhcc.com\\\/wp-content\\\/uploads\\\/2025\\\/01\\\/bow1.jpg\",\"datePublished\":\"2025-01-07T22:35:24+00:00\",\"dateModified\":\"2025-05-16T19:28:00+00:00\",\"description\":\"Precision CEO Vanessa Best Receives Long Island Business News 2023 Top 50 Women in Business AwardThe Long Island Business News Top 50 Women Award stands\",\"breadcrumb\":{\"@id\":\"https:\\\/\\\/www.precisionhcc.com\\\/about-us\\\/awards\\\/long-island-business-news-2023-top-50-women-in-business-award\\\/#breadcrumb\"},\"inLanguage\":\"es\",\"potentialAction\":[{\"@type\":\"ReadAction\",\"target\":[\"https:\\\/\\\/www.precisionhcc.com\\\/about-us\\\/awards\\\/long-island-business-news-2023-top-50-women-in-business-award\\\/\"]}]},{\"@type\":\"ImageObject\",\"inLanguage\":\"es\",\"@id\":\"https:\\\/\\\/www.precisionhcc.com\\\/about-us\\\/awards\\\/long-island-business-news-2023-top-50-women-in-business-award\\\/#primaryimage\",\"url\":\"https:\\\/\\\/www.precisionhcc.com\\\/wp-content\\\/uploads\\\/2025\\\/01\\\/bow1.jpg\",\"contentUrl\":\"https:\\\/\\\/www.precisionhcc.com\\\/wp-content\\\/uploads\\\/2025\\\/01\\\/bow1.jpg\"},{\"@type\":\"BreadcrumbList\",\"@id\":\"https:\\\/\\\/www.precisionhcc.com\\\/about-us\\\/awards\\\/long-island-business-news-2023-top-50-women-in-business-award\\\/#breadcrumb\",\"itemListElement\":[{\"@type\":\"ListItem\",\"position\":1,\"name\":\"Home\",\"item\":\"https:\\\/\\\/www.precisionhcc.com\\\/\"},{\"@type\":\"ListItem\",\"position\":2,\"name\":\"About Us\",\"item\":\"https:\\\/\\\/www.precisionhcc.com\\\/about-us\\\/\"},{\"@type\":\"ListItem\",\"position\":3,\"name\":\"Awards\",\"item\":\"https:\\\/\\\/www.precisionhcc.com\\\/about-us\\\/awards\\\/\"},{\"@type\":\"ListItem\",\"position\":4,\"name\":\"Long Island Business News 2023 Top 50 Women in Business Award\"}]},{\"@type\":\"WebSite\",\"@id\":\"https:\\\/\\\/www.precisionhcc.com\\\/#website\",\"url\":\"https:\\\/\\\/www.precisionhcc.com\\\/\",\"name\":\"Precision Healthcare Consultants\",\"description\":\"\",\"publisher\":{\"@id\":\"https:\\\/\\\/www.precisionhcc.com\\\/#organization\"},\"alternateName\":\"PHCC\",\"potentialAction\":[{\"@type\":\"SearchAction\",\"target\":{\"@type\":\"EntryPoint\",\"urlTemplate\":\"https:\\\/\\\/www.precisionhcc.com\\\/?s={search_term_string}\"},\"query-input\":{\"@type\":\"PropertyValueSpecification\",\"valueRequired\":true,\"valueName\":\"search_term_string\"}}],\"inLanguage\":\"es\"},{\"@type\":\"Organization\",\"@id\":\"https:\\\/\\\/www.precisionhcc.com\\\/#organization\",\"name\":\"Precision HealthCare Consultants\",\"url\":\"https:\\\/\\\/www.precisionhcc.com\\\/\",\"logo\":{\"@type\":\"ImageObject\",\"inLanguage\":\"es\",\"@id\":\"https:\\\/\\\/www.precisionhcc.com\\\/#\\\/schema\\\/logo\\\/image\\\/\",\"url\":\"https:\\\/\\\/www.precisionhcc.com\\\/wp-content\\\/uploads\\\/2020\\\/07\\\/Precision-logo.png\",\"contentUrl\":\"https:\\\/\\\/www.precisionhcc.com\\\/wp-content\\\/uploads\\\/2020\\\/07\\\/Precision-logo.png\",\"width\":656,\"height\":274,\"caption\":\"Precision HealthCare Consultants\"},\"image\":{\"@id\":\"https:\\\/\\\/www.precisionhcc.com\\\/#\\\/schema\\\/logo\\\/image\\\/\"},\"sameAs\":[\"https:\\\/\\\/www.facebook.com\\\/Precision-Healthcare-Consultants-166924926665497\\\/\",\"https:\\\/\\\/x.com\\\/precisionhcc\",\"https:\\\/\\\/www.linkedin.com\\\/in\\\/vanessa-best-ccs-p-cpc-ahima-icd-10-trainer-3bb948\",\"https:\\\/\\\/www.youtube.com\\\/channel\\\/UCZ6WKds91FdRPWEeGfwxv0A\"]}]}<\/script>\n<!-- \/ Yoast SEO plugin. -->","yoast_head_json":{"title":"Long Island Business News 2023 Top 50 Women in Business Award | Precision HealthCare Consultants","description":"Precision CEO Vanessa Best Receives Long Island Business News 2023 Top 50 Women in Business AwardThe Long Island Business News Top 50 Women Award stands","robots":{"index":"index","follow":"follow","max-snippet":"max-snippet:-1","max-image-preview":"max-image-preview:large","max-video-preview":"max-video-preview:-1"},"canonical":"https:\/\/www.precisionhcc.com\/es\/about-us\/awards\/long-island-business-news-2023-top-50-women-in-business-award\/","og_locale":"es_MX","og_type":"article","og_title":"Long Island Business News 2023 Top 50 Women in Business Award | Precision HealthCare Consultants","og_description":"Precision CEO Vanessa Best Receives Long Island Business News 2023 Top 50 Women in Business AwardThe Long Island Business News Top 50 Women Award stands","og_url":"https:\/\/www.precisionhcc.com\/es\/about-us\/awards\/long-island-business-news-2023-top-50-women-in-business-award\/","og_site_name":"Precision HealthCare Consultants","article_publisher":"https:\/\/www.facebook.com\/Precision-Healthcare-Consultants-166924926665497\/","article_modified_time":"2025-05-16T19:28:00+00:00","og_image":[{"url":"https:\/\/www.precisionhcc.com\/wp-content\/uploads\/2025\/01\/bow1.jpg","type":"","width":"","height":""}],"twitter_card":"summary_large_image","twitter_site":"@precisionhcc","twitter_misc":{"Est. reading time":"5 minutos"},"schema":{"@context":"https:\/\/schema.org","@graph":[{"@type":"WebPage","@id":"https:\/\/www.precisionhcc.com\/about-us\/awards\/long-island-business-news-2023-top-50-women-in-business-award\/","url":"https:\/\/www.precisionhcc.com\/about-us\/awards\/long-island-business-news-2023-top-50-women-in-business-award\/","name":"Long Island Business News 2023 Top 50 Women in Business Award | Precision HealthCare Consultants","isPartOf":{"@id":"https:\/\/www.precisionhcc.com\/#website"},"primaryImageOfPage":{"@id":"https:\/\/www.precisionhcc.com\/about-us\/awards\/long-island-business-news-2023-top-50-women-in-business-award\/#primaryimage"},"image":{"@id":"https:\/\/www.precisionhcc.com\/about-us\/awards\/long-island-business-news-2023-top-50-women-in-business-award\/#primaryimage"},"thumbnailUrl":"https:\/\/www.precisionhcc.com\/wp-content\/uploads\/2025\/01\/bow1.jpg","datePublished":"2025-01-07T22:35:24+00:00","dateModified":"2025-05-16T19:28:00+00:00","description":"Precision CEO Vanessa Best Receives Long Island Business News 2023 Top 50 Women in Business AwardThe Long Island Business News Top 50 Women Award stands","breadcrumb":{"@id":"https:\/\/www.precisionhcc.com\/about-us\/awards\/long-island-business-news-2023-top-50-women-in-business-award\/#breadcrumb"},"inLanguage":"es","potentialAction":[{"@type":"ReadAction","target":["https:\/\/www.precisionhcc.com\/about-us\/awards\/long-island-business-news-2023-top-50-women-in-business-award\/"]}]},{"@type":"ImageObject","inLanguage":"es","@id":"https:\/\/www.precisionhcc.com\/about-us\/awards\/long-island-business-news-2023-top-50-women-in-business-award\/#primaryimage","url":"https:\/\/www.precisionhcc.com\/wp-content\/uploads\/2025\/01\/bow1.jpg","contentUrl":"https:\/\/www.precisionhcc.com\/wp-content\/uploads\/2025\/01\/bow1.jpg"},{"@type":"BreadcrumbList","@id":"https:\/\/www.precisionhcc.com\/about-us\/awards\/long-island-business-news-2023-top-50-women-in-business-award\/#breadcrumb","itemListElement":[{"@type":"ListItem","position":1,"name":"Home","item":"https:\/\/www.precisionhcc.com\/"},{"@type":"ListItem","position":2,"name":"About Us","item":"https:\/\/www.precisionhcc.com\/about-us\/"},{"@type":"ListItem","position":3,"name":"Awards","item":"https:\/\/www.precisionhcc.com\/about-us\/awards\/"},{"@type":"ListItem","position":4,"name":"Long Island Business News 2023 Top 50 Women in Business Award"}]},{"@type":"WebSite","@id":"https:\/\/www.precisionhcc.com\/#website","url":"https:\/\/www.precisionhcc.com\/","name":"Precision Healthcare Consultants","description":"","publisher":{"@id":"https:\/\/www.precisionhcc.com\/#organization"},"alternateName":"PHCC","potentialAction":[{"@type":"SearchAction","target":{"@type":"EntryPoint","urlTemplate":"https:\/\/www.precisionhcc.com\/?s={search_term_string}"},"query-input":{"@type":"PropertyValueSpecification","valueRequired":true,"valueName":"search_term_string"}}],"inLanguage":"es"},{"@type":"Organization","@id":"https:\/\/www.precisionhcc.com\/#organization","name":"Precision HealthCare Consultants","url":"https:\/\/www.precisionhcc.com\/","logo":{"@type":"ImageObject","inLanguage":"es","@id":"https:\/\/www.precisionhcc.com\/#\/schema\/logo\/image\/","url":"https:\/\/www.precisionhcc.com\/wp-content\/uploads\/2020\/07\/Precision-logo.png","contentUrl":"https:\/\/www.precisionhcc.com\/wp-content\/uploads\/2020\/07\/Precision-logo.png","width":656,"height":274,"caption":"Precision HealthCare Consultants"},"image":{"@id":"https:\/\/www.precisionhcc.com\/#\/schema\/logo\/image\/"},"sameAs":["https:\/\/www.facebook.com\/Precision-Healthcare-Consultants-166924926665497\/","https:\/\/x.com\/precisionhcc","https:\/\/www.linkedin.com\/in\/vanessa-best-ccs-p-cpc-ahima-icd-10-trainer-3bb948","https:\/\/www.youtube.com\/channel\/UCZ6WKds91FdRPWEeGfwxv0A"]}]}},"_links":{"self":[{"href":"https:\/\/www.precisionhcc.com\/es\/wp-json\/wp\/v2\/pages\/4278","targetHints":{"allow":["GET"]}}],"collection":[{"href":"https:\/\/www.precisionhcc.com\/es\/wp-json\/wp\/v2\/pages"}],"about":[{"href":"https:\/\/www.precisionhcc.com\/es\/wp-json\/wp\/v2\/types\/page"}],"author":[{"embeddable":true,"href":"https:\/\/www.precisionhcc.com\/es\/wp-json\/wp\/v2\/users\/1236"}],"replies":[{"embeddable":true,"href":"https:\/\/www.precisionhcc.com\/es\/wp-json\/wp\/v2\/comments?post=4278"}],"version-history":[{"count":0,"href":"https:\/\/www.precisionhcc.com\/es\/wp-json\/wp\/v2\/pages\/4278\/revisions"}],"up":[{"embeddable":true,"href":"https:\/\/www.precisionhcc.com\/es\/wp-json\/wp\/v2\/pages\/3825"}],"wp:attachment":[{"href":"https:\/\/www.precisionhcc.com\/es\/wp-json\/wp\/v2\/media?parent=4278"}],"curies":[{"name":"wp","href":"https:\/\/api.w.org\/{rel}","templated":true}]}}