{"id":4388,"date":"2025-02-06T12:55:39","date_gmt":"2025-02-06T17:55:39","guid":{"rendered":"https:\/\/www.precisionhcc.com\/?page_id=4388"},"modified":"2025-05-16T15:09:23","modified_gmt":"2025-05-16T19:09:23","slug":"ranked-20-on-the-inc-5000-list-for-2024","status":"publish","type":"page","link":"https:\/\/www.precisionhcc.com\/es\/about-us\/awards\/ranked-20-on-the-inc-5000-list-for-2024\/","title":{"rendered":"Puesto #20 en la lista Inc. 5000 para 2024"},"content":{"rendered":"<div data-elementor-type=\"wp-page\" data-elementor-id=\"4388\" class=\"elementor elementor-4388\" data-elementor-post-type=\"page\">\n\t\t\t\t<div class=\"elementor-element elementor-element-58f49bc6 e-flex e-con-boxed e-con e-parent\" data-id=\"58f49bc6\" data-element_type=\"container\" data-e-type=\"container\" data-settings=\"{&quot;jet_parallax_layout_list&quot;:[]}\">\n\t\t\t\t\t<div class=\"e-con-inner\">\n\t\t<div class=\"elementor-element elementor-element-26f4df08 e-con-full e-flex e-con e-child\" data-id=\"26f4df08\" data-element_type=\"container\" data-e-type=\"container\" data-settings=\"{&quot;background_background&quot;:&quot;classic&quot;,&quot;jet_parallax_layout_list&quot;:[]}\">\n\t\t\t\t<div class=\"elementor-element elementor-element-4d2c169a elementor-widget elementor-widget-spacer\" data-id=\"4d2c169a\" data-element_type=\"widget\" data-e-type=\"widget\" data-widget_type=\"spacer.default\">\n\t\t\t\t<div class=\"elementor-widget-container\">\n\t\t\t\t\t\t\t<div class=\"elementor-spacer\">\n\t\t\t<div class=\"elementor-spacer-inner\"><\/div>\n\t\t<\/div>\n\t\t\t\t\t\t<\/div>\n\t\t\t\t<\/div>\n\t\t\t\t<div class=\"elementor-element elementor-element-73762c41 elementor-invisible elementor-widget elementor-widget-heading\" data-id=\"73762c41\" data-element_type=\"widget\" data-e-type=\"widget\" data-settings=\"{&quot;_animation&quot;:&quot;fadeInDown&quot;}\" data-widget_type=\"heading.default\">\n\t\t\t\t<div class=\"elementor-widget-container\">\n\t\t\t\t\t<h1 class=\"elementor-heading-title elementor-size-default\">Puesto #20 en la lista Inc. 5000 para 2024<\/h1>\t\t\t\t<\/div>\n\t\t\t\t<\/div>\n\t\t\t\t<div class=\"elementor-element elementor-element-4f02da34 elementor-widget elementor-widget-spacer\" data-id=\"4f02da34\" data-element_type=\"widget\" data-e-type=\"widget\" data-widget_type=\"spacer.default\">\n\t\t\t\t<div class=\"elementor-widget-container\">\n\t\t\t\t\t\t\t<div class=\"elementor-spacer\">\n\t\t\t<div class=\"elementor-spacer-inner\"><\/div>\n\t\t<\/div>\n\t\t\t\t\t\t<\/div>\n\t\t\t\t<\/div>\n\t\t\t\t<\/div>\n\t\t\t\t\t<\/div>\n\t\t\t\t<\/div>\n\t\t<div class=\"elementor-element elementor-element-1782a241 e-flex e-con-boxed e-con e-parent\" data-id=\"1782a241\" data-element_type=\"container\" data-e-type=\"container\" data-settings=\"{&quot;jet_parallax_layout_list&quot;:[]}\">\n\t\t\t\t\t<div class=\"e-con-inner\">\n\t\t<div class=\"elementor-element elementor-element-663e88d3 e-con-full e-flex e-con e-child\" data-id=\"663e88d3\" data-element_type=\"container\" data-e-type=\"container\" data-settings=\"{&quot;background_background&quot;:&quot;classic&quot;,&quot;jet_parallax_layout_list&quot;:[]}\">\n\t\t\t\t<div class=\"elementor-element elementor-element-51f8ba84 elementor-widget elementor-widget-text-editor\" data-id=\"51f8ba84\" data-element_type=\"widget\" data-e-type=\"widget\" data-widget_type=\"text-editor.default\">\n\t\t\t\t<div class=\"elementor-widget-container\">\n\t\t\t\t\t\t\t\t\t<h2 style=\"text-align: center;\">Puesto #20 en la lista Inc. 5000 para 2024 Servicios gubernamentales<\/h2><p><strong>Las empresas de esta lista registraron una tasa media de crecimiento de 208%, con m\u00e1s de 875.000 puestos de trabajo a\u00f1adidos al sector.\u00a0<\/strong>En Precision Healthcare, nos sentimos incre\u00edblemente honrados de anunciar que hemos sido clasificados #20 en la lista 2024 Inc. 5000, un prestigioso reconocimiento a las empresas privadas de m\u00e1s r\u00e1pido crecimiento en Estados Unidos. Nuestra impresionante tasa de crecimiento en los \u00faltimos tres a\u00f1os subraya nuestro compromiso inquebrantable con la innovaci\u00f3n, un servicio excepcional y la b\u00fasqueda incesante de la excelencia en el sector de la comunicaci\u00f3n sanitaria.<\/p><p><img fetchpriority=\"high\" decoding=\"async\" class=\"alignright\" style=\"aspect-ratio: auto 501 \/ 435;\" title=\"premios_0000_Capa-1\" src=\"https:\/\/www.precisionhcc.com\/wp-content\/uploads\/2025\/02\/awards_0000_Layer-1.png\" alt=\"\" width=\"312\" height=\"271\" data-id=\"4393\" data-init-width=\"501\" data-init-height=\"435\" data-width=\"312\" data-height=\"271\" \/><\/p><p><strong><strong>\u00bfQu\u00e9 es el Inc. 5000?\u00a0<\/strong><\/strong>El Inc. 5000 es una clasificaci\u00f3n anual de las 5.000 empresas privadas de m\u00e1s r\u00e1pido crecimiento en Estados Unidos publicada por la revista Inc. Las empresas que aparecen en esta lista son reconocidas por su importante crecimiento de ingresos durante un periodo de tres a\u00f1os y por demostrar un liderazgo, innovaci\u00f3n y resistencia notables en sus sectores. Aparecer en la lista Inc. 5000 no es s\u00f3lo un premio; es un s\u00edmbolo de trabajo duro, dedicaci\u00f3n y capacidad para prosperar en un mercado competitivo.<\/p><p><strong><strong><strong>Por qu\u00e9 es importante para la asistencia sanitaria de precisi\u00f3n<\/strong><\/strong><\/strong><\/p><p>Conseguir el puesto #20 en la lista Inc. 5000 2024 es m\u00e1s que un hito: es una validaci\u00f3n de nuestra visi\u00f3n y misi\u00f3n de transformar la comunicaci\u00f3n en la atenci\u00f3n sanitaria. Esta clasificaci\u00f3n refleja la confianza que nuestros clientes depositan en nosotros, la solidez de nuestras alianzas y la pasi\u00f3n de nuestro equipo. Pone de manifiesto nuestra capacidad para escalar y adaptarnos a un sector en constante evoluci\u00f3n, garantizando que seguimos prestando servicios de primer nivel que satisfacen y superan las necesidades de nuestros clientes.<\/p><p><img decoding=\"async\" class=\"alignleft\" style=\"aspect-ratio: auto 800 \/ 800;\" title=\"Vanessa Best Perfil Inc 5000\" src=\"https:\/\/www.precisionhcc.com\/wp-content\/uploads\/2025\/01\/Vanessa-Best-Profile-Inc-5000.png\" alt=\"\" width=\"245\" height=\"245\" data-id=\"3815\" data-init-width=\"800\" data-init-height=\"800\" data-width=\"245\" data-height=\"245\" \/><\/p><p><strong><strong><strong>Nuestro viaje de crecimiento<\/strong><\/strong><\/strong><\/p><p>Desde nuestros inicios, Precision Healthcare se ha dedicado a ofrecer soluciones de comunicaci\u00f3n de vanguardia que mejoran los resultados tanto para los pacientes como para los profesionales sanitarios. Nuestro camino hacia la lista Inc. 5000 ha estado impulsado por la innovaci\u00f3n, un profundo conocimiento de las necesidades de nuestros clientes y el compromiso de fomentar una cultura de excelencia.<\/p><p><strong>\u00bfY ahora qu\u00e9?<\/strong>Mientras celebramos este logro, seguimos centrados en el futuro. Estamos entusiasmados por continuar nuestra trayectoria de crecimiento, explorar nuevas oportunidades, ampliar nuestros servicios y reforzar nuestro impacto en el sector sanitario. Esto no ha hecho m\u00e1s que empezar y estamos impacientes por ver ad\u00f3nde nos llevar\u00e1 el pr\u00f3ximo cap\u00edtulo de nuestro viaje.<\/p><h2 style=\"text-align: center;\">Acomp\u00e1\u00f1enos en nuestro viaje<\/h2><p>Le invitamos a contribuir a nuestro \u00e9xito continuado. Tanto si es un cliente actual, un socio o alguien interesado en saber m\u00e1s sobre nuestro trabajo, estamos encantados de compartir nuestra historia. Juntos, podemos lograr hitos a\u00fan m\u00e1s significativos.<\/p><p>Contacto: Para m\u00e1s informaci\u00f3n sobre Precision HealthCare, p\u00f3ngase en contacto con Lisa Hunt en <strong>(516) 771-7554<\/strong> o por correo electr\u00f3nico a <a href=\"mailto:Lisa.Hunt@precisionhcc.com\" target=\"_blank\" rel=\"noopener\">Lisa.Hunt@precisionhcc.com<\/a><\/p>\t\t\t\t\t\t\t\t<\/div>\n\t\t\t\t<\/div>\n\t\t\t\t<\/div>\n\t\t\t\t\t<\/div>\n\t\t\t\t<\/div>\n\t\t<div class=\"elementor-element elementor-element-60c10813 e-flex e-con-boxed e-con e-parent\" data-id=\"60c10813\" data-element_type=\"container\" data-e-type=\"container\" data-settings=\"{&quot;jet_parallax_layout_list&quot;:[]}\">\n\t\t\t\t\t<div class=\"e-con-inner\">\n\t\t\t\t<div class=\"elementor-element elementor-element-38627c07 elementor-align-center elementor-widget elementor-widget-button\" data-id=\"38627c07\" data-element_type=\"widget\" data-e-type=\"widget\" data-widget_type=\"button.default\">\n\t\t\t\t<div class=\"elementor-widget-container\">\n\t\t\t\t\t\t\t\t\t<div class=\"elementor-button-wrapper\">\n\t\t\t\t\t<a class=\"elementor-button elementor-button-link elementor-size-sm\" href=\"https:\/\/www.precisionhcc.com\/es\/about-us\/awards\/\">\n\t\t\t\t\t\t<span class=\"elementor-button-content-wrapper\">\n\t\t\t\t\t\t<span class=\"elementor-button-icon\">\n\t\t\t\t<i aria-hidden=\"true\" class=\"fas fa-arrow-alt-circle-left\"><\/i>\t\t\t<\/span>\n\t\t\t\t\t\t\t\t\t<span class=\"elementor-button-text\">VOLVER A PREMIOS<\/span>\n\t\t\t\t\t<\/span>\n\t\t\t\t\t<\/a>\n\t\t\t\t<\/div>\n\t\t\t\t\t\t\t\t<\/div>\n\t\t\t\t<\/div>\n\t\t\t\t\t<\/div>\n\t\t\t\t<\/div>\n\t\t<div class=\"elementor-element elementor-element-21dbe940 e-flex e-con-boxed e-con e-parent\" data-id=\"21dbe940\" data-element_type=\"container\" data-e-type=\"container\" data-settings=\"{&quot;jet_parallax_layout_list&quot;:[]}\">\n\t\t\t\t\t<div class=\"e-con-inner\">\n\t\t\t\t\t<\/div>\n\t\t\t\t<\/div>\n\t\t\t\t<\/div>","protected":false},"excerpt":{"rendered":"<p>Ranked #20 on the Inc. 5000 List for 2024 Government Services Companies on this list had a median growth rate of 208%, with over 875,000 jobs added to the industry.\u00a0At Precision Healthcare, we are incredibly honored to announce that we have been ranked #20 on the 2024 Inc. 5000 list\u2014a prestigious recognition celebrating the fastest-growing [&hellip;]<\/p>\n","protected":false},"author":1236,"featured_media":0,"parent":3825,"menu_order":0,"comment_status":"closed","ping_status":"closed","template":"elementor_header_footer","meta":{"footnotes":""},"class_list":["post-4388","page","type-page","status-publish","hentry"],"yoast_head":"<!-- This site is optimized with the Yoast SEO plugin v27.3 - https:\/\/yoast.com\/product\/yoast-seo-wordpress\/ -->\n<title>Ranked #20 on the Inc. 5000 List for 2024 | Precision HealthCare Consultants<\/title>\n<meta name=\"description\" content=\"Ranked #20 on the Inc. 5000 List for 2024 Government ServicesCompanies on this list had a median growth rate of 208%, with over 875,000 jobs added to the\" \/>\n<meta name=\"robots\" content=\"index, follow, max-snippet:-1, max-image-preview:large, max-video-preview:-1\" \/>\n<link rel=\"canonical\" href=\"https:\/\/www.precisionhcc.com\/es\/about-us\/awards\/ranked-20-on-the-inc-5000-list-for-2024\/\" \/>\n<meta property=\"og:locale\" content=\"es_MX\" \/>\n<meta property=\"og:type\" content=\"article\" \/>\n<meta property=\"og:title\" content=\"Ranked #20 on the Inc. 5000 List for 2024 | Precision HealthCare Consultants\" \/>\n<meta property=\"og:description\" content=\"Ranked #20 on the Inc. 5000 List for 2024 Government ServicesCompanies on this list had a median growth rate of 208%, with over 875,000 jobs added to the\" \/>\n<meta property=\"og:url\" content=\"https:\/\/www.precisionhcc.com\/es\/about-us\/awards\/ranked-20-on-the-inc-5000-list-for-2024\/\" \/>\n<meta property=\"og:site_name\" content=\"Precision HealthCare Consultants\" \/>\n<meta property=\"article:publisher\" content=\"https:\/\/www.facebook.com\/Precision-Healthcare-Consultants-166924926665497\/\" \/>\n<meta property=\"article:modified_time\" content=\"2025-05-16T19:09:23+00:00\" \/>\n<meta property=\"og:image\" content=\"https:\/\/www.precisionhcc.com\/wp-content\/uploads\/2025\/02\/awards_0000_Layer-1.png\" \/>\n<meta name=\"twitter:card\" content=\"summary_large_image\" \/>\n<meta name=\"twitter:site\" content=\"@precisionhcc\" \/>\n<meta name=\"twitter:label1\" content=\"Est. reading time\" \/>\n\t<meta name=\"twitter:data1\" content=\"3 minutos\" \/>\n<script type=\"application\/ld+json\" class=\"yoast-schema-graph\">{\"@context\":\"https:\\\/\\\/schema.org\",\"@graph\":[{\"@type\":\"WebPage\",\"@id\":\"https:\\\/\\\/www.precisionhcc.com\\\/about-us\\\/awards\\\/ranked-20-on-the-inc-5000-list-for-2024\\\/\",\"url\":\"https:\\\/\\\/www.precisionhcc.com\\\/about-us\\\/awards\\\/ranked-20-on-the-inc-5000-list-for-2024\\\/\",\"name\":\"Ranked #20 on the Inc. 5000 List for 2024 | Precision HealthCare Consultants\",\"isPartOf\":{\"@id\":\"https:\\\/\\\/www.precisionhcc.com\\\/#website\"},\"primaryImageOfPage\":{\"@id\":\"https:\\\/\\\/www.precisionhcc.com\\\/about-us\\\/awards\\\/ranked-20-on-the-inc-5000-list-for-2024\\\/#primaryimage\"},\"image\":{\"@id\":\"https:\\\/\\\/www.precisionhcc.com\\\/about-us\\\/awards\\\/ranked-20-on-the-inc-5000-list-for-2024\\\/#primaryimage\"},\"thumbnailUrl\":\"https:\\\/\\\/www.precisionhcc.com\\\/wp-content\\\/uploads\\\/2025\\\/02\\\/awards_0000_Layer-1.png\",\"datePublished\":\"2025-02-06T17:55:39+00:00\",\"dateModified\":\"2025-05-16T19:09:23+00:00\",\"description\":\"Ranked #20 on the Inc. 5000 List for 2024 Government ServicesCompanies on this list had a median growth rate of 208%, with over 875,000 jobs added to the\",\"breadcrumb\":{\"@id\":\"https:\\\/\\\/www.precisionhcc.com\\\/about-us\\\/awards\\\/ranked-20-on-the-inc-5000-list-for-2024\\\/#breadcrumb\"},\"inLanguage\":\"es\",\"potentialAction\":[{\"@type\":\"ReadAction\",\"target\":[\"https:\\\/\\\/www.precisionhcc.com\\\/about-us\\\/awards\\\/ranked-20-on-the-inc-5000-list-for-2024\\\/\"]}]},{\"@type\":\"ImageObject\",\"inLanguage\":\"es\",\"@id\":\"https:\\\/\\\/www.precisionhcc.com\\\/about-us\\\/awards\\\/ranked-20-on-the-inc-5000-list-for-2024\\\/#primaryimage\",\"url\":\"https:\\\/\\\/www.precisionhcc.com\\\/wp-content\\\/uploads\\\/2025\\\/02\\\/awards_0000_Layer-1.png\",\"contentUrl\":\"https:\\\/\\\/www.precisionhcc.com\\\/wp-content\\\/uploads\\\/2025\\\/02\\\/awards_0000_Layer-1.png\"},{\"@type\":\"BreadcrumbList\",\"@id\":\"https:\\\/\\\/www.precisionhcc.com\\\/about-us\\\/awards\\\/ranked-20-on-the-inc-5000-list-for-2024\\\/#breadcrumb\",\"itemListElement\":[{\"@type\":\"ListItem\",\"position\":1,\"name\":\"Home\",\"item\":\"https:\\\/\\\/www.precisionhcc.com\\\/\"},{\"@type\":\"ListItem\",\"position\":2,\"name\":\"About Us\",\"item\":\"https:\\\/\\\/www.precisionhcc.com\\\/about-us\\\/\"},{\"@type\":\"ListItem\",\"position\":3,\"name\":\"Awards\",\"item\":\"https:\\\/\\\/www.precisionhcc.com\\\/about-us\\\/awards\\\/\"},{\"@type\":\"ListItem\",\"position\":4,\"name\":\"Ranked #20 on the Inc. 5000 List for 2024\"}]},{\"@type\":\"WebSite\",\"@id\":\"https:\\\/\\\/www.precisionhcc.com\\\/#website\",\"url\":\"https:\\\/\\\/www.precisionhcc.com\\\/\",\"name\":\"Precision Healthcare Consultants\",\"description\":\"\",\"publisher\":{\"@id\":\"https:\\\/\\\/www.precisionhcc.com\\\/#organization\"},\"alternateName\":\"PHCC\",\"potentialAction\":[{\"@type\":\"SearchAction\",\"target\":{\"@type\":\"EntryPoint\",\"urlTemplate\":\"https:\\\/\\\/www.precisionhcc.com\\\/?s={search_term_string}\"},\"query-input\":{\"@type\":\"PropertyValueSpecification\",\"valueRequired\":true,\"valueName\":\"search_term_string\"}}],\"inLanguage\":\"es\"},{\"@type\":\"Organization\",\"@id\":\"https:\\\/\\\/www.precisionhcc.com\\\/#organization\",\"name\":\"Precision HealthCare Consultants\",\"url\":\"https:\\\/\\\/www.precisionhcc.com\\\/\",\"logo\":{\"@type\":\"ImageObject\",\"inLanguage\":\"es\",\"@id\":\"https:\\\/\\\/www.precisionhcc.com\\\/#\\\/schema\\\/logo\\\/image\\\/\",\"url\":\"https:\\\/\\\/www.precisionhcc.com\\\/wp-content\\\/uploads\\\/2020\\\/07\\\/Precision-logo.png\",\"contentUrl\":\"https:\\\/\\\/www.precisionhcc.com\\\/wp-content\\\/uploads\\\/2020\\\/07\\\/Precision-logo.png\",\"width\":656,\"height\":274,\"caption\":\"Precision HealthCare Consultants\"},\"image\":{\"@id\":\"https:\\\/\\\/www.precisionhcc.com\\\/#\\\/schema\\\/logo\\\/image\\\/\"},\"sameAs\":[\"https:\\\/\\\/www.facebook.com\\\/Precision-Healthcare-Consultants-166924926665497\\\/\",\"https:\\\/\\\/x.com\\\/precisionhcc\",\"https:\\\/\\\/www.linkedin.com\\\/in\\\/vanessa-best-ccs-p-cpc-ahima-icd-10-trainer-3bb948\",\"https:\\\/\\\/www.youtube.com\\\/channel\\\/UCZ6WKds91FdRPWEeGfwxv0A\"]}]}<\/script>\n<!-- \/ Yoast SEO plugin. -->","yoast_head_json":{"title":"Ranked #20 on the Inc. 5000 List for 2024 | Precision HealthCare Consultants","description":"Ranked #20 on the Inc. 5000 List for 2024 Government ServicesCompanies on this list had a median growth rate of 208%, with over 875,000 jobs added to the","robots":{"index":"index","follow":"follow","max-snippet":"max-snippet:-1","max-image-preview":"max-image-preview:large","max-video-preview":"max-video-preview:-1"},"canonical":"https:\/\/www.precisionhcc.com\/es\/about-us\/awards\/ranked-20-on-the-inc-5000-list-for-2024\/","og_locale":"es_MX","og_type":"article","og_title":"Ranked #20 on the Inc. 5000 List for 2024 | Precision HealthCare Consultants","og_description":"Ranked #20 on the Inc. 5000 List for 2024 Government ServicesCompanies on this list had a median growth rate of 208%, with over 875,000 jobs added to the","og_url":"https:\/\/www.precisionhcc.com\/es\/about-us\/awards\/ranked-20-on-the-inc-5000-list-for-2024\/","og_site_name":"Precision HealthCare Consultants","article_publisher":"https:\/\/www.facebook.com\/Precision-Healthcare-Consultants-166924926665497\/","article_modified_time":"2025-05-16T19:09:23+00:00","og_image":[{"url":"https:\/\/www.precisionhcc.com\/wp-content\/uploads\/2025\/02\/awards_0000_Layer-1.png","type":"","width":"","height":""}],"twitter_card":"summary_large_image","twitter_site":"@precisionhcc","twitter_misc":{"Est. reading time":"3 minutos"},"schema":{"@context":"https:\/\/schema.org","@graph":[{"@type":"WebPage","@id":"https:\/\/www.precisionhcc.com\/about-us\/awards\/ranked-20-on-the-inc-5000-list-for-2024\/","url":"https:\/\/www.precisionhcc.com\/about-us\/awards\/ranked-20-on-the-inc-5000-list-for-2024\/","name":"Ranked #20 on the Inc. 5000 List for 2024 | Precision HealthCare Consultants","isPartOf":{"@id":"https:\/\/www.precisionhcc.com\/#website"},"primaryImageOfPage":{"@id":"https:\/\/www.precisionhcc.com\/about-us\/awards\/ranked-20-on-the-inc-5000-list-for-2024\/#primaryimage"},"image":{"@id":"https:\/\/www.precisionhcc.com\/about-us\/awards\/ranked-20-on-the-inc-5000-list-for-2024\/#primaryimage"},"thumbnailUrl":"https:\/\/www.precisionhcc.com\/wp-content\/uploads\/2025\/02\/awards_0000_Layer-1.png","datePublished":"2025-02-06T17:55:39+00:00","dateModified":"2025-05-16T19:09:23+00:00","description":"Ranked #20 on the Inc. 5000 List for 2024 Government ServicesCompanies on this list had a median growth rate of 208%, with over 875,000 jobs added to the","breadcrumb":{"@id":"https:\/\/www.precisionhcc.com\/about-us\/awards\/ranked-20-on-the-inc-5000-list-for-2024\/#breadcrumb"},"inLanguage":"es","potentialAction":[{"@type":"ReadAction","target":["https:\/\/www.precisionhcc.com\/about-us\/awards\/ranked-20-on-the-inc-5000-list-for-2024\/"]}]},{"@type":"ImageObject","inLanguage":"es","@id":"https:\/\/www.precisionhcc.com\/about-us\/awards\/ranked-20-on-the-inc-5000-list-for-2024\/#primaryimage","url":"https:\/\/www.precisionhcc.com\/wp-content\/uploads\/2025\/02\/awards_0000_Layer-1.png","contentUrl":"https:\/\/www.precisionhcc.com\/wp-content\/uploads\/2025\/02\/awards_0000_Layer-1.png"},{"@type":"BreadcrumbList","@id":"https:\/\/www.precisionhcc.com\/about-us\/awards\/ranked-20-on-the-inc-5000-list-for-2024\/#breadcrumb","itemListElement":[{"@type":"ListItem","position":1,"name":"Home","item":"https:\/\/www.precisionhcc.com\/"},{"@type":"ListItem","position":2,"name":"About Us","item":"https:\/\/www.precisionhcc.com\/about-us\/"},{"@type":"ListItem","position":3,"name":"Awards","item":"https:\/\/www.precisionhcc.com\/about-us\/awards\/"},{"@type":"ListItem","position":4,"name":"Ranked #20 on the Inc. 5000 List for 2024"}]},{"@type":"WebSite","@id":"https:\/\/www.precisionhcc.com\/#website","url":"https:\/\/www.precisionhcc.com\/","name":"Precision Healthcare Consultants","description":"","publisher":{"@id":"https:\/\/www.precisionhcc.com\/#organization"},"alternateName":"PHCC","potentialAction":[{"@type":"SearchAction","target":{"@type":"EntryPoint","urlTemplate":"https:\/\/www.precisionhcc.com\/?s={search_term_string}"},"query-input":{"@type":"PropertyValueSpecification","valueRequired":true,"valueName":"search_term_string"}}],"inLanguage":"es"},{"@type":"Organization","@id":"https:\/\/www.precisionhcc.com\/#organization","name":"Precision HealthCare Consultants","url":"https:\/\/www.precisionhcc.com\/","logo":{"@type":"ImageObject","inLanguage":"es","@id":"https:\/\/www.precisionhcc.com\/#\/schema\/logo\/image\/","url":"https:\/\/www.precisionhcc.com\/wp-content\/uploads\/2020\/07\/Precision-logo.png","contentUrl":"https:\/\/www.precisionhcc.com\/wp-content\/uploads\/2020\/07\/Precision-logo.png","width":656,"height":274,"caption":"Precision HealthCare Consultants"},"image":{"@id":"https:\/\/www.precisionhcc.com\/#\/schema\/logo\/image\/"},"sameAs":["https:\/\/www.facebook.com\/Precision-Healthcare-Consultants-166924926665497\/","https:\/\/x.com\/precisionhcc","https:\/\/www.linkedin.com\/in\/vanessa-best-ccs-p-cpc-ahima-icd-10-trainer-3bb948","https:\/\/www.youtube.com\/channel\/UCZ6WKds91FdRPWEeGfwxv0A"]}]}},"_links":{"self":[{"href":"https:\/\/www.precisionhcc.com\/es\/wp-json\/wp\/v2\/pages\/4388","targetHints":{"allow":["GET"]}}],"collection":[{"href":"https:\/\/www.precisionhcc.com\/es\/wp-json\/wp\/v2\/pages"}],"about":[{"href":"https:\/\/www.precisionhcc.com\/es\/wp-json\/wp\/v2\/types\/page"}],"author":[{"embeddable":true,"href":"https:\/\/www.precisionhcc.com\/es\/wp-json\/wp\/v2\/users\/1236"}],"replies":[{"embeddable":true,"href":"https:\/\/www.precisionhcc.com\/es\/wp-json\/wp\/v2\/comments?post=4388"}],"version-history":[{"count":0,"href":"https:\/\/www.precisionhcc.com\/es\/wp-json\/wp\/v2\/pages\/4388\/revisions"}],"up":[{"embeddable":true,"href":"https:\/\/www.precisionhcc.com\/es\/wp-json\/wp\/v2\/pages\/3825"}],"wp:attachment":[{"href":"https:\/\/www.precisionhcc.com\/es\/wp-json\/wp\/v2\/media?parent=4388"}],"curies":[{"name":"wp","href":"https:\/\/api.w.org\/{rel}","templated":true}]}}