{"id":4390,"date":"2025-02-06T13:13:19","date_gmt":"2025-02-06T18:13:19","guid":{"rendered":"https:\/\/www.precisionhcc.com\/?page_id=4390"},"modified":"2025-05-16T15:23:06","modified_gmt":"2025-05-16T19:23:06","slug":"2025-enterprising-women-of-the-year-award","status":"publish","type":"page","link":"https:\/\/www.precisionhcc.com\/es\/about-us\/awards\/2025-enterprising-women-of-the-year-award\/","title":{"rendered":"Premio a la Mujer Emprendedora del A\u00f1o 2025"},"content":{"rendered":"<div data-elementor-type=\"wp-page\" data-elementor-id=\"4390\" class=\"elementor elementor-4390\" data-elementor-post-type=\"page\">\n\t\t\t\t<div class=\"elementor-element elementor-element-34ac944 e-flex e-con-boxed e-con e-parent\" data-id=\"34ac944\" data-element_type=\"container\" data-e-type=\"container\" data-settings=\"{&quot;jet_parallax_layout_list&quot;:[]}\">\n\t\t\t\t\t<div class=\"e-con-inner\">\n\t\t<div class=\"elementor-element elementor-element-2837db7 e-con-full e-flex e-con e-child\" data-id=\"2837db7\" data-element_type=\"container\" data-e-type=\"container\" data-settings=\"{&quot;background_background&quot;:&quot;classic&quot;,&quot;jet_parallax_layout_list&quot;:[]}\">\n\t\t\t\t<div class=\"elementor-element elementor-element-7a95f8f elementor-widget elementor-widget-spacer\" data-id=\"7a95f8f\" data-element_type=\"widget\" data-e-type=\"widget\" data-widget_type=\"spacer.default\">\n\t\t\t\t<div class=\"elementor-widget-container\">\n\t\t\t\t\t\t\t<div class=\"elementor-spacer\">\n\t\t\t<div class=\"elementor-spacer-inner\"><\/div>\n\t\t<\/div>\n\t\t\t\t\t\t<\/div>\n\t\t\t\t<\/div>\n\t\t\t\t<div class=\"elementor-element elementor-element-9fd4847 elementor-invisible elementor-widget elementor-widget-heading\" data-id=\"9fd4847\" data-element_type=\"widget\" data-e-type=\"widget\" data-settings=\"{&quot;_animation&quot;:&quot;fadeInDown&quot;}\" data-widget_type=\"heading.default\">\n\t\t\t\t<div class=\"elementor-widget-container\">\n\t\t\t\t\t<h1 class=\"elementor-heading-title elementor-size-default\">Premio a la Mujer Emprendedora del A\u00f1o 2025<\/h1>\t\t\t\t<\/div>\n\t\t\t\t<\/div>\n\t\t\t\t<div class=\"elementor-element elementor-element-aae178b elementor-widget elementor-widget-spacer\" data-id=\"aae178b\" data-element_type=\"widget\" data-e-type=\"widget\" data-widget_type=\"spacer.default\">\n\t\t\t\t<div class=\"elementor-widget-container\">\n\t\t\t\t\t\t\t<div class=\"elementor-spacer\">\n\t\t\t<div class=\"elementor-spacer-inner\"><\/div>\n\t\t<\/div>\n\t\t\t\t\t\t<\/div>\n\t\t\t\t<\/div>\n\t\t\t\t<\/div>\n\t\t\t\t\t<\/div>\n\t\t\t\t<\/div>\n\t\t<div class=\"elementor-element elementor-element-bdce291 e-flex e-con-boxed e-con e-parent\" data-id=\"bdce291\" data-element_type=\"container\" data-e-type=\"container\" data-settings=\"{&quot;jet_parallax_layout_list&quot;:[]}\">\n\t\t\t\t\t<div class=\"e-con-inner\">\n\t\t<div class=\"elementor-element elementor-element-239e3a0 e-con-full e-flex e-con e-child\" data-id=\"239e3a0\" data-element_type=\"container\" data-e-type=\"container\" data-settings=\"{&quot;background_background&quot;:&quot;classic&quot;,&quot;jet_parallax_layout_list&quot;:[]}\">\n\t\t\t\t<div class=\"elementor-element elementor-element-7a67a0c8 elementor-widget elementor-widget-text-editor\" data-id=\"7a67a0c8\" data-element_type=\"widget\" data-e-type=\"widget\" data-widget_type=\"text-editor.default\">\n\t\t\t\t<div class=\"elementor-widget-container\">\n\t\t\t\t\t\t\t\t\t<h4 style=\"text-align: center;\"><strong>La revista Enterprising Women anuncia su prestigioso programa de premios y presenta la lista de galardonadas<\/strong><\/h4><p><strong>CARY, NC:\u00a0<\/strong>Monica Smiley, editora y consejera delegada de la revista Enterprising Women, ha anunciado las ganadoras y finalistas (campeonas) de los Premios a las Mujeres Emprendedoras del A\u00f1o 2025, un homenaje anual a las mejores empresarias del mundo. Tanto las ganadoras del Premio a la Mujer Emprendedora del A\u00f1o como las Campeonas del Premio a la Mujer Emprendedora del A\u00f1o ser\u00e1n reconocidas en la 23\u00aa Celebraci\u00f3n y Conferencia Anual de los Premios a la Mujer Emprendedora del A\u00f1o, que tendr\u00e1 lugar del jueves 27 al s\u00e1bado 29 de marzo. La conferencia tambi\u00e9n marcar\u00e1 el 25 aniversario de la revista Enterprising Women. Los Premios a la Mujer Emprendedora del A\u00f1o est\u00e1n ampliamente considerados como uno de los programas de reconocimiento m\u00e1s prestigiosos para mujeres empresarias. Para ganar, las candidatas deben demostrar que tienen empresas de r\u00e1pido crecimiento, que act\u00faan como mentoras o apoyan activamente a otras mujeres y ni\u00f1as dedicadas al mundo empresarial y que destacan como l\u00edderes en sus comunidades. Muchas de las galardonadas tambi\u00e9n son l\u00edderes de organizaciones clave que apoyan el crecimiento del esp\u00edritu empresarial de las mujeres.Las galardonadas de este a\u00f1o han sido reconocidas en siete categor\u00edas: ingresos anuales por ventas superiores a $100 millones; ingresos anuales por ventas superiores a $25 millones y hasta $100 millones; ingresos anuales por ventas superiores a $10 millones y hasta $25 millones; ingresos anuales por ventas superiores a $5 millones e inferiores o iguales a $10 millones; ingresos anuales por ventas superiores a $2 millones e inferiores o iguales a $5 millones; ingresos anuales por ventas superiores a $1 mill\u00f3n e inferiores o iguales a $2 millones; e ingresos anuales por ventas inferiores o iguales a $1 mill\u00f3n.En la categor\u00eda Campeona est\u00e1n representados todos los niveles de ingresos. Mientras que las ganadoras del Premio a la Mujer Emprendedora del A\u00f1o lo reciben una vez en la vida y no pueden volver a presentarse en a\u00f1os futuros, las Campeonas pueden volver a presentarse para obtener la designaci\u00f3n de Ganadora del Premio a la Mujer Emprendedora del A\u00f1o.<\/p><p><strong>Detalles:<\/strong>Si desea m\u00e1s informaci\u00f3n o inscribirse para asistir a la <strong>Celebraci\u00f3n y conferencia de los Premios a las Mujeres Emprendedoras del A\u00f1o 2025<\/strong>Visite <a href=\"https:\/\/enterprisingwomen.com\" target=\"_blank\" rel=\"noopener\">https:\/\/enterprisingwomen.com<\/a>.<\/p><p><strong>\u00bfY ahora qu\u00e9?<\/strong>Mientras celebramos este logro, seguimos centrados en el futuro. Estamos entusiasmados por continuar nuestra trayectoria de crecimiento, explorar nuevas oportunidades, ampliar nuestros servicios y reforzar nuestro impacto en el sector sanitario. Esto no ha hecho m\u00e1s que empezar y estamos impacientes por ver ad\u00f3nde nos llevar\u00e1 el pr\u00f3ximo cap\u00edtulo de nuestro viaje.<\/p><h2 style=\"text-align: center;\">Acomp\u00e1\u00f1enos en nuestro viaje<\/h2><p>Le invitamos a contribuir a nuestro \u00e9xito continuado. Tanto si es un cliente actual, un socio o alguien interesado en saber m\u00e1s sobre nuestro trabajo, estamos encantados de compartir nuestra historia. Juntos, podemos lograr hitos a\u00fan m\u00e1s significativos.<\/p><p>Contacto: Para m\u00e1s informaci\u00f3n sobre Precision HealthCare, p\u00f3ngase en contacto con Lisa Hunt en <strong>(516) 771-7554<\/strong> o por correo electr\u00f3nico a <a href=\"mailto:Lisa.Hunt@precisionhcc.com\" target=\"_blank\" rel=\"noopener\">Lisa.Hunt@precisionhcc.com<\/a><\/p>\t\t\t\t\t\t\t\t<\/div>\n\t\t\t\t<\/div>\n\t\t\t\t<\/div>\n\t\t\t\t\t<\/div>\n\t\t\t\t<\/div>\n\t\t<div class=\"elementor-element elementor-element-73cc1419 e-flex e-con-boxed e-con e-parent\" data-id=\"73cc1419\" data-element_type=\"container\" data-e-type=\"container\" data-settings=\"{&quot;jet_parallax_layout_list&quot;:[]}\">\n\t\t\t\t\t<div class=\"e-con-inner\">\n\t\t\t\t\t<\/div>\n\t\t\t\t<\/div>\n\t\t\t\t<\/div>","protected":false},"excerpt":{"rendered":"<p>Enterprising Women Magazine Announces Prestigious Awards Program and Introduces List of Honorees CARY, NC:\u00a0Monica Smiley, Publisher and CEO of Enterprising Women magazine, has announced the winners and finalists (champions) of the 2025 Enterprising Women of the Year Awards, an annual tribute to the world\u2019s top women entrepreneurs. Both the Enterprising Women of the Year Award [&hellip;]<\/p>\n","protected":false},"author":1236,"featured_media":0,"parent":3825,"menu_order":0,"comment_status":"closed","ping_status":"closed","template":"elementor_header_footer","meta":{"footnotes":""},"class_list":["post-4390","page","type-page","status-publish","hentry"],"yoast_head":"<!-- This site is optimized with the Yoast SEO plugin v27.3 - https:\/\/yoast.com\/product\/yoast-seo-wordpress\/ -->\n<title>2025 Enterprising Women of the Year Award | Precision HealthCare Consultants<\/title>\n<meta name=\"description\" content=\"Enterprising Women Magazine Announces Prestigious Awards Program and Introduces List of HonoreesCARY, NC:\u00a0Monica Smiley, Publisher and CEO of Enterprising\" \/>\n<meta name=\"robots\" content=\"index, follow, max-snippet:-1, max-image-preview:large, max-video-preview:-1\" \/>\n<link rel=\"canonical\" href=\"https:\/\/www.precisionhcc.com\/es\/about-us\/awards\/2025-enterprising-women-of-the-year-award\/\" \/>\n<meta property=\"og:locale\" content=\"es_MX\" \/>\n<meta property=\"og:type\" content=\"article\" \/>\n<meta property=\"og:title\" content=\"2025 Enterprising Women of the Year Award | Precision HealthCare Consultants\" \/>\n<meta property=\"og:description\" content=\"Enterprising Women Magazine Announces Prestigious Awards Program and Introduces List of HonoreesCARY, NC:\u00a0Monica Smiley, Publisher and CEO of Enterprising\" \/>\n<meta property=\"og:url\" content=\"https:\/\/www.precisionhcc.com\/es\/about-us\/awards\/2025-enterprising-women-of-the-year-award\/\" \/>\n<meta property=\"og:site_name\" content=\"Precision HealthCare Consultants\" \/>\n<meta property=\"article:publisher\" content=\"https:\/\/www.facebook.com\/Precision-Healthcare-Consultants-166924926665497\/\" \/>\n<meta property=\"article:modified_time\" content=\"2025-05-16T19:23:06+00:00\" \/>\n<meta property=\"og:image\" content=\"https:\/\/www.precisionhcc.com\/wp-content\/uploads\/2025\/03\/Precision-OG-Dark.png\" \/>\n\t<meta property=\"og:image:width\" content=\"1200\" \/>\n\t<meta property=\"og:image:height\" content=\"630\" \/>\n\t<meta property=\"og:image:type\" content=\"image\/png\" \/>\n<meta name=\"twitter:card\" content=\"summary_large_image\" \/>\n<meta name=\"twitter:site\" content=\"@precisionhcc\" \/>\n<meta name=\"twitter:label1\" content=\"Est. reading time\" \/>\n\t<meta name=\"twitter:data1\" content=\"2 minutos\" \/>\n<script type=\"application\/ld+json\" class=\"yoast-schema-graph\">{\"@context\":\"https:\\\/\\\/schema.org\",\"@graph\":[{\"@type\":\"WebPage\",\"@id\":\"https:\\\/\\\/www.precisionhcc.com\\\/about-us\\\/awards\\\/2025-enterprising-women-of-the-year-award\\\/\",\"url\":\"https:\\\/\\\/www.precisionhcc.com\\\/about-us\\\/awards\\\/2025-enterprising-women-of-the-year-award\\\/\",\"name\":\"2025 Enterprising Women of the Year Award | Precision HealthCare Consultants\",\"isPartOf\":{\"@id\":\"https:\\\/\\\/www.precisionhcc.com\\\/#website\"},\"datePublished\":\"2025-02-06T18:13:19+00:00\",\"dateModified\":\"2025-05-16T19:23:06+00:00\",\"description\":\"Enterprising Women Magazine Announces Prestigious Awards Program and Introduces List of HonoreesCARY, NC:\u00a0Monica Smiley, Publisher and CEO of Enterprising\",\"breadcrumb\":{\"@id\":\"https:\\\/\\\/www.precisionhcc.com\\\/about-us\\\/awards\\\/2025-enterprising-women-of-the-year-award\\\/#breadcrumb\"},\"inLanguage\":\"es\",\"potentialAction\":[{\"@type\":\"ReadAction\",\"target\":[\"https:\\\/\\\/www.precisionhcc.com\\\/about-us\\\/awards\\\/2025-enterprising-women-of-the-year-award\\\/\"]}]},{\"@type\":\"BreadcrumbList\",\"@id\":\"https:\\\/\\\/www.precisionhcc.com\\\/about-us\\\/awards\\\/2025-enterprising-women-of-the-year-award\\\/#breadcrumb\",\"itemListElement\":[{\"@type\":\"ListItem\",\"position\":1,\"name\":\"Home\",\"item\":\"https:\\\/\\\/www.precisionhcc.com\\\/\"},{\"@type\":\"ListItem\",\"position\":2,\"name\":\"About Us\",\"item\":\"https:\\\/\\\/www.precisionhcc.com\\\/about-us\\\/\"},{\"@type\":\"ListItem\",\"position\":3,\"name\":\"Awards\",\"item\":\"https:\\\/\\\/www.precisionhcc.com\\\/about-us\\\/awards\\\/\"},{\"@type\":\"ListItem\",\"position\":4,\"name\":\"2025 Enterprising Women of the Year Award\"}]},{\"@type\":\"WebSite\",\"@id\":\"https:\\\/\\\/www.precisionhcc.com\\\/#website\",\"url\":\"https:\\\/\\\/www.precisionhcc.com\\\/\",\"name\":\"Precision Healthcare Consultants\",\"description\":\"\",\"publisher\":{\"@id\":\"https:\\\/\\\/www.precisionhcc.com\\\/#organization\"},\"alternateName\":\"PHCC\",\"potentialAction\":[{\"@type\":\"SearchAction\",\"target\":{\"@type\":\"EntryPoint\",\"urlTemplate\":\"https:\\\/\\\/www.precisionhcc.com\\\/?s={search_term_string}\"},\"query-input\":{\"@type\":\"PropertyValueSpecification\",\"valueRequired\":true,\"valueName\":\"search_term_string\"}}],\"inLanguage\":\"es\"},{\"@type\":\"Organization\",\"@id\":\"https:\\\/\\\/www.precisionhcc.com\\\/#organization\",\"name\":\"Precision HealthCare Consultants\",\"url\":\"https:\\\/\\\/www.precisionhcc.com\\\/\",\"logo\":{\"@type\":\"ImageObject\",\"inLanguage\":\"es\",\"@id\":\"https:\\\/\\\/www.precisionhcc.com\\\/#\\\/schema\\\/logo\\\/image\\\/\",\"url\":\"https:\\\/\\\/www.precisionhcc.com\\\/wp-content\\\/uploads\\\/2020\\\/07\\\/Precision-logo.png\",\"contentUrl\":\"https:\\\/\\\/www.precisionhcc.com\\\/wp-content\\\/uploads\\\/2020\\\/07\\\/Precision-logo.png\",\"width\":656,\"height\":274,\"caption\":\"Precision HealthCare Consultants\"},\"image\":{\"@id\":\"https:\\\/\\\/www.precisionhcc.com\\\/#\\\/schema\\\/logo\\\/image\\\/\"},\"sameAs\":[\"https:\\\/\\\/www.facebook.com\\\/Precision-Healthcare-Consultants-166924926665497\\\/\",\"https:\\\/\\\/x.com\\\/precisionhcc\",\"https:\\\/\\\/www.linkedin.com\\\/in\\\/vanessa-best-ccs-p-cpc-ahima-icd-10-trainer-3bb948\",\"https:\\\/\\\/www.youtube.com\\\/channel\\\/UCZ6WKds91FdRPWEeGfwxv0A\"]}]}<\/script>\n<!-- \/ Yoast SEO plugin. -->","yoast_head_json":{"title":"2025 Enterprising Women of the Year Award | Precision HealthCare Consultants","description":"Enterprising Women Magazine Announces Prestigious Awards Program and Introduces List of HonoreesCARY, NC:\u00a0Monica Smiley, Publisher and CEO of Enterprising","robots":{"index":"index","follow":"follow","max-snippet":"max-snippet:-1","max-image-preview":"max-image-preview:large","max-video-preview":"max-video-preview:-1"},"canonical":"https:\/\/www.precisionhcc.com\/es\/about-us\/awards\/2025-enterprising-women-of-the-year-award\/","og_locale":"es_MX","og_type":"article","og_title":"2025 Enterprising Women of the Year Award | Precision HealthCare Consultants","og_description":"Enterprising Women Magazine Announces Prestigious Awards Program and Introduces List of HonoreesCARY, NC:\u00a0Monica Smiley, Publisher and CEO of Enterprising","og_url":"https:\/\/www.precisionhcc.com\/es\/about-us\/awards\/2025-enterprising-women-of-the-year-award\/","og_site_name":"Precision HealthCare Consultants","article_publisher":"https:\/\/www.facebook.com\/Precision-Healthcare-Consultants-166924926665497\/","article_modified_time":"2025-05-16T19:23:06+00:00","og_image":[{"width":1200,"height":630,"url":"https:\/\/www.precisionhcc.com\/wp-content\/uploads\/2025\/03\/Precision-OG-Dark.png","type":"image\/png"}],"twitter_card":"summary_large_image","twitter_site":"@precisionhcc","twitter_misc":{"Est. reading time":"2 minutos"},"schema":{"@context":"https:\/\/schema.org","@graph":[{"@type":"WebPage","@id":"https:\/\/www.precisionhcc.com\/about-us\/awards\/2025-enterprising-women-of-the-year-award\/","url":"https:\/\/www.precisionhcc.com\/about-us\/awards\/2025-enterprising-women-of-the-year-award\/","name":"2025 Enterprising Women of the Year Award | Precision HealthCare Consultants","isPartOf":{"@id":"https:\/\/www.precisionhcc.com\/#website"},"datePublished":"2025-02-06T18:13:19+00:00","dateModified":"2025-05-16T19:23:06+00:00","description":"Enterprising Women Magazine Announces Prestigious Awards Program and Introduces List of HonoreesCARY, NC:\u00a0Monica Smiley, Publisher and CEO of Enterprising","breadcrumb":{"@id":"https:\/\/www.precisionhcc.com\/about-us\/awards\/2025-enterprising-women-of-the-year-award\/#breadcrumb"},"inLanguage":"es","potentialAction":[{"@type":"ReadAction","target":["https:\/\/www.precisionhcc.com\/about-us\/awards\/2025-enterprising-women-of-the-year-award\/"]}]},{"@type":"BreadcrumbList","@id":"https:\/\/www.precisionhcc.com\/about-us\/awards\/2025-enterprising-women-of-the-year-award\/#breadcrumb","itemListElement":[{"@type":"ListItem","position":1,"name":"Home","item":"https:\/\/www.precisionhcc.com\/"},{"@type":"ListItem","position":2,"name":"About Us","item":"https:\/\/www.precisionhcc.com\/about-us\/"},{"@type":"ListItem","position":3,"name":"Awards","item":"https:\/\/www.precisionhcc.com\/about-us\/awards\/"},{"@type":"ListItem","position":4,"name":"2025 Enterprising Women of the Year Award"}]},{"@type":"WebSite","@id":"https:\/\/www.precisionhcc.com\/#website","url":"https:\/\/www.precisionhcc.com\/","name":"Precision Healthcare Consultants","description":"","publisher":{"@id":"https:\/\/www.precisionhcc.com\/#organization"},"alternateName":"PHCC","potentialAction":[{"@type":"SearchAction","target":{"@type":"EntryPoint","urlTemplate":"https:\/\/www.precisionhcc.com\/?s={search_term_string}"},"query-input":{"@type":"PropertyValueSpecification","valueRequired":true,"valueName":"search_term_string"}}],"inLanguage":"es"},{"@type":"Organization","@id":"https:\/\/www.precisionhcc.com\/#organization","name":"Precision HealthCare Consultants","url":"https:\/\/www.precisionhcc.com\/","logo":{"@type":"ImageObject","inLanguage":"es","@id":"https:\/\/www.precisionhcc.com\/#\/schema\/logo\/image\/","url":"https:\/\/www.precisionhcc.com\/wp-content\/uploads\/2020\/07\/Precision-logo.png","contentUrl":"https:\/\/www.precisionhcc.com\/wp-content\/uploads\/2020\/07\/Precision-logo.png","width":656,"height":274,"caption":"Precision HealthCare Consultants"},"image":{"@id":"https:\/\/www.precisionhcc.com\/#\/schema\/logo\/image\/"},"sameAs":["https:\/\/www.facebook.com\/Precision-Healthcare-Consultants-166924926665497\/","https:\/\/x.com\/precisionhcc","https:\/\/www.linkedin.com\/in\/vanessa-best-ccs-p-cpc-ahima-icd-10-trainer-3bb948","https:\/\/www.youtube.com\/channel\/UCZ6WKds91FdRPWEeGfwxv0A"]}]}},"_links":{"self":[{"href":"https:\/\/www.precisionhcc.com\/es\/wp-json\/wp\/v2\/pages\/4390","targetHints":{"allow":["GET"]}}],"collection":[{"href":"https:\/\/www.precisionhcc.com\/es\/wp-json\/wp\/v2\/pages"}],"about":[{"href":"https:\/\/www.precisionhcc.com\/es\/wp-json\/wp\/v2\/types\/page"}],"author":[{"embeddable":true,"href":"https:\/\/www.precisionhcc.com\/es\/wp-json\/wp\/v2\/users\/1236"}],"replies":[{"embeddable":true,"href":"https:\/\/www.precisionhcc.com\/es\/wp-json\/wp\/v2\/comments?post=4390"}],"version-history":[{"count":0,"href":"https:\/\/www.precisionhcc.com\/es\/wp-json\/wp\/v2\/pages\/4390\/revisions"}],"up":[{"embeddable":true,"href":"https:\/\/www.precisionhcc.com\/es\/wp-json\/wp\/v2\/pages\/3825"}],"wp:attachment":[{"href":"https:\/\/www.precisionhcc.com\/es\/wp-json\/wp\/v2\/media?parent=4390"}],"curies":[{"name":"wp","href":"https:\/\/api.w.org\/{rel}","templated":true}]}}