{"id":4131,"date":"2024-12-13T11:33:59","date_gmt":"2024-12-13T16:33:59","guid":{"rendered":"https:\/\/www.precisionhcc.com\/?page_id=4131"},"modified":"2024-12-17T17:07:51","modified_gmt":"2024-12-17T22:07:51","slug":"corporate-video","status":"publish","type":"page","link":"https:\/\/www.precisionhcc.com\/hr\/about-us\/corporate-video\/","title":{"rendered":"Korporativni video"},"content":{"rendered":"<div data-elementor-type=\"wp-page\" data-elementor-id=\"4131\" class=\"elementor elementor-4131\" data-elementor-post-type=\"page\">\n\t\t\t\t<div class=\"elementor-element elementor-element-841eb87 e-flex e-con-boxed e-con e-parent\" data-id=\"841eb87\" data-element_type=\"container\" data-e-type=\"container\" data-settings=\"{&quot;jet_parallax_layout_list&quot;:[],&quot;background_background&quot;:&quot;classic&quot;}\">\n\t\t\t\t\t<div class=\"e-con-inner\">\n\t\t<div class=\"elementor-element elementor-element-54f5801 e-con-full e-flex e-con e-child\" data-id=\"54f5801\" data-element_type=\"container\" data-e-type=\"container\" data-settings=\"{&quot;jet_parallax_layout_list&quot;:[]}\">\n\t\t\t\t<div class=\"elementor-element elementor-element-d4d6d00 elementor-widget elementor-widget-spacer\" data-id=\"d4d6d00\" data-element_type=\"widget\" data-e-type=\"widget\" data-widget_type=\"spacer.default\">\n\t\t\t\t<div class=\"elementor-widget-container\">\n\t\t\t\t\t\t\t<div class=\"elementor-spacer\">\n\t\t\t<div class=\"elementor-spacer-inner\"><\/div>\n\t\t<\/div>\n\t\t\t\t\t\t<\/div>\n\t\t\t\t<\/div>\n\t\t\t\t<div class=\"elementor-element elementor-element-e43d66c elementor-invisible elementor-widget elementor-widget-heading\" data-id=\"e43d66c\" data-element_type=\"widget\" data-e-type=\"widget\" data-settings=\"{&quot;_animation&quot;:&quot;fadeInDown&quot;}\" data-widget_type=\"heading.default\">\n\t\t\t\t<div class=\"elementor-widget-container\">\n\t\t\t\t\t<h1 class=\"elementor-heading-title elementor-size-default\">Korporativni video<\/h1>\t\t\t\t<\/div>\n\t\t\t\t<\/div>\n\t\t\t\t<div class=\"elementor-element elementor-element-f294978 elementor-widget-divider--view-line elementor-invisible elementor-widget elementor-widget-divider\" data-id=\"f294978\" data-element_type=\"widget\" data-e-type=\"widget\" data-settings=\"{&quot;_animation&quot;:&quot;fadeInUp&quot;,&quot;_animation_delay&quot;:100}\" data-widget_type=\"divider.default\">\n\t\t\t\t<div class=\"elementor-widget-container\">\n\t\t\t\t\t\t\t<div class=\"elementor-divider\">\n\t\t\t<span class=\"elementor-divider-separator\">\n\t\t\t\t\t\t<\/span>\n\t\t<\/div>\n\t\t\t\t\t\t<\/div>\n\t\t\t\t<\/div>\n\t\t\t\t<div class=\"elementor-element elementor-element-16cbae0 elementor-widget elementor-widget-spacer\" data-id=\"16cbae0\" data-element_type=\"widget\" data-e-type=\"widget\" data-widget_type=\"spacer.default\">\n\t\t\t\t<div class=\"elementor-widget-container\">\n\t\t\t\t\t\t\t<div class=\"elementor-spacer\">\n\t\t\t<div class=\"elementor-spacer-inner\"><\/div>\n\t\t<\/div>\n\t\t\t\t\t\t<\/div>\n\t\t\t\t<\/div>\n\t\t\t\t<\/div>\n\t\t\t\t\t<\/div>\n\t\t\t\t<\/div>\n\t\t<div class=\"elementor-element elementor-element-44f7eb4 e-flex e-con-boxed e-con e-parent\" data-id=\"44f7eb4\" data-element_type=\"container\" data-e-type=\"container\" data-settings=\"{&quot;jet_parallax_layout_list&quot;:[],&quot;background_background&quot;:&quot;classic&quot;}\">\n\t\t\t\t\t<div class=\"e-con-inner\">\n\t\t\t\t<div class=\"elementor-element elementor-element-3cb4e71 elementor-widget elementor-widget-spacer\" data-id=\"3cb4e71\" data-element_type=\"widget\" data-e-type=\"widget\" data-widget_type=\"spacer.default\">\n\t\t\t\t<div class=\"elementor-widget-container\">\n\t\t\t\t\t\t\t<div class=\"elementor-spacer\">\n\t\t\t<div class=\"elementor-spacer-inner\"><\/div>\n\t\t<\/div>\n\t\t\t\t\t\t<\/div>\n\t\t\t\t<\/div>\n\t\t\t\t<div class=\"elementor-element elementor-element-208028f elementor-widget elementor-widget-heading\" data-id=\"208028f\" data-element_type=\"widget\" data-e-type=\"widget\" data-widget_type=\"heading.default\">\n\t\t\t\t<div class=\"elementor-widget-container\">\n\t\t\t\t\t<h2 class=\"elementor-heading-title elementor-size-default\">Pogledajte na\u0161 VIDEO PREGLED KORPORATIVNOG POSLOVANJA<\/h2>\t\t\t\t<\/div>\n\t\t\t\t<\/div>\n\t\t<div class=\"elementor-element elementor-element-d61172c e-con-full e-flex e-con e-child\" data-id=\"d61172c\" data-element_type=\"container\" data-e-type=\"container\" data-settings=\"{&quot;jet_parallax_layout_list&quot;:[]}\">\n\t\t\t\t<div class=\"elementor-element elementor-element-a941e4c elementor-widget elementor-widget-video\" data-id=\"a941e4c\" data-element_type=\"widget\" data-e-type=\"widget\" data-settings=\"{&quot;video_type&quot;:&quot;hosted&quot;,&quot;show_image_overlay&quot;:&quot;yes&quot;,&quot;image_overlay&quot;:{&quot;url&quot;:&quot;https:\\\/\\\/www.precisionhcc.com\\\/wp-content\\\/uploads\\\/2024\\\/12\\\/Precision-Overview-v2.jpg&quot;,&quot;id&quot;:4192,&quot;size&quot;:&quot;&quot;,&quot;alt&quot;:&quot;&quot;,&quot;source&quot;:&quot;library&quot;},&quot;controls&quot;:&quot;yes&quot;}\" data-widget_type=\"video.default\">\n\t\t\t\t<div class=\"elementor-widget-container\">\n\t\t\t\t\t\t\t<div class=\"e-hosted-video elementor-wrapper elementor-open-inline\">\n\t\t\t\t\t<video class=\"elementor-video\" src=\"https:\/\/www.precisionhcc.com\/wp-content\/uploads\/2024\/12\/Precision-Overview-v2.mp4\" controls=\"\" preload=\"metadata\" controlslist=\"nodownload\" poster=\"https:\/\/www.precisionhcc.com\/wp-content\/uploads\/2024\/12\/Precision-Overview-v2.jpg\"><\/video>\n\t\t\t\t\t\t<div class=\"elementor-custom-embed-image-overlay\" style=\"background-image: url(https:\/\/www.precisionhcc.com\/wp-content\/uploads\/2024\/12\/Precision-Overview-v2.jpg);\">\n\t\t\t\t\t\t\t\t\t\t\t\t\t\t\t\t<div class=\"elementor-custom-embed-play\" role=\"button\" aria-label=\"Pusti video\" tabindex=\"0\">\n\t\t\t\t\t\t\t<i aria-hidden=\"true\" class=\"eicon-play\"><\/i>\t\t\t\t\t\t<\/div>\n\t\t\t\t\t\t\t\t\t<\/div>\n\t\t\t\t\t<\/div>\n\t\t\t\t\t\t<\/div>\n\t\t\t\t<\/div>\n\t\t\t\t<div class=\"elementor-element elementor-element-af6e95f elementor-widget elementor-widget-n-accordion\" data-id=\"af6e95f\" data-element_type=\"widget\" data-e-type=\"widget\" data-settings=\"{&quot;default_state&quot;:&quot;all_collapsed&quot;,&quot;max_items_expended&quot;:&quot;one&quot;,&quot;n_accordion_animation_duration&quot;:{&quot;unit&quot;:&quot;ms&quot;,&quot;size&quot;:400,&quot;sizes&quot;:[]}}\" data-widget_type=\"nested-accordion.default\">\n\t\t\t\t<div class=\"elementor-widget-container\">\n\t\t\t\t\t\t\t<div class=\"e-n-accordion\" aria-label=\"Harmonika. Otvaranje poveznica tipkom Enter ili Space, zatvaranje tipkom Escape i navigacija tipkama sa strelicama\">\n\t\t\t\t\t\t<details id=\"e-n-accordion-item-1830\" class=\"e-n-accordion-item\" >\n\t\t\t\t<summary class=\"e-n-accordion-item-title\" data-accordion-index=\"1\" tabindex=\"0\" aria-expanded=\"false\" aria-controls=\"e-n-accordion-item-1830\" >\n\t\t\t\t\t<span class='e-n-accordion-item-title-header'><div class=\"e-n-accordion-item-title-text\"> Video transkript pregleda tvrtke <\/div><\/span>\n\t\t\t\t\t\t\t<span class='e-n-accordion-item-title-icon'>\n\t\t\t<span class='e-opened' ><i aria-hidden=\"true\" class=\"fas fa-minus\"><\/i><\/span>\n\t\t\t<span class='e-closed'><i aria-hidden=\"true\" class=\"fas fa-plus\"><\/i><\/span>\n\t\t<\/span>\n\n\t\t\t\t\t\t<\/summary>\n\t\t\t\t<div role=\"region\" aria-labelledby=\"e-n-accordion-item-1830\" class=\"elementor-element elementor-element-f5f7ad2 e-con-full e-flex e-con e-child\" data-id=\"f5f7ad2\" data-element_type=\"container\" data-e-type=\"container\" data-settings=\"{&quot;jet_parallax_layout_list&quot;:[]}\">\n\t\t\t\t<div class=\"elementor-element elementor-element-00b275c elementor-widget elementor-widget-text-editor\" data-id=\"00b275c\" data-element_type=\"widget\" data-e-type=\"widget\" data-widget_type=\"text-editor.default\">\n\t\t\t\t<div class=\"elementor-widget-container\">\n\t\t\t\t\t\t\t\t\t<p>Kao globalni lider u podru\u010dju jednakosti i pobolj\u0161anja kvalitete zdravstvene za\u0161tite, usavr\u0161ili smo umjetnost inovacija u zdravstvu, pru\u017eaju\u0107i podr\u0161ku 11 zemalja, 3 kontinenta i 39 saveznih dr\u017eava.<\/p><p>Na\u0161e specijalizirane usluge nadilaze uobi\u010dajeno, fokusiraju\u0107i se na uskla\u0111enost s propisima, savjetodavne usluge u zdravstvu i osiguranje kvalitete.<\/p><p>Od znanstvenog pra\u0107enja protokola, pregleda medicinskih kartona, integriteta programa i revizija, osiguravamo izvrsnost u svakom aspektu upravljanja zdravstvenom skrbi.<\/p><p>Posve\u0107eni cjelo\u017eivotnom u\u010denju, nudimo \u0161irok raspon CEU-ova, rje\u0161enja za pobolj\u0161anje klini\u010dke dokumentacije te programe obuke za kodiranje i naplatu, osna\u017euju\u0107i stru\u010dnjake i klini\u010dare da se izvrsno sna\u0111u diljem svijeta.<\/p><p>S Precision HealthCareom, ne radi se samo o uslugama koje pru\u017eamo, ve\u0107 o zajedni\u010dkom unapre\u0111enju zdravstvene za\u0161tite.<\/p><p>Precizna zdravstvena skrb. Otkrijte preciznost. Definirajte izvrsnost.<\/p>\t\t\t\t\t\t\t\t<\/div>\n\t\t\t\t<\/div>\n\t\t\t\t<\/div>\n\t\t\t\t\t<\/details>\n\t\t\t\t\t<\/div>\n\t\t\t\t\t\t<\/div>\n\t\t\t\t<\/div>\n\t\t\t\t<\/div>\n\t\t\t\t\t<\/div>\n\t\t\t\t<\/div>\n\t\t\t\t<\/div>","protected":false},"excerpt":{"rendered":"<p>Watch our CORPORATE OVERVIEW VIDEO https:\/\/www.precisionhcc.com\/wp-content\/uploads\/2024\/12\/Precision-Overview-v2.mp4 Corporate Overview Video Transcript As a global leader in healthcare equity and quality improvement, we\u2019ve mastered the art of healthcare innovation, supporting 11 countries, 3 continents, and 39 states. Our specialized services go beyond the ordinary, focusing on regulatory compliance, healthcare advisory services, and quality assurance. From scientific protocol [&hellip;]<\/p>\n","protected":false},"author":1236,"featured_media":0,"parent":3871,"menu_order":0,"comment_status":"closed","ping_status":"closed","template":"elementor_header_footer","meta":{"footnotes":""},"class_list":["post-4131","page","type-page","status-publish","hentry"],"yoast_head":"<!-- This site is optimized with the Yoast SEO plugin v27.3 - https:\/\/yoast.com\/product\/yoast-seo-wordpress\/ -->\n<title>Corporate Video | Precision HealthCare Consultants<\/title>\n<meta name=\"description\" content=\"Watch our CORPORATE OVERVIEW VIDEO https:\/\/www.precisionhcc.com\/wp-content\/uploads\/2024\/12\/Precision-Overview-v2.mp4 Corporate Overview Video Transcript\" \/>\n<meta name=\"robots\" content=\"index, follow, max-snippet:-1, max-image-preview:large, max-video-preview:-1\" \/>\n<link rel=\"canonical\" href=\"https:\/\/www.precisionhcc.com\/hr\/about-us\/corporate-video\/\" \/>\n<meta property=\"og:locale\" content=\"hr_HR\" \/>\n<meta property=\"og:type\" content=\"article\" \/>\n<meta property=\"og:title\" content=\"Corporate Video | Precision HealthCare Consultants\" \/>\n<meta property=\"og:description\" content=\"Watch our CORPORATE OVERVIEW VIDEO https:\/\/www.precisionhcc.com\/wp-content\/uploads\/2024\/12\/Precision-Overview-v2.mp4 Corporate Overview Video Transcript\" \/>\n<meta property=\"og:url\" content=\"https:\/\/www.precisionhcc.com\/hr\/about-us\/corporate-video\/\" \/>\n<meta property=\"og:site_name\" content=\"Precision HealthCare Consultants\" \/>\n<meta property=\"article:publisher\" content=\"https:\/\/www.facebook.com\/Precision-Healthcare-Consultants-166924926665497\/\" \/>\n<meta property=\"article:modified_time\" content=\"2024-12-17T22:07:51+00:00\" \/>\n<meta property=\"og:image\" content=\"https:\/\/www.precisionhcc.com\/wp-content\/uploads\/2025\/03\/Precision-OG-Dark.png\" \/>\n\t<meta property=\"og:image:width\" content=\"1200\" \/>\n\t<meta property=\"og:image:height\" content=\"630\" \/>\n\t<meta property=\"og:image:type\" content=\"image\/png\" \/>\n<meta name=\"twitter:card\" content=\"summary_large_image\" \/>\n<meta name=\"twitter:site\" content=\"@precisionhcc\" \/>\n<meta name=\"twitter:label1\" content=\"Est. reading time\" \/>\n\t<meta name=\"twitter:data1\" content=\"2 minute\" \/>\n<script type=\"application\/ld+json\" class=\"yoast-schema-graph\">{\"@context\":\"https:\\\/\\\/schema.org\",\"@graph\":[{\"@type\":\"WebPage\",\"@id\":\"https:\\\/\\\/www.precisionhcc.com\\\/about-us\\\/corporate-video\\\/\",\"url\":\"https:\\\/\\\/www.precisionhcc.com\\\/about-us\\\/corporate-video\\\/\",\"name\":\"Corporate Video | Precision HealthCare Consultants\",\"isPartOf\":{\"@id\":\"https:\\\/\\\/www.precisionhcc.com\\\/#website\"},\"datePublished\":\"2024-12-13T16:33:59+00:00\",\"dateModified\":\"2024-12-17T22:07:51+00:00\",\"description\":\"Watch our CORPORATE OVERVIEW VIDEO https:\\\/\\\/www.precisionhcc.com\\\/wp-content\\\/uploads\\\/2024\\\/12\\\/Precision-Overview-v2.mp4 Corporate Overview Video Transcript\",\"breadcrumb\":{\"@id\":\"https:\\\/\\\/www.precisionhcc.com\\\/about-us\\\/corporate-video\\\/#breadcrumb\"},\"inLanguage\":\"hr\",\"potentialAction\":[{\"@type\":\"ReadAction\",\"target\":[\"https:\\\/\\\/www.precisionhcc.com\\\/about-us\\\/corporate-video\\\/\"]}]},{\"@type\":\"BreadcrumbList\",\"@id\":\"https:\\\/\\\/www.precisionhcc.com\\\/about-us\\\/corporate-video\\\/#breadcrumb\",\"itemListElement\":[{\"@type\":\"ListItem\",\"position\":1,\"name\":\"Home\",\"item\":\"https:\\\/\\\/www.precisionhcc.com\\\/\"},{\"@type\":\"ListItem\",\"position\":2,\"name\":\"About Us\",\"item\":\"https:\\\/\\\/www.precisionhcc.com\\\/about-us\\\/\"},{\"@type\":\"ListItem\",\"position\":3,\"name\":\"Corporate Video\"}]},{\"@type\":\"WebSite\",\"@id\":\"https:\\\/\\\/www.precisionhcc.com\\\/#website\",\"url\":\"https:\\\/\\\/www.precisionhcc.com\\\/\",\"name\":\"Precision Healthcare Consultants\",\"description\":\"\",\"publisher\":{\"@id\":\"https:\\\/\\\/www.precisionhcc.com\\\/#organization\"},\"alternateName\":\"PHCC\",\"potentialAction\":[{\"@type\":\"SearchAction\",\"target\":{\"@type\":\"EntryPoint\",\"urlTemplate\":\"https:\\\/\\\/www.precisionhcc.com\\\/?s={search_term_string}\"},\"query-input\":{\"@type\":\"PropertyValueSpecification\",\"valueRequired\":true,\"valueName\":\"search_term_string\"}}],\"inLanguage\":\"hr\"},{\"@type\":\"Organization\",\"@id\":\"https:\\\/\\\/www.precisionhcc.com\\\/#organization\",\"name\":\"Precision HealthCare Consultants\",\"url\":\"https:\\\/\\\/www.precisionhcc.com\\\/\",\"logo\":{\"@type\":\"ImageObject\",\"inLanguage\":\"hr\",\"@id\":\"https:\\\/\\\/www.precisionhcc.com\\\/#\\\/schema\\\/logo\\\/image\\\/\",\"url\":\"https:\\\/\\\/www.precisionhcc.com\\\/wp-content\\\/uploads\\\/2020\\\/07\\\/Precision-logo.png\",\"contentUrl\":\"https:\\\/\\\/www.precisionhcc.com\\\/wp-content\\\/uploads\\\/2020\\\/07\\\/Precision-logo.png\",\"width\":656,\"height\":274,\"caption\":\"Precision HealthCare Consultants\"},\"image\":{\"@id\":\"https:\\\/\\\/www.precisionhcc.com\\\/#\\\/schema\\\/logo\\\/image\\\/\"},\"sameAs\":[\"https:\\\/\\\/www.facebook.com\\\/Precision-Healthcare-Consultants-166924926665497\\\/\",\"https:\\\/\\\/x.com\\\/precisionhcc\",\"https:\\\/\\\/www.linkedin.com\\\/in\\\/vanessa-best-ccs-p-cpc-ahima-icd-10-trainer-3bb948\",\"https:\\\/\\\/www.youtube.com\\\/channel\\\/UCZ6WKds91FdRPWEeGfwxv0A\"]}]}<\/script>\n<!-- \/ Yoast SEO plugin. -->","yoast_head_json":{"title":"Corporate Video | Precision HealthCare Consultants","description":"Watch our CORPORATE OVERVIEW VIDEO https:\/\/www.precisionhcc.com\/wp-content\/uploads\/2024\/12\/Precision-Overview-v2.mp4 Corporate Overview Video Transcript","robots":{"index":"index","follow":"follow","max-snippet":"max-snippet:-1","max-image-preview":"max-image-preview:large","max-video-preview":"max-video-preview:-1"},"canonical":"https:\/\/www.precisionhcc.com\/hr\/about-us\/corporate-video\/","og_locale":"hr_HR","og_type":"article","og_title":"Corporate Video | Precision HealthCare Consultants","og_description":"Watch our CORPORATE OVERVIEW VIDEO https:\/\/www.precisionhcc.com\/wp-content\/uploads\/2024\/12\/Precision-Overview-v2.mp4 Corporate Overview Video Transcript","og_url":"https:\/\/www.precisionhcc.com\/hr\/about-us\/corporate-video\/","og_site_name":"Precision HealthCare Consultants","article_publisher":"https:\/\/www.facebook.com\/Precision-Healthcare-Consultants-166924926665497\/","article_modified_time":"2024-12-17T22:07:51+00:00","og_image":[{"width":1200,"height":630,"url":"https:\/\/www.precisionhcc.com\/wp-content\/uploads\/2025\/03\/Precision-OG-Dark.png","type":"image\/png"}],"twitter_card":"summary_large_image","twitter_site":"@precisionhcc","twitter_misc":{"Est. reading time":"2 minute"},"schema":{"@context":"https:\/\/schema.org","@graph":[{"@type":"WebPage","@id":"https:\/\/www.precisionhcc.com\/about-us\/corporate-video\/","url":"https:\/\/www.precisionhcc.com\/about-us\/corporate-video\/","name":"Corporate Video | Precision HealthCare Consultants","isPartOf":{"@id":"https:\/\/www.precisionhcc.com\/#website"},"datePublished":"2024-12-13T16:33:59+00:00","dateModified":"2024-12-17T22:07:51+00:00","description":"Watch our CORPORATE OVERVIEW VIDEO https:\/\/www.precisionhcc.com\/wp-content\/uploads\/2024\/12\/Precision-Overview-v2.mp4 Corporate Overview Video Transcript","breadcrumb":{"@id":"https:\/\/www.precisionhcc.com\/about-us\/corporate-video\/#breadcrumb"},"inLanguage":"hr","potentialAction":[{"@type":"ReadAction","target":["https:\/\/www.precisionhcc.com\/about-us\/corporate-video\/"]}]},{"@type":"BreadcrumbList","@id":"https:\/\/www.precisionhcc.com\/about-us\/corporate-video\/#breadcrumb","itemListElement":[{"@type":"ListItem","position":1,"name":"Home","item":"https:\/\/www.precisionhcc.com\/"},{"@type":"ListItem","position":2,"name":"About Us","item":"https:\/\/www.precisionhcc.com\/about-us\/"},{"@type":"ListItem","position":3,"name":"Corporate Video"}]},{"@type":"WebSite","@id":"https:\/\/www.precisionhcc.com\/#website","url":"https:\/\/www.precisionhcc.com\/","name":"Konzultanti za preciznu zdravstvenu skrb","description":"","publisher":{"@id":"https:\/\/www.precisionhcc.com\/#organization"},"alternateName":"PHCC","potentialAction":[{"@type":"SearchAction","target":{"@type":"EntryPoint","urlTemplate":"https:\/\/www.precisionhcc.com\/?s={search_term_string}"},"query-input":{"@type":"PropertyValueSpecification","valueRequired":true,"valueName":"search_term_string"}}],"inLanguage":"hr"},{"@type":"Organization","@id":"https:\/\/www.precisionhcc.com\/#organization","name":"Konzultanti za preciznu zdravstvenu skrb","url":"https:\/\/www.precisionhcc.com\/","logo":{"@type":"ImageObject","inLanguage":"hr","@id":"https:\/\/www.precisionhcc.com\/#\/schema\/logo\/image\/","url":"https:\/\/www.precisionhcc.com\/wp-content\/uploads\/2020\/07\/Precision-logo.png","contentUrl":"https:\/\/www.precisionhcc.com\/wp-content\/uploads\/2020\/07\/Precision-logo.png","width":656,"height":274,"caption":"Precision HealthCare Consultants"},"image":{"@id":"https:\/\/www.precisionhcc.com\/#\/schema\/logo\/image\/"},"sameAs":["https:\/\/www.facebook.com\/Precision-Healthcare-Consultants-166924926665497\/","https:\/\/x.com\/precisionhcc","https:\/\/www.linkedin.com\/in\/vanessa-best-ccs-p-cpc-ahima-icd-10-trainer-3bb948","https:\/\/www.youtube.com\/channel\/UCZ6WKds91FdRPWEeGfwxv0A"]}]}},"_links":{"self":[{"href":"https:\/\/www.precisionhcc.com\/hr\/wp-json\/wp\/v2\/pages\/4131","targetHints":{"allow":["GET"]}}],"collection":[{"href":"https:\/\/www.precisionhcc.com\/hr\/wp-json\/wp\/v2\/pages"}],"about":[{"href":"https:\/\/www.precisionhcc.com\/hr\/wp-json\/wp\/v2\/types\/page"}],"author":[{"embeddable":true,"href":"https:\/\/www.precisionhcc.com\/hr\/wp-json\/wp\/v2\/users\/1236"}],"replies":[{"embeddable":true,"href":"https:\/\/www.precisionhcc.com\/hr\/wp-json\/wp\/v2\/comments?post=4131"}],"version-history":[{"count":0,"href":"https:\/\/www.precisionhcc.com\/hr\/wp-json\/wp\/v2\/pages\/4131\/revisions"}],"up":[{"embeddable":true,"href":"https:\/\/www.precisionhcc.com\/hr\/wp-json\/wp\/v2\/pages\/3871"}],"wp:attachment":[{"href":"https:\/\/www.precisionhcc.com\/hr\/wp-json\/wp\/v2\/media?parent=4131"}],"curies":[{"name":"wp","href":"https:\/\/api.w.org\/{rel}","templated":true}]}}