{"id":4273,"date":"2025-01-07T17:33:47","date_gmt":"2025-01-07T22:33:47","guid":{"rendered":"https:\/\/www.precisionhcc.com\/?page_id=4273"},"modified":"2025-05-16T15:33:40","modified_gmt":"2025-05-16T19:33:40","slug":"ranked-648-on-the-inc-5000-list-for-2024","status":"publish","type":"page","link":"https:\/\/www.precisionhcc.com\/hr\/about-us\/awards\/ranked-648-on-the-inc-5000-list-for-2024\/","title":{"rendered":"Rangiran #648 na listi Inc. 5000 za 2024. godinu"},"content":{"rendered":"<div data-elementor-type=\"wp-page\" data-elementor-id=\"4273\" class=\"elementor elementor-4273\" data-elementor-post-type=\"page\">\n\t\t\t\t<div class=\"elementor-element elementor-element-602b6bb3 e-flex e-con-boxed e-con e-parent\" data-id=\"602b6bb3\" data-element_type=\"container\" data-e-type=\"container\" data-settings=\"{&quot;jet_parallax_layout_list&quot;:[]}\">\n\t\t\t\t\t<div class=\"e-con-inner\">\n\t\t<div class=\"elementor-element elementor-element-23c1112e e-con-full e-flex e-con e-child\" data-id=\"23c1112e\" data-element_type=\"container\" data-e-type=\"container\" data-settings=\"{&quot;background_background&quot;:&quot;classic&quot;,&quot;jet_parallax_layout_list&quot;:[]}\">\n\t\t\t\t<div class=\"elementor-element elementor-element-139f4b38 elementor-widget elementor-widget-spacer\" data-id=\"139f4b38\" data-element_type=\"widget\" data-e-type=\"widget\" data-widget_type=\"spacer.default\">\n\t\t\t\t<div class=\"elementor-widget-container\">\n\t\t\t\t\t\t\t<div class=\"elementor-spacer\">\n\t\t\t<div class=\"elementor-spacer-inner\"><\/div>\n\t\t<\/div>\n\t\t\t\t\t\t<\/div>\n\t\t\t\t<\/div>\n\t\t\t\t<div class=\"elementor-element elementor-element-75813660 elementor-invisible elementor-widget elementor-widget-heading\" data-id=\"75813660\" data-element_type=\"widget\" data-e-type=\"widget\" data-settings=\"{&quot;_animation&quot;:&quot;fadeInDown&quot;}\" data-widget_type=\"heading.default\">\n\t\t\t\t<div class=\"elementor-widget-container\">\n\t\t\t\t\t<h1 class=\"elementor-heading-title elementor-size-default\">Rangiran #648 na listi Inc. 5000 za 2024. godinu<\/h1>\t\t\t\t<\/div>\n\t\t\t\t<\/div>\n\t\t\t\t<div class=\"elementor-element elementor-element-310c3c10 elementor-widget elementor-widget-spacer\" data-id=\"310c3c10\" data-element_type=\"widget\" data-e-type=\"widget\" data-widget_type=\"spacer.default\">\n\t\t\t\t<div class=\"elementor-widget-container\">\n\t\t\t\t\t\t\t<div class=\"elementor-spacer\">\n\t\t\t<div class=\"elementor-spacer-inner\"><\/div>\n\t\t<\/div>\n\t\t\t\t\t\t<\/div>\n\t\t\t\t<\/div>\n\t\t\t\t<\/div>\n\t\t\t\t\t<\/div>\n\t\t\t\t<\/div>\n\t\t<div class=\"elementor-element elementor-element-5ff6c22a e-flex e-con-boxed e-con e-parent\" data-id=\"5ff6c22a\" data-element_type=\"container\" data-e-type=\"container\" data-settings=\"{&quot;jet_parallax_layout_list&quot;:[]}\">\n\t\t\t\t\t<div class=\"e-con-inner\">\n\t\t<div class=\"elementor-element elementor-element-17ee0d22 e-con-full e-flex e-con e-child\" data-id=\"17ee0d22\" data-element_type=\"container\" data-e-type=\"container\" data-settings=\"{&quot;background_background&quot;:&quot;classic&quot;,&quot;jet_parallax_layout_list&quot;:[]}\">\n\t\t\t\t<div class=\"elementor-element elementor-element-22942027 elementor-widget elementor-widget-text-editor\" data-id=\"22942027\" data-element_type=\"widget\" data-e-type=\"widget\" data-widget_type=\"text-editor.default\">\n\t\t\t\t<div class=\"elementor-widget-container\">\n\t\t\t\t\t\t\t\t\t<h2 style=\"text-align: center;\">Precision Healthcare: Rangiran #648 na Inc. 5000 listi za 2024.<\/h2><h4 style=\"text-align: center;\"><strong>Tvrtke na ovom popisu imale su srednju stopu rasta od 208%, s preko 875 000 radnih mjesta dodanih u industriju.<\/strong><\/h4><p>\u00a0<\/p><p><strong><img fetchpriority=\"high\" decoding=\"async\" class=\"alignleft\" style=\"aspect-ratio: auto 504 \/ 439;\" title=\"nagrade_0001_Sloj-0\" src=\"https:\/\/www.precisionhcc.com\/wp-content\/uploads\/2025\/02\/awards_0001_Layer-0.png\" alt=\"\" width=\"312\" height=\"271\" data-id=\"4392\" data-init-width=\"504\" data-init-height=\"439\" data-width=\"312\" data-height=\"271\" \/><\/strong>U tvrtki Precision Healthcare, nevjerojatno nam je \u010dast objaviti da smo rangirani na #648. mjestu liste Inc. 5000 za 2024. godinu - presti\u017enom priznanju koje slavi najbr\u017ee rastu\u0107e privatne tvrtke u Americi. Na\u0161a impresivna stopa rasta od 716% u posljednje tri godine nagla\u0161ava na\u0161u nepokolebljivu predanost inovacijama, iznimnoj usluzi i neumornoj te\u017enji za izvrsno\u0161\u0107u u industriji zdravstvene komunikacije.<\/p><p><strong><strong><img decoding=\"async\" class=\"alignright\" style=\"aspect-ratio: auto 1201 \/ 1201;\" title=\"Inc. Logotip medaljona s 5000 boja\" src=\"https:\/\/www.precisionhcc.com\/wp-content\/uploads\/2025\/01\/Inc.-5000-Color-Medallion-Logo.png\" alt=\"\" width=\"232\" height=\"232\" data-id=\"3813\" data-init-width=\"1201\" data-init-height=\"1201\" data-width=\"232\" data-height=\"232\" \/>\u0160to je Inc. 5000?\u00a0<\/strong><\/strong>Inc. 5000 je godi\u0161nja rang lista 5000 najbr\u017ee rastu\u0107ih privatnih tvrtki u Sjedinjenim Dr\u017eavama koju objavljuje \u010dasopis Inc. Tvrtke koje se na\u0111u na ovoj listi prepoznate su po zna\u010dajnom rastu prihoda tijekom trogodi\u0161njeg razdoblja i po iskazanom izvanrednom vodstvu, inovacijama i otpornosti u svojim industrijama. Biti rangiran na Inc. 5000 nije samo nagrada; to je simbol napornog rada, predanosti i sposobnosti napredovanja na konkurentnom tr\u017ei\u0161tu.<\/p><p><strong><strong><strong>Za\u0161to je ovo va\u017eno za Precision Healthcare<\/strong><\/strong><\/strong><\/p><p>Postizanje mjesta #648 na listi Inc. 5000 za 2024. godinu vi\u0161e je od prekretnice - to je potvrda na\u0161e vizije i misije transformacije komunikacije u zdravstvu. Ovaj rang odra\u017eava povjerenje koje nam na\u0161i klijenti pola\u017eu, snagu na\u0161ih partnerstava i strast na\u0161eg tima. Pokazuje na\u0161u sposobnost skaliranja i prilagodbe u industriji koja se stalno razvija, osiguravaju\u0107i da i dalje pru\u017eamo vrhunske usluge koje zadovoljavaju i prema\u0161uju potrebe na\u0161ih klijenata.<\/p><p><img decoding=\"async\" class=\"alignleft\" style=\"aspect-ratio: auto 800 \/ 800;\" title=\"Vanessa Best Profile Inc 5000\" src=\"https:\/\/www.precisionhcc.com\/wp-content\/uploads\/2025\/01\/Vanessa-Best-Profile-Inc-5000.png\" alt=\"\" width=\"245\" height=\"245\" data-id=\"3815\" data-init-width=\"800\" data-init-height=\"800\" data-width=\"245\" data-height=\"245\" \/><\/p><p><strong><strong><strong>Na\u0161e putovanje rasta<\/strong><\/strong><\/strong><\/p><p>Od svog osnutka, Precision Healthcare posve\u0107en je pru\u017eanju vrhunskih komunikacijskih rje\u0161enja koja donose bolje rezultate za pacijente i pru\u017eatelje zdravstvene skrbi. Na\u0161 put do Inc. 5000 potaknut je inovacijama, dubokim razumijevanjem potreba na\u0161ih klijenata i predano\u0161\u0107u poticanju kulture izvrsnosti.<\/p><p><strong>\u0160to je sljede\u0107e?<\/strong>Dok slavimo ovo postignu\u0107e, ostajemo usredoto\u010deni na budu\u0107nost. Uzbu\u0111eni smo \u0161to \u0107emo nastaviti na\u0161 rast, istra\u017eiti nove mogu\u0107nosti, pro\u0161iriti na\u0161e usluge i oja\u010dati na\u0161 utjecaj na zdravstvenu industriju. Ovo je samo po\u010detak i \u017eeljno \u010dekamo vidjeti kamo \u0107e nas sljede\u0107e poglavlje na\u0161eg putovanja odvesti.<\/p><h2 style=\"text-align: center;\">Pridru\u017eite nam se na na\u0161em putovanju<\/h2><p>Pozivamo vas da doprinesete na\u0161em kontinuiranom uspjehu. Bilo da ste trenutni klijent, partner ili netko tko je zainteresiran saznati vi\u0161e o na\u0161em radu, uzbu\u0111eni smo \u0161to mo\u017eemo podijeliti na\u0161u pri\u010du. Zajedno mo\u017eemo posti\u0107i jo\u0161 zna\u010dajnije prekretnice.<\/p><p>Kontakt: Za dodatne informacije o Precision HealthCareu, kontaktirajte Lisu Hunt na <strong>(516) 771-7554<\/strong> ili putem e-po\u0161te na <a href=\"mailto:Lisa.Hunt@precisionhcc.com\" target=\"_blank\" rel=\"noopener\">Lisa.Hunt@precisionhcc.com<\/a><\/p>\t\t\t\t\t\t\t\t<\/div>\n\t\t\t\t<\/div>\n\t\t\t\t<\/div>\n\t\t\t\t\t<\/div>\n\t\t\t\t<\/div>\n\t\t<div class=\"elementor-element elementor-element-4f13fe42 e-flex e-con-boxed e-con e-parent\" data-id=\"4f13fe42\" data-element_type=\"container\" data-e-type=\"container\" data-settings=\"{&quot;jet_parallax_layout_list&quot;:[]}\">\n\t\t\t\t\t<div class=\"e-con-inner\">\n\t\t\t\t<div class=\"elementor-element elementor-element-69dd7097 elementor-align-center elementor-widget elementor-widget-button\" data-id=\"69dd7097\" data-element_type=\"widget\" data-e-type=\"widget\" data-widget_type=\"button.default\">\n\t\t\t\t<div class=\"elementor-widget-container\">\n\t\t\t\t\t\t\t\t\t<div class=\"elementor-button-wrapper\">\n\t\t\t\t\t<a class=\"elementor-button elementor-button-link elementor-size-sm\" href=\"https:\/\/www.precisionhcc.com\/hr\/about-us\/awards\/\">\n\t\t\t\t\t\t<span class=\"elementor-button-content-wrapper\">\n\t\t\t\t\t\t<span class=\"elementor-button-icon\">\n\t\t\t\t<i aria-hidden=\"true\" class=\"fas fa-arrow-alt-circle-left\"><\/i>\t\t\t<\/span>\n\t\t\t\t\t\t\t\t\t<span class=\"elementor-button-text\">Povratak na nagrade<\/span>\n\t\t\t\t\t<\/span>\n\t\t\t\t\t<\/a>\n\t\t\t\t<\/div>\n\t\t\t\t\t\t\t\t<\/div>\n\t\t\t\t<\/div>\n\t\t\t\t\t<\/div>\n\t\t\t\t<\/div>\n\t\t<div class=\"elementor-element elementor-element-3aaa649c e-flex e-con-boxed e-con e-parent\" data-id=\"3aaa649c\" data-element_type=\"container\" data-e-type=\"container\" data-settings=\"{&quot;jet_parallax_layout_list&quot;:[]}\">\n\t\t\t\t\t<div class=\"e-con-inner\">\n\t\t\t\t\t<\/div>\n\t\t\t\t<\/div>\n\t\t\t\t<\/div>","protected":false},"excerpt":{"rendered":"<p>Precision Healthcare: Ranked #648 on the Inc. 5000 List for 2024 Companies on this list had a median growth rate of 208%, with over 875,000 jobs added to the industry. \u00a0 At Precision Healthcare, we are incredibly honored to announce that we have been ranked #648 on the 2024 Inc. 5000 list\u2014a prestigious recognition celebrating [&hellip;]<\/p>\n","protected":false},"author":1236,"featured_media":0,"parent":3825,"menu_order":0,"comment_status":"closed","ping_status":"closed","template":"elementor_header_footer","meta":{"footnotes":""},"class_list":["post-4273","page","type-page","status-publish","hentry"],"yoast_head":"<!-- This site is optimized with the Yoast SEO plugin v27.3 - https:\/\/yoast.com\/product\/yoast-seo-wordpress\/ -->\n<title>Ranked #648 on the Inc. 5000 List for 2024 | Precision HealthCare Consultants<\/title>\n<meta name=\"description\" content=\"Precision Healthcare: Ranked #648 on the Inc. 5000 List for 2024Companies on this list had a median growth rate of 208%, with over 875,000 jobs added to\" \/>\n<meta name=\"robots\" content=\"index, follow, max-snippet:-1, max-image-preview:large, max-video-preview:-1\" \/>\n<link rel=\"canonical\" href=\"https:\/\/www.precisionhcc.com\/hr\/about-us\/awards\/ranked-648-on-the-inc-5000-list-for-2024\/\" \/>\n<meta property=\"og:locale\" content=\"hr_HR\" \/>\n<meta property=\"og:type\" content=\"article\" \/>\n<meta property=\"og:title\" content=\"Ranked #648 on the Inc. 5000 List for 2024 | Precision HealthCare Consultants\" \/>\n<meta property=\"og:description\" content=\"Precision Healthcare: Ranked #648 on the Inc. 5000 List for 2024Companies on this list had a median growth rate of 208%, with over 875,000 jobs added to\" \/>\n<meta property=\"og:url\" content=\"https:\/\/www.precisionhcc.com\/hr\/about-us\/awards\/ranked-648-on-the-inc-5000-list-for-2024\/\" \/>\n<meta property=\"og:site_name\" content=\"Precision HealthCare Consultants\" \/>\n<meta property=\"article:publisher\" content=\"https:\/\/www.facebook.com\/Precision-Healthcare-Consultants-166924926665497\/\" \/>\n<meta property=\"article:modified_time\" content=\"2025-05-16T19:33:40+00:00\" \/>\n<meta property=\"og:image\" content=\"https:\/\/www.precisionhcc.com\/wp-content\/uploads\/2025\/02\/awards_0001_Layer-0.png\" \/>\n<meta name=\"twitter:card\" content=\"summary_large_image\" \/>\n<meta name=\"twitter:site\" content=\"@precisionhcc\" \/>\n<meta name=\"twitter:label1\" content=\"Est. reading time\" \/>\n\t<meta name=\"twitter:data1\" content=\"3 minute\" \/>\n<script type=\"application\/ld+json\" class=\"yoast-schema-graph\">{\"@context\":\"https:\\\/\\\/schema.org\",\"@graph\":[{\"@type\":\"WebPage\",\"@id\":\"https:\\\/\\\/www.precisionhcc.com\\\/about-us\\\/awards\\\/ranked-648-on-the-inc-5000-list-for-2024\\\/\",\"url\":\"https:\\\/\\\/www.precisionhcc.com\\\/about-us\\\/awards\\\/ranked-648-on-the-inc-5000-list-for-2024\\\/\",\"name\":\"Ranked #648 on the Inc. 5000 List for 2024 | Precision HealthCare Consultants\",\"isPartOf\":{\"@id\":\"https:\\\/\\\/www.precisionhcc.com\\\/#website\"},\"primaryImageOfPage\":{\"@id\":\"https:\\\/\\\/www.precisionhcc.com\\\/about-us\\\/awards\\\/ranked-648-on-the-inc-5000-list-for-2024\\\/#primaryimage\"},\"image\":{\"@id\":\"https:\\\/\\\/www.precisionhcc.com\\\/about-us\\\/awards\\\/ranked-648-on-the-inc-5000-list-for-2024\\\/#primaryimage\"},\"thumbnailUrl\":\"https:\\\/\\\/www.precisionhcc.com\\\/wp-content\\\/uploads\\\/2025\\\/02\\\/awards_0001_Layer-0.png\",\"datePublished\":\"2025-01-07T22:33:47+00:00\",\"dateModified\":\"2025-05-16T19:33:40+00:00\",\"description\":\"Precision Healthcare: Ranked #648 on the Inc. 5000 List for 2024Companies on this list had a median growth rate of 208%, with over 875,000 jobs added to\",\"breadcrumb\":{\"@id\":\"https:\\\/\\\/www.precisionhcc.com\\\/about-us\\\/awards\\\/ranked-648-on-the-inc-5000-list-for-2024\\\/#breadcrumb\"},\"inLanguage\":\"hr\",\"potentialAction\":[{\"@type\":\"ReadAction\",\"target\":[\"https:\\\/\\\/www.precisionhcc.com\\\/about-us\\\/awards\\\/ranked-648-on-the-inc-5000-list-for-2024\\\/\"]}]},{\"@type\":\"ImageObject\",\"inLanguage\":\"hr\",\"@id\":\"https:\\\/\\\/www.precisionhcc.com\\\/about-us\\\/awards\\\/ranked-648-on-the-inc-5000-list-for-2024\\\/#primaryimage\",\"url\":\"https:\\\/\\\/www.precisionhcc.com\\\/wp-content\\\/uploads\\\/2025\\\/02\\\/awards_0001_Layer-0.png\",\"contentUrl\":\"https:\\\/\\\/www.precisionhcc.com\\\/wp-content\\\/uploads\\\/2025\\\/02\\\/awards_0001_Layer-0.png\"},{\"@type\":\"BreadcrumbList\",\"@id\":\"https:\\\/\\\/www.precisionhcc.com\\\/about-us\\\/awards\\\/ranked-648-on-the-inc-5000-list-for-2024\\\/#breadcrumb\",\"itemListElement\":[{\"@type\":\"ListItem\",\"position\":1,\"name\":\"Home\",\"item\":\"https:\\\/\\\/www.precisionhcc.com\\\/\"},{\"@type\":\"ListItem\",\"position\":2,\"name\":\"About Us\",\"item\":\"https:\\\/\\\/www.precisionhcc.com\\\/about-us\\\/\"},{\"@type\":\"ListItem\",\"position\":3,\"name\":\"Awards\",\"item\":\"https:\\\/\\\/www.precisionhcc.com\\\/about-us\\\/awards\\\/\"},{\"@type\":\"ListItem\",\"position\":4,\"name\":\"Ranked #648 on the Inc. 5000 List for 2024\"}]},{\"@type\":\"WebSite\",\"@id\":\"https:\\\/\\\/www.precisionhcc.com\\\/#website\",\"url\":\"https:\\\/\\\/www.precisionhcc.com\\\/\",\"name\":\"Precision Healthcare Consultants\",\"description\":\"\",\"publisher\":{\"@id\":\"https:\\\/\\\/www.precisionhcc.com\\\/#organization\"},\"alternateName\":\"PHCC\",\"potentialAction\":[{\"@type\":\"SearchAction\",\"target\":{\"@type\":\"EntryPoint\",\"urlTemplate\":\"https:\\\/\\\/www.precisionhcc.com\\\/?s={search_term_string}\"},\"query-input\":{\"@type\":\"PropertyValueSpecification\",\"valueRequired\":true,\"valueName\":\"search_term_string\"}}],\"inLanguage\":\"hr\"},{\"@type\":\"Organization\",\"@id\":\"https:\\\/\\\/www.precisionhcc.com\\\/#organization\",\"name\":\"Precision HealthCare Consultants\",\"url\":\"https:\\\/\\\/www.precisionhcc.com\\\/\",\"logo\":{\"@type\":\"ImageObject\",\"inLanguage\":\"hr\",\"@id\":\"https:\\\/\\\/www.precisionhcc.com\\\/#\\\/schema\\\/logo\\\/image\\\/\",\"url\":\"https:\\\/\\\/www.precisionhcc.com\\\/wp-content\\\/uploads\\\/2020\\\/07\\\/Precision-logo.png\",\"contentUrl\":\"https:\\\/\\\/www.precisionhcc.com\\\/wp-content\\\/uploads\\\/2020\\\/07\\\/Precision-logo.png\",\"width\":656,\"height\":274,\"caption\":\"Precision HealthCare Consultants\"},\"image\":{\"@id\":\"https:\\\/\\\/www.precisionhcc.com\\\/#\\\/schema\\\/logo\\\/image\\\/\"},\"sameAs\":[\"https:\\\/\\\/www.facebook.com\\\/Precision-Healthcare-Consultants-166924926665497\\\/\",\"https:\\\/\\\/x.com\\\/precisionhcc\",\"https:\\\/\\\/www.linkedin.com\\\/in\\\/vanessa-best-ccs-p-cpc-ahima-icd-10-trainer-3bb948\",\"https:\\\/\\\/www.youtube.com\\\/channel\\\/UCZ6WKds91FdRPWEeGfwxv0A\"]}]}<\/script>\n<!-- \/ Yoast SEO plugin. -->","yoast_head_json":{"title":"Ranked #648 on the Inc. 5000 List for 2024 | Precision HealthCare Consultants","description":"Precision Healthcare: Ranked #648 on the Inc. 5000 List for 2024Companies on this list had a median growth rate of 208%, with over 875,000 jobs added to","robots":{"index":"index","follow":"follow","max-snippet":"max-snippet:-1","max-image-preview":"max-image-preview:large","max-video-preview":"max-video-preview:-1"},"canonical":"https:\/\/www.precisionhcc.com\/hr\/about-us\/awards\/ranked-648-on-the-inc-5000-list-for-2024\/","og_locale":"hr_HR","og_type":"article","og_title":"Ranked #648 on the Inc. 5000 List for 2024 | Precision HealthCare Consultants","og_description":"Precision Healthcare: Ranked #648 on the Inc. 5000 List for 2024Companies on this list had a median growth rate of 208%, with over 875,000 jobs added to","og_url":"https:\/\/www.precisionhcc.com\/hr\/about-us\/awards\/ranked-648-on-the-inc-5000-list-for-2024\/","og_site_name":"Precision HealthCare Consultants","article_publisher":"https:\/\/www.facebook.com\/Precision-Healthcare-Consultants-166924926665497\/","article_modified_time":"2025-05-16T19:33:40+00:00","og_image":[{"url":"https:\/\/www.precisionhcc.com\/wp-content\/uploads\/2025\/02\/awards_0001_Layer-0.png","type":"","width":"","height":""}],"twitter_card":"summary_large_image","twitter_site":"@precisionhcc","twitter_misc":{"Est. reading time":"3 minute"},"schema":{"@context":"https:\/\/schema.org","@graph":[{"@type":"WebPage","@id":"https:\/\/www.precisionhcc.com\/about-us\/awards\/ranked-648-on-the-inc-5000-list-for-2024\/","url":"https:\/\/www.precisionhcc.com\/about-us\/awards\/ranked-648-on-the-inc-5000-list-for-2024\/","name":"Ranked #648 on the Inc. 5000 List for 2024 | Precision HealthCare Consultants","isPartOf":{"@id":"https:\/\/www.precisionhcc.com\/#website"},"primaryImageOfPage":{"@id":"https:\/\/www.precisionhcc.com\/about-us\/awards\/ranked-648-on-the-inc-5000-list-for-2024\/#primaryimage"},"image":{"@id":"https:\/\/www.precisionhcc.com\/about-us\/awards\/ranked-648-on-the-inc-5000-list-for-2024\/#primaryimage"},"thumbnailUrl":"https:\/\/www.precisionhcc.com\/wp-content\/uploads\/2025\/02\/awards_0001_Layer-0.png","datePublished":"2025-01-07T22:33:47+00:00","dateModified":"2025-05-16T19:33:40+00:00","description":"Precision Healthcare: Ranked #648 on the Inc. 5000 List for 2024Companies on this list had a median growth rate of 208%, with over 875,000 jobs added to","breadcrumb":{"@id":"https:\/\/www.precisionhcc.com\/about-us\/awards\/ranked-648-on-the-inc-5000-list-for-2024\/#breadcrumb"},"inLanguage":"hr","potentialAction":[{"@type":"ReadAction","target":["https:\/\/www.precisionhcc.com\/about-us\/awards\/ranked-648-on-the-inc-5000-list-for-2024\/"]}]},{"@type":"ImageObject","inLanguage":"hr","@id":"https:\/\/www.precisionhcc.com\/about-us\/awards\/ranked-648-on-the-inc-5000-list-for-2024\/#primaryimage","url":"https:\/\/www.precisionhcc.com\/wp-content\/uploads\/2025\/02\/awards_0001_Layer-0.png","contentUrl":"https:\/\/www.precisionhcc.com\/wp-content\/uploads\/2025\/02\/awards_0001_Layer-0.png"},{"@type":"BreadcrumbList","@id":"https:\/\/www.precisionhcc.com\/about-us\/awards\/ranked-648-on-the-inc-5000-list-for-2024\/#breadcrumb","itemListElement":[{"@type":"ListItem","position":1,"name":"Home","item":"https:\/\/www.precisionhcc.com\/"},{"@type":"ListItem","position":2,"name":"About Us","item":"https:\/\/www.precisionhcc.com\/about-us\/"},{"@type":"ListItem","position":3,"name":"Awards","item":"https:\/\/www.precisionhcc.com\/about-us\/awards\/"},{"@type":"ListItem","position":4,"name":"Ranked #648 on the Inc. 5000 List for 2024"}]},{"@type":"WebSite","@id":"https:\/\/www.precisionhcc.com\/#website","url":"https:\/\/www.precisionhcc.com\/","name":"Konzultanti za preciznu zdravstvenu skrb","description":"","publisher":{"@id":"https:\/\/www.precisionhcc.com\/#organization"},"alternateName":"PHCC","potentialAction":[{"@type":"SearchAction","target":{"@type":"EntryPoint","urlTemplate":"https:\/\/www.precisionhcc.com\/?s={search_term_string}"},"query-input":{"@type":"PropertyValueSpecification","valueRequired":true,"valueName":"search_term_string"}}],"inLanguage":"hr"},{"@type":"Organization","@id":"https:\/\/www.precisionhcc.com\/#organization","name":"Konzultanti za preciznu zdravstvenu skrb","url":"https:\/\/www.precisionhcc.com\/","logo":{"@type":"ImageObject","inLanguage":"hr","@id":"https:\/\/www.precisionhcc.com\/#\/schema\/logo\/image\/","url":"https:\/\/www.precisionhcc.com\/wp-content\/uploads\/2020\/07\/Precision-logo.png","contentUrl":"https:\/\/www.precisionhcc.com\/wp-content\/uploads\/2020\/07\/Precision-logo.png","width":656,"height":274,"caption":"Precision HealthCare Consultants"},"image":{"@id":"https:\/\/www.precisionhcc.com\/#\/schema\/logo\/image\/"},"sameAs":["https:\/\/www.facebook.com\/Precision-Healthcare-Consultants-166924926665497\/","https:\/\/x.com\/precisionhcc","https:\/\/www.linkedin.com\/in\/vanessa-best-ccs-p-cpc-ahima-icd-10-trainer-3bb948","https:\/\/www.youtube.com\/channel\/UCZ6WKds91FdRPWEeGfwxv0A"]}]}},"_links":{"self":[{"href":"https:\/\/www.precisionhcc.com\/hr\/wp-json\/wp\/v2\/pages\/4273","targetHints":{"allow":["GET"]}}],"collection":[{"href":"https:\/\/www.precisionhcc.com\/hr\/wp-json\/wp\/v2\/pages"}],"about":[{"href":"https:\/\/www.precisionhcc.com\/hr\/wp-json\/wp\/v2\/types\/page"}],"author":[{"embeddable":true,"href":"https:\/\/www.precisionhcc.com\/hr\/wp-json\/wp\/v2\/users\/1236"}],"replies":[{"embeddable":true,"href":"https:\/\/www.precisionhcc.com\/hr\/wp-json\/wp\/v2\/comments?post=4273"}],"version-history":[{"count":0,"href":"https:\/\/www.precisionhcc.com\/hr\/wp-json\/wp\/v2\/pages\/4273\/revisions"}],"up":[{"embeddable":true,"href":"https:\/\/www.precisionhcc.com\/hr\/wp-json\/wp\/v2\/pages\/3825"}],"wp:attachment":[{"href":"https:\/\/www.precisionhcc.com\/hr\/wp-json\/wp\/v2\/media?parent=4273"}],"curies":[{"name":"wp","href":"https:\/\/api.w.org\/{rel}","templated":true}]}}