{"id":4275,"date":"2025-01-07T17:34:45","date_gmt":"2025-01-07T22:34:45","guid":{"rendered":"https:\/\/www.precisionhcc.com\/?page_id=4275"},"modified":"2025-05-16T08:07:44","modified_gmt":"2025-05-16T12:07:44","slug":"2024-business-trailblazer-award","status":"publish","type":"page","link":"https:\/\/www.precisionhcc.com\/hr\/about-us\/awards\/2024-business-trailblazer-award\/","title":{"rendered":"Nagrada Poslovni pionir 2024."},"content":{"rendered":"<div data-elementor-type=\"wp-page\" data-elementor-id=\"4275\" class=\"elementor elementor-4275\" data-elementor-post-type=\"page\">\n\t\t\t\t<div class=\"elementor-element elementor-element-6ed50cc e-flex e-con-boxed e-con e-parent\" data-id=\"6ed50cc\" data-element_type=\"container\" data-e-type=\"container\" data-settings=\"{&quot;jet_parallax_layout_list&quot;:[]}\">\n\t\t\t\t\t<div class=\"e-con-inner\">\n\t\t<div class=\"elementor-element elementor-element-5601df6 e-con-full e-flex e-con e-child\" data-id=\"5601df6\" data-element_type=\"container\" data-e-type=\"container\" data-settings=\"{&quot;background_background&quot;:&quot;classic&quot;,&quot;jet_parallax_layout_list&quot;:[]}\">\n\t\t\t\t<div class=\"elementor-element elementor-element-a042678 elementor-widget elementor-widget-spacer\" data-id=\"a042678\" data-element_type=\"widget\" data-e-type=\"widget\" data-widget_type=\"spacer.default\">\n\t\t\t\t<div class=\"elementor-widget-container\">\n\t\t\t\t\t\t\t<div class=\"elementor-spacer\">\n\t\t\t<div class=\"elementor-spacer-inner\"><\/div>\n\t\t<\/div>\n\t\t\t\t\t\t<\/div>\n\t\t\t\t<\/div>\n\t\t\t\t<div class=\"elementor-element elementor-element-ff56f8a elementor-invisible elementor-widget elementor-widget-heading\" data-id=\"ff56f8a\" data-element_type=\"widget\" data-e-type=\"widget\" data-settings=\"{&quot;_animation&quot;:&quot;fadeInDown&quot;}\" data-widget_type=\"heading.default\">\n\t\t\t\t<div class=\"elementor-widget-container\">\n\t\t\t\t\t<h1 class=\"elementor-heading-title elementor-size-default\">Nagrada Poslovni pionir 2024.<\/h1>\t\t\t\t<\/div>\n\t\t\t\t<\/div>\n\t\t\t\t<div class=\"elementor-element elementor-element-1f8b796 elementor-widget elementor-widget-spacer\" data-id=\"1f8b796\" data-element_type=\"widget\" data-e-type=\"widget\" data-widget_type=\"spacer.default\">\n\t\t\t\t<div class=\"elementor-widget-container\">\n\t\t\t\t\t\t\t<div class=\"elementor-spacer\">\n\t\t\t<div class=\"elementor-spacer-inner\"><\/div>\n\t\t<\/div>\n\t\t\t\t\t\t<\/div>\n\t\t\t\t<\/div>\n\t\t\t\t<\/div>\n\t\t\t\t\t<\/div>\n\t\t\t\t<\/div>\n\t\t<div class=\"elementor-element elementor-element-1f3d44b e-flex e-con-boxed e-con e-parent\" data-id=\"1f3d44b\" data-element_type=\"container\" data-e-type=\"container\" data-settings=\"{&quot;jet_parallax_layout_list&quot;:[]}\">\n\t\t\t\t\t<div class=\"e-con-inner\">\n\t\t<div class=\"elementor-element elementor-element-cf4d4e4 e-con-full e-flex e-con e-child\" data-id=\"cf4d4e4\" data-element_type=\"container\" data-e-type=\"container\" data-settings=\"{&quot;background_background&quot;:&quot;classic&quot;,&quot;jet_parallax_layout_list&quot;:[]}\">\n\t\t\t\t<div class=\"elementor-element elementor-element-5b3e99aa elementor-widget elementor-widget-text-editor\" data-id=\"5b3e99aa\" data-element_type=\"widget\" data-e-type=\"widget\" data-widget_type=\"text-editor.default\">\n\t\t\t\t<div class=\"elementor-widget-container\">\n\t\t\t\t\t\t\t\t\t<h2 style=\"text-align: center;\">Konzultantima za zdravstvenu skrb Precision dodijeljena nagrada Business Trailblazer za 2024. godinu<\/h2><p><strong>Odavanje po\u010dasti izvrsnosti tijekom Nacionalnog mjeseca crna\u010dkog poslovanja\u00a0<\/strong>Kolovoz je Nacionalni mjesec crna\u010dkog poslovanja, vrijeme za prepoznavanje i podr\u0161ku postignu\u0107ima tvrtki u vlasni\u0161tvu crnaca diljem Sjedinjenih Dr\u017eava. S otprilike 3,12 milijuna tvrtki u vlasni\u0161tvu crnaca koje napreduju diljem zemlje, ovaj mjesec pru\u017ea zna\u010dajnu priliku za proslavu utjecaja i inovacija koje ta poduze\u0107a donose na\u0161im zajednicama i gospodarstvu.<\/p><p>Nevjerojatno smo ponosni \u0161to mo\u017eemo objaviti da je tvrtka Precision Healthcare Consultants nagra\u0111ena nagradom Business Trailblazer na prvom godi\u0161njem nacionalnom doga\u0111aju Black Business Month Mixer koji je organizirala tvrtka Nevaillance na Nassau County Community Collegeu. Ova presti\u017ena nagrada priznaje na\u0161u predanost izvrsnosti, inovacijama i vodstvu u zdravstvenoj industriji.<\/p><p><img fetchpriority=\"high\" decoding=\"async\" class=\"alignleft\" style=\"aspect-ratio: auto 682 \/ 1000;\" title=\"dodijeliti\" src=\"https:\/\/www.precisionhcc.com\/wp-content\/uploads\/2025\/01\/award.jpg\" alt=\"\" width=\"301\" height=\"441\" data-id=\"3822\" data-init-width=\"682\" data-init-height=\"1000\" data-width=\"301\" data-height=\"441\" \/><\/p><p><strong>O nagradi Business Pionblazer<\/strong><\/p><p>Nagrada Business Trailblazer prepoznaje tvrtke s iznimnom inovacijom, vodstvom i utjecajem u svojim industrijama. Osvajanje ove nagrade svjedo\u010di o na\u0161im kontinuiranim naporima da probijemo nove puteve u zdravstvenim rje\u0161enjima, pobolj\u0161amo ishode lije\u010denja pacijenata i pru\u017eimo izvanrednu vrijednost na\u0161im klijentima.<\/p><p><strong>Na\u0161a predanost izvrsnosti i inovacijama<\/strong>U tvrtki Precision Healthcare Consultants strastveno \u017eelimo napraviti razliku u zdravstvenom sektoru. Na\u0161 tim posve\u0107en je razvoju vrhunskih rje\u0161enja temeljenih na podacima koja zadovoljavaju jedinstvene potrebe na\u0161ih klijenata. Ova nagrada isti\u010de na\u0161u nepokolebljivu predanost poticanju inovacija i izvrsnosti u svakom aspektu na\u0161eg rada.<\/p><p><strong>Hvala vam na podr\u0161ci<\/strong><\/p><p>Iskreno zahvaljujemo Nevaillanceu i Nassau County Community Collegeu na doma\u0107instvu ovog nevjerojatnog doga\u0111aja te svim na\u0161im partnerima i klijentima koji su nas podr\u017eali na ovom putovanju. Veselimo se \u0161to \u0107emo nastaviti predvoditi i inovirati u zdravstvenoj industriji, otvaraju\u0107i put svjetlijoj budu\u0107nosti.<\/p><h4><strong>\u010cestitam, Vanessa Best!<\/strong><\/h4><p><strong>Za\u0161to je ovo va\u017eno za Precision Healthcare<\/strong><\/p><p>Osvajanje ove nagrade vi\u0161e je od prekretnice - to je potvrda na\u0161e vizije i misije transformacije komunikacije u zdravstvu. Ova ocjena odra\u017eava povjerenje koje nam klijenti pola\u017eu, snagu na\u0161ih partnerstava i strast na\u0161eg tima. Ona pokazuje na\u0161u sposobnost skaliranja i prilagodbe u industriji koja se stalno razvija, osiguravaju\u0107i da i dalje pru\u017eamo vrhunske usluge koje zadovoljavaju i prema\u0161uju potrebe na\u0161ih klijenata.<\/p><p><img decoding=\"async\" class=\"alignleft\" style=\"aspect-ratio: auto 800 \/ 800;\" title=\"Vanessa Best Profile Inc 5000\" src=\"https:\/\/www.precisionhcc.com\/wp-content\/uploads\/2025\/01\/Vanessa-Best-Profile-Inc-5000.png\" alt=\"\" width=\"245\" height=\"245\" data-id=\"3815\" data-init-width=\"800\" data-init-height=\"800\" data-width=\"245\" data-height=\"245\" \/><\/p><p><strong>Na\u0161e putovanje rasta<\/strong><\/p><p>Od svog osnutka, Precision Healthcare posve\u0107en je pru\u017eanju vrhunskih komunikacijskih rje\u0161enja koja donose bolje rezultate za pacijente i pru\u017eatelje zdravstvene skrbi. Na\u0161e putovanje potaknuto je inovacijama, dubokim razumijevanjem potreba na\u0161ih klijenata i predano\u0161\u0107u poticanju kulture izvrsnosti.<\/p><p><strong>\u0160to je sljede\u0107e?<\/strong>Dok slavimo ovo postignu\u0107e, ostajemo usredoto\u010deni na budu\u0107nost. Uzbu\u0111eni smo \u0161to \u0107emo nastaviti na\u0161 rast, istra\u017eiti nove mogu\u0107nosti, pro\u0161iriti na\u0161e usluge i oja\u010dati na\u0161 utjecaj na zdravstvenu industriju. Ovo je samo po\u010detak i \u017eeljno \u010dekamo vidjeti kamo \u0107e nas sljede\u0107e poglavlje na\u0161eg putovanja odvesti.<\/p><h2>\u00a0<\/h2><h2 style=\"text-align: left;\">Pridru\u017eite nam se na na\u0161em putovanju<\/h2><p>Pozivamo vas da doprinesete na\u0161em kontinuiranom uspjehu. Bilo da ste trenutni klijent, partner ili netko tko je zainteresiran saznati vi\u0161e o na\u0161em radu, uzbu\u0111eni smo \u0161to mo\u017eemo podijeliti na\u0161u pri\u010du. Zajedno mo\u017eemo posti\u0107i jo\u0161 zna\u010dajnije prekretnice.<\/p><p>Kontakt: Za dodatne informacije o Precision HealthCareu, kontaktirajte Lisu Hunt na <strong>(516) 771-7554<\/strong> ili putem e-po\u0161te na <a href=\"mailto:Lisa.Hunt@precisionhcc.com\" target=\"_blank\" rel=\"noopener\">Lisa.Hunt@precisionhcc.com<\/a><\/p>\t\t\t\t\t\t\t\t<\/div>\n\t\t\t\t<\/div>\n\t\t\t\t<\/div>\n\t\t\t\t\t<\/div>\n\t\t\t\t<\/div>\n\t\t<div class=\"elementor-element elementor-element-6b31820 e-flex e-con-boxed e-con e-parent\" data-id=\"6b31820\" data-element_type=\"container\" data-e-type=\"container\" data-settings=\"{&quot;jet_parallax_layout_list&quot;:[]}\">\n\t\t\t\t\t<div class=\"e-con-inner\">\n\t\t\t\t<div class=\"elementor-element elementor-element-322055e elementor-align-center elementor-widget elementor-widget-button\" data-id=\"322055e\" data-element_type=\"widget\" data-e-type=\"widget\" data-widget_type=\"button.default\">\n\t\t\t\t<div class=\"elementor-widget-container\">\n\t\t\t\t\t\t\t\t\t<div class=\"elementor-button-wrapper\">\n\t\t\t\t\t<a class=\"elementor-button elementor-button-link elementor-size-sm\" href=\"https:\/\/www.precisionhcc.com\/hr\/about-us\/awards\/\">\n\t\t\t\t\t\t<span class=\"elementor-button-content-wrapper\">\n\t\t\t\t\t\t<span class=\"elementor-button-icon\">\n\t\t\t\t<i aria-hidden=\"true\" class=\"fas fa-arrow-alt-circle-left\"><\/i>\t\t\t<\/span>\n\t\t\t\t\t\t\t\t\t<span class=\"elementor-button-text\">Povratak na nagrade<\/span>\n\t\t\t\t\t<\/span>\n\t\t\t\t\t<\/a>\n\t\t\t\t<\/div>\n\t\t\t\t\t\t\t\t<\/div>\n\t\t\t\t<\/div>\n\t\t\t\t\t<\/div>\n\t\t\t\t<\/div>\n\t\t\t\t<\/div>","protected":false},"excerpt":{"rendered":"<p>Precision Healthcare Consultants Awarded the 2024 Business Trailblazer Award Honoring Excellence During National Black Business Month\u00a0August is National Black Business Month, a time to recognize and support the achievements of Black-owned businesses across the United States. With approximately 3.12 million Black-owned businesses thriving nationwide, this month provides a significant opportunity to celebrate the impact and [&hellip;]<\/p>\n","protected":false},"author":1236,"featured_media":0,"parent":3825,"menu_order":0,"comment_status":"closed","ping_status":"closed","template":"","meta":{"footnotes":""},"class_list":["post-4275","page","type-page","status-publish","hentry"],"yoast_head":"<!-- This site is optimized with the Yoast SEO plugin v27.5 - https:\/\/yoast.com\/product\/yoast-seo-wordpress\/ -->\n<title>2024 Business Trailblazer Award | Precision HealthCare Consultants<\/title>\n<meta name=\"description\" content=\"Precision Healthcare Consultants Awarded the 2024 Business Trailblazer AwardHonoring Excellence During National Black Business Month\u00a0August is National\" \/>\n<meta name=\"robots\" content=\"index, follow, max-snippet:-1, max-image-preview:large, max-video-preview:-1\" \/>\n<link rel=\"canonical\" href=\"https:\/\/www.precisionhcc.com\/hr\/about-us\/awards\/2024-business-trailblazer-award\/\" \/>\n<meta property=\"og:locale\" content=\"hr_HR\" \/>\n<meta property=\"og:type\" content=\"article\" \/>\n<meta property=\"og:title\" content=\"2024 Business Trailblazer Award | Precision HealthCare Consultants\" \/>\n<meta property=\"og:description\" content=\"Precision Healthcare Consultants Awarded the 2024 Business Trailblazer AwardHonoring Excellence During National Black Business Month\u00a0August is National\" \/>\n<meta property=\"og:url\" content=\"https:\/\/www.precisionhcc.com\/hr\/about-us\/awards\/2024-business-trailblazer-award\/\" \/>\n<meta property=\"og:site_name\" content=\"Precision HealthCare Consultants\" \/>\n<meta property=\"article:publisher\" content=\"https:\/\/www.facebook.com\/Precision-Healthcare-Consultants-166924926665497\/\" \/>\n<meta property=\"article:modified_time\" content=\"2025-05-16T12:07:44+00:00\" \/>\n<meta property=\"og:image\" content=\"https:\/\/www.precisionhcc.com\/wp-content\/uploads\/2025\/01\/award.jpg\" \/>\n<meta name=\"twitter:card\" content=\"summary_large_image\" \/>\n<meta name=\"twitter:site\" content=\"@precisionhcc\" \/>\n<meta name=\"twitter:label1\" content=\"Est. reading time\" \/>\n\t<meta name=\"twitter:data1\" content=\"3 minute\" \/>\n<script type=\"application\/ld+json\" class=\"yoast-schema-graph\">{\"@context\":\"https:\\\/\\\/schema.org\",\"@graph\":[{\"@type\":\"WebPage\",\"@id\":\"https:\\\/\\\/www.precisionhcc.com\\\/about-us\\\/awards\\\/2024-business-trailblazer-award\\\/\",\"url\":\"https:\\\/\\\/www.precisionhcc.com\\\/about-us\\\/awards\\\/2024-business-trailblazer-award\\\/\",\"name\":\"2024 Business Trailblazer Award | Precision HealthCare Consultants\",\"isPartOf\":{\"@id\":\"https:\\\/\\\/www.precisionhcc.com\\\/#website\"},\"primaryImageOfPage\":{\"@id\":\"https:\\\/\\\/www.precisionhcc.com\\\/about-us\\\/awards\\\/2024-business-trailblazer-award\\\/#primaryimage\"},\"image\":{\"@id\":\"https:\\\/\\\/www.precisionhcc.com\\\/about-us\\\/awards\\\/2024-business-trailblazer-award\\\/#primaryimage\"},\"thumbnailUrl\":\"https:\\\/\\\/www.precisionhcc.com\\\/wp-content\\\/uploads\\\/2025\\\/01\\\/award.jpg\",\"datePublished\":\"2025-01-07T22:34:45+00:00\",\"dateModified\":\"2025-05-16T12:07:44+00:00\",\"description\":\"Precision Healthcare Consultants Awarded the 2024 Business Trailblazer AwardHonoring Excellence During National Black Business Month\u00a0August is National\",\"breadcrumb\":{\"@id\":\"https:\\\/\\\/www.precisionhcc.com\\\/about-us\\\/awards\\\/2024-business-trailblazer-award\\\/#breadcrumb\"},\"inLanguage\":\"hr\",\"potentialAction\":[{\"@type\":\"ReadAction\",\"target\":[\"https:\\\/\\\/www.precisionhcc.com\\\/about-us\\\/awards\\\/2024-business-trailblazer-award\\\/\"]}]},{\"@type\":\"ImageObject\",\"inLanguage\":\"hr\",\"@id\":\"https:\\\/\\\/www.precisionhcc.com\\\/about-us\\\/awards\\\/2024-business-trailblazer-award\\\/#primaryimage\",\"url\":\"https:\\\/\\\/www.precisionhcc.com\\\/wp-content\\\/uploads\\\/2025\\\/01\\\/award.jpg\",\"contentUrl\":\"https:\\\/\\\/www.precisionhcc.com\\\/wp-content\\\/uploads\\\/2025\\\/01\\\/award.jpg\"},{\"@type\":\"BreadcrumbList\",\"@id\":\"https:\\\/\\\/www.precisionhcc.com\\\/about-us\\\/awards\\\/2024-business-trailblazer-award\\\/#breadcrumb\",\"itemListElement\":[{\"@type\":\"ListItem\",\"position\":1,\"name\":\"Home\",\"item\":\"https:\\\/\\\/www.precisionhcc.com\\\/\"},{\"@type\":\"ListItem\",\"position\":2,\"name\":\"About Us\",\"item\":\"https:\\\/\\\/www.precisionhcc.com\\\/about-us\\\/\"},{\"@type\":\"ListItem\",\"position\":3,\"name\":\"Awards\",\"item\":\"https:\\\/\\\/www.precisionhcc.com\\\/about-us\\\/awards\\\/\"},{\"@type\":\"ListItem\",\"position\":4,\"name\":\"2024 Business Trailblazer Award\"}]},{\"@type\":\"WebSite\",\"@id\":\"https:\\\/\\\/www.precisionhcc.com\\\/#website\",\"url\":\"https:\\\/\\\/www.precisionhcc.com\\\/\",\"name\":\"Precision Healthcare Consultants\",\"description\":\"\",\"publisher\":{\"@id\":\"https:\\\/\\\/www.precisionhcc.com\\\/#organization\"},\"alternateName\":\"PHCC\",\"potentialAction\":[{\"@type\":\"SearchAction\",\"target\":{\"@type\":\"EntryPoint\",\"urlTemplate\":\"https:\\\/\\\/www.precisionhcc.com\\\/?s={search_term_string}\"},\"query-input\":{\"@type\":\"PropertyValueSpecification\",\"valueRequired\":true,\"valueName\":\"search_term_string\"}}],\"inLanguage\":\"hr\"},{\"@type\":\"Organization\",\"@id\":\"https:\\\/\\\/www.precisionhcc.com\\\/#organization\",\"name\":\"Precision HealthCare Consultants\",\"url\":\"https:\\\/\\\/www.precisionhcc.com\\\/\",\"logo\":{\"@type\":\"ImageObject\",\"inLanguage\":\"hr\",\"@id\":\"https:\\\/\\\/www.precisionhcc.com\\\/#\\\/schema\\\/logo\\\/image\\\/\",\"url\":\"https:\\\/\\\/www.precisionhcc.com\\\/wp-content\\\/uploads\\\/2020\\\/07\\\/Precision-logo.png\",\"contentUrl\":\"https:\\\/\\\/www.precisionhcc.com\\\/wp-content\\\/uploads\\\/2020\\\/07\\\/Precision-logo.png\",\"width\":656,\"height\":274,\"caption\":\"Precision HealthCare Consultants\"},\"image\":{\"@id\":\"https:\\\/\\\/www.precisionhcc.com\\\/#\\\/schema\\\/logo\\\/image\\\/\"},\"sameAs\":[\"https:\\\/\\\/www.facebook.com\\\/Precision-Healthcare-Consultants-166924926665497\\\/\",\"https:\\\/\\\/x.com\\\/precisionhcc\",\"https:\\\/\\\/www.linkedin.com\\\/in\\\/vanessa-best-ccs-p-cpc-ahima-icd-10-trainer-3bb948\",\"https:\\\/\\\/www.youtube.com\\\/channel\\\/UCZ6WKds91FdRPWEeGfwxv0A\"]}]}<\/script>\n<!-- \/ Yoast SEO plugin. -->","yoast_head_json":{"title":"2024 Business Trailblazer Award | Precision HealthCare Consultants","description":"Precision Healthcare Consultants Awarded the 2024 Business Trailblazer AwardHonoring Excellence During National Black Business Month\u00a0August is National","robots":{"index":"index","follow":"follow","max-snippet":"max-snippet:-1","max-image-preview":"max-image-preview:large","max-video-preview":"max-video-preview:-1"},"canonical":"https:\/\/www.precisionhcc.com\/hr\/about-us\/awards\/2024-business-trailblazer-award\/","og_locale":"hr_HR","og_type":"article","og_title":"2024 Business Trailblazer Award | Precision HealthCare Consultants","og_description":"Precision Healthcare Consultants Awarded the 2024 Business Trailblazer AwardHonoring Excellence During National Black Business Month\u00a0August is National","og_url":"https:\/\/www.precisionhcc.com\/hr\/about-us\/awards\/2024-business-trailblazer-award\/","og_site_name":"Precision HealthCare Consultants","article_publisher":"https:\/\/www.facebook.com\/Precision-Healthcare-Consultants-166924926665497\/","article_modified_time":"2025-05-16T12:07:44+00:00","og_image":[{"url":"https:\/\/www.precisionhcc.com\/wp-content\/uploads\/2025\/01\/award.jpg","type":"","width":"","height":""}],"twitter_card":"summary_large_image","twitter_site":"@precisionhcc","twitter_misc":{"Est. reading time":"3 minute"},"schema":{"@context":"https:\/\/schema.org","@graph":[{"@type":"WebPage","@id":"https:\/\/www.precisionhcc.com\/about-us\/awards\/2024-business-trailblazer-award\/","url":"https:\/\/www.precisionhcc.com\/about-us\/awards\/2024-business-trailblazer-award\/","name":"2024 Business Trailblazer Award | Precision HealthCare Consultants","isPartOf":{"@id":"https:\/\/www.precisionhcc.com\/#website"},"primaryImageOfPage":{"@id":"https:\/\/www.precisionhcc.com\/about-us\/awards\/2024-business-trailblazer-award\/#primaryimage"},"image":{"@id":"https:\/\/www.precisionhcc.com\/about-us\/awards\/2024-business-trailblazer-award\/#primaryimage"},"thumbnailUrl":"https:\/\/www.precisionhcc.com\/wp-content\/uploads\/2025\/01\/award.jpg","datePublished":"2025-01-07T22:34:45+00:00","dateModified":"2025-05-16T12:07:44+00:00","description":"Precision Healthcare Consultants Awarded the 2024 Business Trailblazer AwardHonoring Excellence During National Black Business Month\u00a0August is National","breadcrumb":{"@id":"https:\/\/www.precisionhcc.com\/about-us\/awards\/2024-business-trailblazer-award\/#breadcrumb"},"inLanguage":"hr","potentialAction":[{"@type":"ReadAction","target":["https:\/\/www.precisionhcc.com\/about-us\/awards\/2024-business-trailblazer-award\/"]}]},{"@type":"ImageObject","inLanguage":"hr","@id":"https:\/\/www.precisionhcc.com\/about-us\/awards\/2024-business-trailblazer-award\/#primaryimage","url":"https:\/\/www.precisionhcc.com\/wp-content\/uploads\/2025\/01\/award.jpg","contentUrl":"https:\/\/www.precisionhcc.com\/wp-content\/uploads\/2025\/01\/award.jpg"},{"@type":"BreadcrumbList","@id":"https:\/\/www.precisionhcc.com\/about-us\/awards\/2024-business-trailblazer-award\/#breadcrumb","itemListElement":[{"@type":"ListItem","position":1,"name":"Home","item":"https:\/\/www.precisionhcc.com\/"},{"@type":"ListItem","position":2,"name":"About Us","item":"https:\/\/www.precisionhcc.com\/about-us\/"},{"@type":"ListItem","position":3,"name":"Awards","item":"https:\/\/www.precisionhcc.com\/about-us\/awards\/"},{"@type":"ListItem","position":4,"name":"2024 Business Trailblazer Award"}]},{"@type":"WebSite","@id":"https:\/\/www.precisionhcc.com\/#website","url":"https:\/\/www.precisionhcc.com\/","name":"Konzultanti za preciznu zdravstvenu skrb","description":"","publisher":{"@id":"https:\/\/www.precisionhcc.com\/#organization"},"alternateName":"PHCC","potentialAction":[{"@type":"SearchAction","target":{"@type":"EntryPoint","urlTemplate":"https:\/\/www.precisionhcc.com\/?s={search_term_string}"},"query-input":{"@type":"PropertyValueSpecification","valueRequired":true,"valueName":"search_term_string"}}],"inLanguage":"hr"},{"@type":"Organization","@id":"https:\/\/www.precisionhcc.com\/#organization","name":"Konzultanti za preciznu zdravstvenu skrb","url":"https:\/\/www.precisionhcc.com\/","logo":{"@type":"ImageObject","inLanguage":"hr","@id":"https:\/\/www.precisionhcc.com\/#\/schema\/logo\/image\/","url":"https:\/\/www.precisionhcc.com\/wp-content\/uploads\/2020\/07\/Precision-logo.png","contentUrl":"https:\/\/www.precisionhcc.com\/wp-content\/uploads\/2020\/07\/Precision-logo.png","width":656,"height":274,"caption":"Precision HealthCare Consultants"},"image":{"@id":"https:\/\/www.precisionhcc.com\/#\/schema\/logo\/image\/"},"sameAs":["https:\/\/www.facebook.com\/Precision-Healthcare-Consultants-166924926665497\/","https:\/\/x.com\/precisionhcc","https:\/\/www.linkedin.com\/in\/vanessa-best-ccs-p-cpc-ahima-icd-10-trainer-3bb948","https:\/\/www.youtube.com\/channel\/UCZ6WKds91FdRPWEeGfwxv0A"]}]}},"_links":{"self":[{"href":"https:\/\/www.precisionhcc.com\/hr\/wp-json\/wp\/v2\/pages\/4275","targetHints":{"allow":["GET"]}}],"collection":[{"href":"https:\/\/www.precisionhcc.com\/hr\/wp-json\/wp\/v2\/pages"}],"about":[{"href":"https:\/\/www.precisionhcc.com\/hr\/wp-json\/wp\/v2\/types\/page"}],"author":[{"embeddable":true,"href":"https:\/\/www.precisionhcc.com\/hr\/wp-json\/wp\/v2\/users\/1236"}],"replies":[{"embeddable":true,"href":"https:\/\/www.precisionhcc.com\/hr\/wp-json\/wp\/v2\/comments?post=4275"}],"version-history":[{"count":0,"href":"https:\/\/www.precisionhcc.com\/hr\/wp-json\/wp\/v2\/pages\/4275\/revisions"}],"up":[{"embeddable":true,"href":"https:\/\/www.precisionhcc.com\/hr\/wp-json\/wp\/v2\/pages\/3825"}],"wp:attachment":[{"href":"https:\/\/www.precisionhcc.com\/hr\/wp-json\/wp\/v2\/media?parent=4275"}],"curies":[{"name":"wp","href":"https:\/\/api.w.org\/{rel}","templated":true}]}}