{"id":4279,"date":"2025-01-07T17:35:48","date_gmt":"2025-01-07T22:35:48","guid":{"rendered":"https:\/\/www.precisionhcc.com\/?page_id=4279"},"modified":"2025-05-16T15:11:57","modified_gmt":"2025-05-16T19:11:57","slug":"mbda-u-s-department-of-commerce-minority-health-products-and-services-firm-of-the-year","status":"publish","type":"page","link":"https:\/\/www.precisionhcc.com\/hr\/about-us\/awards\/mbda-u-s-department-of-commerce-minority-health-products-and-services-firm-of-the-year\/","title":{"rendered":"MBDA Tvrtka godine za proizvode i usluge za zdravlje manjina prema izboru ameri\u010dkog Ministarstva trgovine"},"content":{"rendered":"<div data-elementor-type=\"wp-page\" data-elementor-id=\"4279\" class=\"elementor elementor-4279\" data-elementor-post-type=\"page\">\n\t\t\t\t<div class=\"elementor-element elementor-element-2665292e e-flex e-con-boxed e-con e-parent\" data-id=\"2665292e\" data-element_type=\"container\" data-e-type=\"container\" data-settings=\"{&quot;jet_parallax_layout_list&quot;:[]}\">\n\t\t\t\t\t<div class=\"e-con-inner\">\n\t\t<div class=\"elementor-element elementor-element-54b472ab e-con-full e-flex e-con e-child\" data-id=\"54b472ab\" data-element_type=\"container\" data-e-type=\"container\" data-settings=\"{&quot;background_background&quot;:&quot;classic&quot;,&quot;jet_parallax_layout_list&quot;:[]}\">\n\t\t\t\t<div class=\"elementor-element elementor-element-5a70da8f elementor-widget elementor-widget-spacer\" data-id=\"5a70da8f\" data-element_type=\"widget\" data-e-type=\"widget\" data-widget_type=\"spacer.default\">\n\t\t\t\t<div class=\"elementor-widget-container\">\n\t\t\t\t\t\t\t<div class=\"elementor-spacer\">\n\t\t\t<div class=\"elementor-spacer-inner\"><\/div>\n\t\t<\/div>\n\t\t\t\t\t\t<\/div>\n\t\t\t\t<\/div>\n\t\t\t\t<div class=\"elementor-element elementor-element-187fa549 elementor-invisible elementor-widget elementor-widget-heading\" data-id=\"187fa549\" data-element_type=\"widget\" data-e-type=\"widget\" data-settings=\"{&quot;_animation&quot;:&quot;fadeInDown&quot;}\" data-widget_type=\"heading.default\">\n\t\t\t\t<div class=\"elementor-widget-container\">\n\t\t\t\t\t<h1 class=\"elementor-heading-title elementor-size-default\">MBDA Tvrtka godine za proizvode i usluge za zdravlje manjina prema izboru ameri\u010dkog Ministarstva trgovine<\/h1>\t\t\t\t<\/div>\n\t\t\t\t<\/div>\n\t\t\t\t<div class=\"elementor-element elementor-element-4af51eed elementor-widget elementor-widget-spacer\" data-id=\"4af51eed\" data-element_type=\"widget\" data-e-type=\"widget\" data-widget_type=\"spacer.default\">\n\t\t\t\t<div class=\"elementor-widget-container\">\n\t\t\t\t\t\t\t<div class=\"elementor-spacer\">\n\t\t\t<div class=\"elementor-spacer-inner\"><\/div>\n\t\t<\/div>\n\t\t\t\t\t\t<\/div>\n\t\t\t\t<\/div>\n\t\t\t\t<\/div>\n\t\t\t\t\t<\/div>\n\t\t\t\t<\/div>\n\t\t<div class=\"elementor-element elementor-element-46750344 e-flex e-con-boxed e-con e-parent\" data-id=\"46750344\" data-element_type=\"container\" data-e-type=\"container\" data-settings=\"{&quot;jet_parallax_layout_list&quot;:[]}\">\n\t\t\t\t\t<div class=\"e-con-inner\">\n\t\t<div class=\"elementor-element elementor-element-4e29ffa e-con-full e-flex e-con e-child\" data-id=\"4e29ffa\" data-element_type=\"container\" data-e-type=\"container\" data-settings=\"{&quot;background_background&quot;:&quot;classic&quot;,&quot;jet_parallax_layout_list&quot;:[]}\">\n\t\t\t\t<div class=\"elementor-element elementor-element-5791f06 elementor-widget elementor-widget-text-editor\" data-id=\"5791f06\" data-element_type=\"widget\" data-e-type=\"widget\" data-widget_type=\"text-editor.default\">\n\t\t\t\t<div class=\"elementor-widget-container\">\n\t\t\t\t\t\t\t\t\t<h2 style=\"text-align: center;\">Nagrada za manjine MED Weeka koju dodjeljuje ameri\u010dko Ministarstvo trgovine (MBDA): Svjetionik izvrsnosti u zdravstvu<\/h2><p><img fetchpriority=\"high\" decoding=\"async\" class=\"wp-image-4704 alignleft\" src=\"https:\/\/www.precisionhcc.com\/wp-content\/uploads\/2025\/05\/mbda-emblem-final.jpg\" alt=\"\" width=\"304\" height=\"239\" srcset=\"https:\/\/www.precisionhcc.com\/wp-content\/uploads\/2025\/05\/mbda-emblem-final.jpg 802w, https:\/\/www.precisionhcc.com\/wp-content\/uploads\/2025\/05\/mbda-emblem-final-365x287.jpg 365w, https:\/\/www.precisionhcc.com\/wp-content\/uploads\/2025\/05\/mbda-emblem-final-768x604.jpg 768w, https:\/\/www.precisionhcc.com\/wp-content\/uploads\/2025\/05\/mbda-emblem-final-15x12.jpg 15w\" sizes=\"(max-width: 304px) 100vw, 304px\" \/>Nagrada Tjedna razvoja manjinskog poduzetni\u0161tva (MED) Agencije za razvoj manjinskog poduzetni\u0161tva SAD-a (MBDA) vrhunac je priznanja za tvrtke u vlasni\u0161tvu manjina u Sjedinjenim Dr\u017eavama. Nagrada, koju je ustanovila MBDA, dio je stalne misije agencije za promicanje rasta i globalne konkurentnosti tvrtki u vlasni\u0161tvu i pod upravom manjinskih poduzetnika.<\/p><h3>Podrijetlo i va\u017enost<\/h3><p>Nagrade MED Week Awards ustanovljene su kako bi se istaknula izvanredna postignu\u0107a i vodstvo vlasnika manjinskih poduze\u0107a u nizu industrija. Kategorija zdravstvenih proizvoda i usluga posebno je va\u017ena, s obzirom na ulogu koju ta poduze\u0107a imaju u rje\u0161avanju nejednakosti u zdravstvu i unapre\u0111ivanju medicinskih inovacija. Nagrade slu\u017ee za priznanje i poticanje tvrtki koje pokazuju izvrsnost i slu\u017ee kao uzori u svojim zajednicama.<\/p><h3>Kriteriji odabira: Te\u017enja za inovacijama i uslugom<\/h3><p>Dobitnici nagrade MED Week Minority Award za zdravstvene proizvode i usluge odabiru se na temelju nekoliko strogih kriterija. To uklju\u010duje kvalitetu, inovativnost i utjecaj proizvoda ili usluga koje pru\u017eaju. Proces odabira tako\u0111er uzima u obzir kako tvrtka doprinosi stvaranju radnih mjesta i odr\u017eava ekonomsku stabilnost unutar manjinskih zajednica.<\/p><h3>Svjedo\u010danstvo postignu\u0107a manjine<\/h3><p>Primanje nagrade MED Week zna\u010dajno je priznanje za manjinsku tvrtku. Simbolizira otpornost, izvrsnost i ekonomsko osna\u017eivanje manjinskih poduzetnika. \u0160tovi\u0161e, ja\u010da ugled tvrtke, otvaraju\u0107i vrata novim poslovnim prilikama, partnerstvima i pristupu bitnim resursima.<\/p><p><span style=\"width: 100%;\"><img decoding=\"async\" class=\"alignright\" style=\"aspect-ratio: auto 1536 \/ 2383;\" title=\"96F64C53-42D7-44B6-BFEE-BCC666C4AD3D\" src=\"https:\/\/www.precisionhcc.com\/wp-content\/uploads\/2025\/01\/96F64C53-42D7-44B6-BFEE-BCC666C4AD3D.jpg\" alt=\"\" width=\"309\" height=\"479\" data-id=\"3502\" data-uw-rm-alt-original=\"\" data-width=\"309\" data-height=\"479\" data-init-width=\"1536\" data-init-height=\"2383\" \/><\/span><span style=\"--tcb-applied-color: #000000 !important; color: #000000 !important; font-size: 31px !important;\">Vanessa Best i Precision HealthCare: Pri\u010da o trijumfu<\/span><\/p><p style=\"text-align: left;\">Vanessa Best, izvr\u0161na direktorica tvrtke Precision HealthCare, dobila je ovu presti\u017enu nagradu 2021. godine, godine koju je obilje\u017eila globalna pandemija COVID-19. Pod njezinim vodstvom, Precision HealthCare je inovirao i pobolj\u0161ao pru\u017eanje zdravstvene skrbi usred ove krize, posebno se istaknuv\u0161i u tri klju\u010dna podru\u010dja:<\/p><p style=\"text-align: left;\"><strong>1. Nejednakost u mentalnom zdravlju:<\/strong> Precision se uhvatio u ko\u0161tac s rastu\u0107om krizom mentalnog zdravlja koju je pogor\u0161ala pandemija, posebno u Ju\u017enom Bronxu, najsiroma\u0161nijem urbanom kongresnom okrugu u zemlji. Tim Vanesse Best sura\u0111ivao je s ameri\u010dkim Ministarstvom rada kako bi pru\u017eio usluge mentalnog zdravlja i dobrobiti adolescentima u centrima Job Corps, rje\u0161avaju\u0107i neposredne potrebe za prevencijom, ranim otkrivanjem i kriznom intervencijom.<\/p><p style=\"text-align: left;\"><strong>2. Usluge osobnog asistenta (PAS):<\/strong> Precision je bio u prvom planu, nude\u0107i PAS kako je propisano \u010dlankom 501. Zakona o rehabilitaciji. Njihova predanost pru\u017eanju kvalificiranih asistenata saveznim zaposlenicima s invaliditetom osigurala je da radna snaga nastavi napredovati, bilo od ku\u0107e ili u uredu.<\/p><p style=\"text-align: left;\"><strong>3. Sigurnost:<\/strong> U vrijeme kada je osobna za\u0161titna oprema bila rijetka, Precision HealthCare se anga\u017eirao kako bi osigurao osobnu za\u0161titnu opremu za bitne infrastrukturne projekte. Njihovo sudjelovanje u projektu pro\u0161irenja \u017eeljezni\u010dke ceste Long Island bilo je klju\u010dno za za\u0161titu zdravlja i sigurnosti radne snage. Vanessino vodstvo i posve\u0107enost Precision HealthCarea uslugama i inovacijama tijekom vremena nevi\u0111enih izazova \u010dine ovu nagradu zaslu\u017eenom. To nije samo pobjeda za tvrtku, ve\u0107 svjetionik nade i mjerilo za zdravstvenu industriju u najte\u017eim vremenima. Ovo priznanje sna\u017eno svjedo\u010di o ulozi koju tvrtke u vlasni\u0161tvu manjina igraju ne samo u unapre\u0111enju zdravstvene za\u0161tite ve\u0107 i u stvaranju pravednih i otpornih zajednica.<\/p><h4><strong>\u010cestitam, Vanessa Best!<\/strong><\/h4><p><strong>Za\u0161to je ovo va\u017eno za Precision Healthcare<\/strong><\/p><p>Osvajanje ove nagrade vi\u0161e je od prekretnice - to je potvrda na\u0161e vizije i misije transformacije komunikacije u zdravstvu. Ova ocjena odra\u017eava povjerenje koje nam klijenti pola\u017eu, snagu na\u0161ih partnerstava i strast na\u0161eg tima. Ona pokazuje na\u0161u sposobnost skaliranja i prilagodbe u industriji koja se stalno razvija, osiguravaju\u0107i da i dalje pru\u017eamo vrhunske usluge koje zadovoljavaju i prema\u0161uju potrebe na\u0161ih klijenata.<\/p><p><img decoding=\"async\" class=\"alignleft\" style=\"aspect-ratio: auto 800 \/ 800;\" title=\"Vanessa Best Profile Inc 5000\" src=\"https:\/\/www.precisionhcc.com\/wp-content\/uploads\/2025\/01\/Vanessa-Best-Profile-Inc-5000.png\" alt=\"\" width=\"245\" height=\"245\" data-id=\"3815\" data-init-width=\"800\" data-init-height=\"800\" data-width=\"245\" data-height=\"245\" \/><\/p><p><strong>Na\u0161e putovanje rasta<\/strong><\/p><p>Od svog osnutka, Precision Healthcare posve\u0107en je pru\u017eanju vrhunskih komunikacijskih rje\u0161enja koja donose bolje rezultate za pacijente i pru\u017eatelje zdravstvene skrbi. Na\u0161e putovanje potaknuto je inovacijama, dubokim razumijevanjem potreba na\u0161ih klijenata i predano\u0161\u0107u poticanju kulture izvrsnosti.<\/p><p><strong>\u0160to je sljede\u0107e?<\/strong>Dok slavimo ovo postignu\u0107e, ostajemo usredoto\u010deni na budu\u0107nost. Uzbu\u0111eni smo \u0161to \u0107emo nastaviti na\u0161 rast, istra\u017eiti nove mogu\u0107nosti, pro\u0161iriti na\u0161e usluge i oja\u010dati na\u0161 utjecaj na zdravstvenu industriju. Ovo je samo po\u010detak i \u017eeljno \u010dekamo vidjeti kamo \u0107e nas sljede\u0107e poglavlje na\u0161eg putovanja odvesti.<\/p><h2>\u00a0<\/h2><h2 style=\"text-align: left;\">Pridru\u017eite nam se na na\u0161em putovanju<\/h2><p>Pozivamo vas da doprinesete na\u0161em kontinuiranom uspjehu. Bilo da ste trenutni klijent, partner ili netko tko je zainteresiran saznati vi\u0161e o na\u0161em radu, uzbu\u0111eni smo \u0161to mo\u017eemo podijeliti na\u0161u pri\u010du. Zajedno mo\u017eemo posti\u0107i jo\u0161 zna\u010dajnije prekretnice.<\/p><p>Kontakt: Za dodatne informacije o Precision HealthCareu, kontaktirajte Lisu Hunt na <strong>(516) 771-7554<\/strong> ili putem e-po\u0161te na <a href=\"mailto:Lisa.Hunt@precisionhcc.com\" target=\"_blank\" rel=\"noopener\">Lisa.Hunt@precisionhcc.com<\/a><\/p>\t\t\t\t\t\t\t\t<\/div>\n\t\t\t\t<\/div>\n\t\t\t\t<\/div>\n\t\t\t\t\t<\/div>\n\t\t\t\t<\/div>\n\t\t<div class=\"elementor-element elementor-element-17244b72 e-flex e-con-boxed e-con e-parent\" data-id=\"17244b72\" data-element_type=\"container\" data-e-type=\"container\" data-settings=\"{&quot;jet_parallax_layout_list&quot;:[]}\">\n\t\t\t\t\t<div class=\"e-con-inner\">\n\t\t\t\t<div class=\"elementor-element elementor-element-45e56ab3 elementor-align-center elementor-widget elementor-widget-button\" data-id=\"45e56ab3\" data-element_type=\"widget\" data-e-type=\"widget\" data-widget_type=\"button.default\">\n\t\t\t\t<div class=\"elementor-widget-container\">\n\t\t\t\t\t\t\t\t\t<div class=\"elementor-button-wrapper\">\n\t\t\t\t\t<a class=\"elementor-button elementor-button-link elementor-size-sm\" href=\"https:\/\/www.precisionhcc.com\/hr\/about-us\/awards\/\">\n\t\t\t\t\t\t<span class=\"elementor-button-content-wrapper\">\n\t\t\t\t\t\t<span class=\"elementor-button-icon\">\n\t\t\t\t<i aria-hidden=\"true\" class=\"fas fa-arrow-alt-circle-left\"><\/i>\t\t\t<\/span>\n\t\t\t\t\t\t\t\t\t<span class=\"elementor-button-text\">Povratak na nagrade<\/span>\n\t\t\t\t\t<\/span>\n\t\t\t\t\t<\/a>\n\t\t\t\t<\/div>\n\t\t\t\t\t\t\t\t<\/div>\n\t\t\t\t<\/div>\n\t\t\t\t\t<\/div>\n\t\t\t\t<\/div>\n\t\t<div class=\"elementor-element elementor-element-2021c6e2 e-flex e-con-boxed e-con e-parent\" data-id=\"2021c6e2\" data-element_type=\"container\" data-e-type=\"container\" data-settings=\"{&quot;jet_parallax_layout_list&quot;:[]}\">\n\t\t\t\t\t<div class=\"e-con-inner\">\n\t\t\t\t\t<\/div>\n\t\t\t\t<\/div>\n\t\t\t\t<\/div>","protected":false},"excerpt":{"rendered":"<p>The U.S. Department of Commerce MBDA&#8217;s MED Week Minority Award: A Beacon of Excellence in Healthcare The U.S. Department of Commerce Minority Business Development Agency (MBDA) Minority Enterprise Development (MED) Week Award is a pinnacle of recognition for minority-owned firms in the United States. Instituted by the MBDA, the award is part of the agency&#8217;s [&hellip;]<\/p>\n","protected":false},"author":1236,"featured_media":0,"parent":3825,"menu_order":0,"comment_status":"closed","ping_status":"closed","template":"elementor_header_footer","meta":{"footnotes":""},"class_list":["post-4279","page","type-page","status-publish","hentry"],"yoast_head":"<!-- This site is optimized with the Yoast SEO plugin v27.5 - https:\/\/yoast.com\/product\/yoast-seo-wordpress\/ -->\n<title>MBDA U.S. Department of Commerce Minority Health Products and Services Firm of the Year | Precision HealthCare Consultants<\/title>\n<meta name=\"description\" content=\"The U.S. Department of Commerce MBDA&#039;s MED Week Minority Award: A Beacon of Excellence in HealthcareThe U.S. Department of Commerce Minority Business\" \/>\n<meta name=\"robots\" content=\"index, follow, max-snippet:-1, max-image-preview:large, max-video-preview:-1\" \/>\n<link rel=\"canonical\" href=\"https:\/\/www.precisionhcc.com\/hr\/about-us\/awards\/mbda-u-s-department-of-commerce-minority-health-products-and-services-firm-of-the-year\/\" \/>\n<meta property=\"og:locale\" content=\"hr_HR\" \/>\n<meta property=\"og:type\" content=\"article\" \/>\n<meta property=\"og:title\" content=\"MBDA U.S. Department of Commerce Minority Health Products and Services Firm of the Year | Precision HealthCare Consultants\" \/>\n<meta property=\"og:description\" content=\"The U.S. Department of Commerce MBDA&#039;s MED Week Minority Award: A Beacon of Excellence in HealthcareThe U.S. Department of Commerce Minority Business\" \/>\n<meta property=\"og:url\" content=\"https:\/\/www.precisionhcc.com\/hr\/about-us\/awards\/mbda-u-s-department-of-commerce-minority-health-products-and-services-firm-of-the-year\/\" \/>\n<meta property=\"og:site_name\" content=\"Precision HealthCare Consultants\" \/>\n<meta property=\"article:publisher\" content=\"https:\/\/www.facebook.com\/Precision-Healthcare-Consultants-166924926665497\/\" \/>\n<meta property=\"article:modified_time\" content=\"2025-05-16T19:11:57+00:00\" \/>\n<meta property=\"og:image\" content=\"https:\/\/www.precisionhcc.com\/wp-content\/uploads\/2025\/05\/mbda-emblem-final.jpg\" \/>\n\t<meta property=\"og:image:width\" content=\"802\" \/>\n\t<meta property=\"og:image:height\" content=\"631\" \/>\n\t<meta property=\"og:image:type\" content=\"image\/jpeg\" \/>\n<meta name=\"twitter:card\" content=\"summary_large_image\" \/>\n<meta name=\"twitter:site\" content=\"@precisionhcc\" \/>\n<meta name=\"twitter:label1\" content=\"Est. reading time\" \/>\n\t<meta name=\"twitter:data1\" content=\"4 minute\" \/>\n<script type=\"application\/ld+json\" class=\"yoast-schema-graph\">{\"@context\":\"https:\\\/\\\/schema.org\",\"@graph\":[{\"@type\":\"WebPage\",\"@id\":\"https:\\\/\\\/www.precisionhcc.com\\\/about-us\\\/awards\\\/mbda-u-s-department-of-commerce-minority-health-products-and-services-firm-of-the-year\\\/\",\"url\":\"https:\\\/\\\/www.precisionhcc.com\\\/about-us\\\/awards\\\/mbda-u-s-department-of-commerce-minority-health-products-and-services-firm-of-the-year\\\/\",\"name\":\"MBDA U.S. Department of Commerce Minority Health Products and Services Firm of the Year | Precision HealthCare Consultants\",\"isPartOf\":{\"@id\":\"https:\\\/\\\/www.precisionhcc.com\\\/#website\"},\"primaryImageOfPage\":{\"@id\":\"https:\\\/\\\/www.precisionhcc.com\\\/about-us\\\/awards\\\/mbda-u-s-department-of-commerce-minority-health-products-and-services-firm-of-the-year\\\/#primaryimage\"},\"image\":{\"@id\":\"https:\\\/\\\/www.precisionhcc.com\\\/about-us\\\/awards\\\/mbda-u-s-department-of-commerce-minority-health-products-and-services-firm-of-the-year\\\/#primaryimage\"},\"thumbnailUrl\":\"https:\\\/\\\/www.precisionhcc.com\\\/wp-content\\\/uploads\\\/2025\\\/05\\\/mbda-emblem-final.jpg\",\"datePublished\":\"2025-01-07T22:35:48+00:00\",\"dateModified\":\"2025-05-16T19:11:57+00:00\",\"description\":\"The U.S. Department of Commerce MBDA's MED Week Minority Award: A Beacon of Excellence in HealthcareThe U.S. Department of Commerce Minority Business\",\"breadcrumb\":{\"@id\":\"https:\\\/\\\/www.precisionhcc.com\\\/about-us\\\/awards\\\/mbda-u-s-department-of-commerce-minority-health-products-and-services-firm-of-the-year\\\/#breadcrumb\"},\"inLanguage\":\"hr\",\"potentialAction\":[{\"@type\":\"ReadAction\",\"target\":[\"https:\\\/\\\/www.precisionhcc.com\\\/about-us\\\/awards\\\/mbda-u-s-department-of-commerce-minority-health-products-and-services-firm-of-the-year\\\/\"]}]},{\"@type\":\"ImageObject\",\"inLanguage\":\"hr\",\"@id\":\"https:\\\/\\\/www.precisionhcc.com\\\/about-us\\\/awards\\\/mbda-u-s-department-of-commerce-minority-health-products-and-services-firm-of-the-year\\\/#primaryimage\",\"url\":\"https:\\\/\\\/www.precisionhcc.com\\\/wp-content\\\/uploads\\\/2025\\\/05\\\/mbda-emblem-final.jpg\",\"contentUrl\":\"https:\\\/\\\/www.precisionhcc.com\\\/wp-content\\\/uploads\\\/2025\\\/05\\\/mbda-emblem-final.jpg\"},{\"@type\":\"BreadcrumbList\",\"@id\":\"https:\\\/\\\/www.precisionhcc.com\\\/about-us\\\/awards\\\/mbda-u-s-department-of-commerce-minority-health-products-and-services-firm-of-the-year\\\/#breadcrumb\",\"itemListElement\":[{\"@type\":\"ListItem\",\"position\":1,\"name\":\"Home\",\"item\":\"https:\\\/\\\/www.precisionhcc.com\\\/\"},{\"@type\":\"ListItem\",\"position\":2,\"name\":\"About Us\",\"item\":\"https:\\\/\\\/www.precisionhcc.com\\\/about-us\\\/\"},{\"@type\":\"ListItem\",\"position\":3,\"name\":\"Awards\",\"item\":\"https:\\\/\\\/www.precisionhcc.com\\\/about-us\\\/awards\\\/\"},{\"@type\":\"ListItem\",\"position\":4,\"name\":\"MBDA U.S. Department of Commerce Minority Health Products and Services Firm of the Year\"}]},{\"@type\":\"WebSite\",\"@id\":\"https:\\\/\\\/www.precisionhcc.com\\\/#website\",\"url\":\"https:\\\/\\\/www.precisionhcc.com\\\/\",\"name\":\"Precision Healthcare Consultants\",\"description\":\"\",\"publisher\":{\"@id\":\"https:\\\/\\\/www.precisionhcc.com\\\/#organization\"},\"alternateName\":\"PHCC\",\"potentialAction\":[{\"@type\":\"SearchAction\",\"target\":{\"@type\":\"EntryPoint\",\"urlTemplate\":\"https:\\\/\\\/www.precisionhcc.com\\\/?s={search_term_string}\"},\"query-input\":{\"@type\":\"PropertyValueSpecification\",\"valueRequired\":true,\"valueName\":\"search_term_string\"}}],\"inLanguage\":\"hr\"},{\"@type\":\"Organization\",\"@id\":\"https:\\\/\\\/www.precisionhcc.com\\\/#organization\",\"name\":\"Precision HealthCare Consultants\",\"url\":\"https:\\\/\\\/www.precisionhcc.com\\\/\",\"logo\":{\"@type\":\"ImageObject\",\"inLanguage\":\"hr\",\"@id\":\"https:\\\/\\\/www.precisionhcc.com\\\/#\\\/schema\\\/logo\\\/image\\\/\",\"url\":\"https:\\\/\\\/www.precisionhcc.com\\\/wp-content\\\/uploads\\\/2020\\\/07\\\/Precision-logo.png\",\"contentUrl\":\"https:\\\/\\\/www.precisionhcc.com\\\/wp-content\\\/uploads\\\/2020\\\/07\\\/Precision-logo.png\",\"width\":656,\"height\":274,\"caption\":\"Precision HealthCare Consultants\"},\"image\":{\"@id\":\"https:\\\/\\\/www.precisionhcc.com\\\/#\\\/schema\\\/logo\\\/image\\\/\"},\"sameAs\":[\"https:\\\/\\\/www.facebook.com\\\/Precision-Healthcare-Consultants-166924926665497\\\/\",\"https:\\\/\\\/x.com\\\/precisionhcc\",\"https:\\\/\\\/www.linkedin.com\\\/in\\\/vanessa-best-ccs-p-cpc-ahima-icd-10-trainer-3bb948\",\"https:\\\/\\\/www.youtube.com\\\/channel\\\/UCZ6WKds91FdRPWEeGfwxv0A\"]}]}<\/script>\n<!-- \/ Yoast SEO plugin. -->","yoast_head_json":{"title":"MBDA U.S. Department of Commerce Minority Health Products and Services Firm of the Year | Precision HealthCare Consultants","description":"The U.S. Department of Commerce MBDA's MED Week Minority Award: A Beacon of Excellence in HealthcareThe U.S. Department of Commerce Minority Business","robots":{"index":"index","follow":"follow","max-snippet":"max-snippet:-1","max-image-preview":"max-image-preview:large","max-video-preview":"max-video-preview:-1"},"canonical":"https:\/\/www.precisionhcc.com\/hr\/about-us\/awards\/mbda-u-s-department-of-commerce-minority-health-products-and-services-firm-of-the-year\/","og_locale":"hr_HR","og_type":"article","og_title":"MBDA U.S. Department of Commerce Minority Health Products and Services Firm of the Year | Precision HealthCare Consultants","og_description":"The U.S. Department of Commerce MBDA's MED Week Minority Award: A Beacon of Excellence in HealthcareThe U.S. Department of Commerce Minority Business","og_url":"https:\/\/www.precisionhcc.com\/hr\/about-us\/awards\/mbda-u-s-department-of-commerce-minority-health-products-and-services-firm-of-the-year\/","og_site_name":"Precision HealthCare Consultants","article_publisher":"https:\/\/www.facebook.com\/Precision-Healthcare-Consultants-166924926665497\/","article_modified_time":"2025-05-16T19:11:57+00:00","og_image":[{"width":802,"height":631,"url":"https:\/\/www.precisionhcc.com\/wp-content\/uploads\/2025\/05\/mbda-emblem-final.jpg","type":"image\/jpeg"}],"twitter_card":"summary_large_image","twitter_site":"@precisionhcc","twitter_misc":{"Est. reading time":"4 minute"},"schema":{"@context":"https:\/\/schema.org","@graph":[{"@type":"WebPage","@id":"https:\/\/www.precisionhcc.com\/about-us\/awards\/mbda-u-s-department-of-commerce-minority-health-products-and-services-firm-of-the-year\/","url":"https:\/\/www.precisionhcc.com\/about-us\/awards\/mbda-u-s-department-of-commerce-minority-health-products-and-services-firm-of-the-year\/","name":"MBDA U.S. Department of Commerce Minority Health Products and Services Firm of the Year | Precision HealthCare Consultants","isPartOf":{"@id":"https:\/\/www.precisionhcc.com\/#website"},"primaryImageOfPage":{"@id":"https:\/\/www.precisionhcc.com\/about-us\/awards\/mbda-u-s-department-of-commerce-minority-health-products-and-services-firm-of-the-year\/#primaryimage"},"image":{"@id":"https:\/\/www.precisionhcc.com\/about-us\/awards\/mbda-u-s-department-of-commerce-minority-health-products-and-services-firm-of-the-year\/#primaryimage"},"thumbnailUrl":"https:\/\/www.precisionhcc.com\/wp-content\/uploads\/2025\/05\/mbda-emblem-final.jpg","datePublished":"2025-01-07T22:35:48+00:00","dateModified":"2025-05-16T19:11:57+00:00","description":"The U.S. Department of Commerce MBDA's MED Week Minority Award: A Beacon of Excellence in HealthcareThe U.S. Department of Commerce Minority Business","breadcrumb":{"@id":"https:\/\/www.precisionhcc.com\/about-us\/awards\/mbda-u-s-department-of-commerce-minority-health-products-and-services-firm-of-the-year\/#breadcrumb"},"inLanguage":"hr","potentialAction":[{"@type":"ReadAction","target":["https:\/\/www.precisionhcc.com\/about-us\/awards\/mbda-u-s-department-of-commerce-minority-health-products-and-services-firm-of-the-year\/"]}]},{"@type":"ImageObject","inLanguage":"hr","@id":"https:\/\/www.precisionhcc.com\/about-us\/awards\/mbda-u-s-department-of-commerce-minority-health-products-and-services-firm-of-the-year\/#primaryimage","url":"https:\/\/www.precisionhcc.com\/wp-content\/uploads\/2025\/05\/mbda-emblem-final.jpg","contentUrl":"https:\/\/www.precisionhcc.com\/wp-content\/uploads\/2025\/05\/mbda-emblem-final.jpg"},{"@type":"BreadcrumbList","@id":"https:\/\/www.precisionhcc.com\/about-us\/awards\/mbda-u-s-department-of-commerce-minority-health-products-and-services-firm-of-the-year\/#breadcrumb","itemListElement":[{"@type":"ListItem","position":1,"name":"Home","item":"https:\/\/www.precisionhcc.com\/"},{"@type":"ListItem","position":2,"name":"About Us","item":"https:\/\/www.precisionhcc.com\/about-us\/"},{"@type":"ListItem","position":3,"name":"Awards","item":"https:\/\/www.precisionhcc.com\/about-us\/awards\/"},{"@type":"ListItem","position":4,"name":"MBDA U.S. Department of Commerce Minority Health Products and Services Firm of the Year"}]},{"@type":"WebSite","@id":"https:\/\/www.precisionhcc.com\/#website","url":"https:\/\/www.precisionhcc.com\/","name":"Konzultanti za preciznu zdravstvenu skrb","description":"","publisher":{"@id":"https:\/\/www.precisionhcc.com\/#organization"},"alternateName":"PHCC","potentialAction":[{"@type":"SearchAction","target":{"@type":"EntryPoint","urlTemplate":"https:\/\/www.precisionhcc.com\/?s={search_term_string}"},"query-input":{"@type":"PropertyValueSpecification","valueRequired":true,"valueName":"search_term_string"}}],"inLanguage":"hr"},{"@type":"Organization","@id":"https:\/\/www.precisionhcc.com\/#organization","name":"Konzultanti za preciznu zdravstvenu skrb","url":"https:\/\/www.precisionhcc.com\/","logo":{"@type":"ImageObject","inLanguage":"hr","@id":"https:\/\/www.precisionhcc.com\/#\/schema\/logo\/image\/","url":"https:\/\/www.precisionhcc.com\/wp-content\/uploads\/2020\/07\/Precision-logo.png","contentUrl":"https:\/\/www.precisionhcc.com\/wp-content\/uploads\/2020\/07\/Precision-logo.png","width":656,"height":274,"caption":"Precision HealthCare Consultants"},"image":{"@id":"https:\/\/www.precisionhcc.com\/#\/schema\/logo\/image\/"},"sameAs":["https:\/\/www.facebook.com\/Precision-Healthcare-Consultants-166924926665497\/","https:\/\/x.com\/precisionhcc","https:\/\/www.linkedin.com\/in\/vanessa-best-ccs-p-cpc-ahima-icd-10-trainer-3bb948","https:\/\/www.youtube.com\/channel\/UCZ6WKds91FdRPWEeGfwxv0A"]}]}},"_links":{"self":[{"href":"https:\/\/www.precisionhcc.com\/hr\/wp-json\/wp\/v2\/pages\/4279","targetHints":{"allow":["GET"]}}],"collection":[{"href":"https:\/\/www.precisionhcc.com\/hr\/wp-json\/wp\/v2\/pages"}],"about":[{"href":"https:\/\/www.precisionhcc.com\/hr\/wp-json\/wp\/v2\/types\/page"}],"author":[{"embeddable":true,"href":"https:\/\/www.precisionhcc.com\/hr\/wp-json\/wp\/v2\/users\/1236"}],"replies":[{"embeddable":true,"href":"https:\/\/www.precisionhcc.com\/hr\/wp-json\/wp\/v2\/comments?post=4279"}],"version-history":[{"count":0,"href":"https:\/\/www.precisionhcc.com\/hr\/wp-json\/wp\/v2\/pages\/4279\/revisions"}],"up":[{"embeddable":true,"href":"https:\/\/www.precisionhcc.com\/hr\/wp-json\/wp\/v2\/pages\/3825"}],"wp:attachment":[{"href":"https:\/\/www.precisionhcc.com\/hr\/wp-json\/wp\/v2\/media?parent=4279"}],"curies":[{"name":"wp","href":"https:\/\/api.w.org\/{rel}","templated":true}]}}