{"id":4388,"date":"2025-02-06T12:55:39","date_gmt":"2025-02-06T17:55:39","guid":{"rendered":"https:\/\/www.precisionhcc.com\/?page_id=4388"},"modified":"2025-05-16T15:09:23","modified_gmt":"2025-05-16T19:09:23","slug":"ranked-20-on-the-inc-5000-list-for-2024","status":"publish","type":"page","link":"https:\/\/www.precisionhcc.com\/pt\/about-us\/awards\/ranked-20-on-the-inc-5000-list-for-2024\/","title":{"rendered":"Classificada como #20 na lista Inc. 5000 para 2024"},"content":{"rendered":"<div data-elementor-type=\"wp-page\" data-elementor-id=\"4388\" class=\"elementor elementor-4388\" data-elementor-post-type=\"page\">\n\t\t\t\t<div class=\"elementor-element elementor-element-58f49bc6 e-flex e-con-boxed e-con e-parent\" data-id=\"58f49bc6\" data-element_type=\"container\" data-e-type=\"container\" data-settings=\"{&quot;jet_parallax_layout_list&quot;:[]}\">\n\t\t\t\t\t<div class=\"e-con-inner\">\n\t\t<div class=\"elementor-element elementor-element-26f4df08 e-con-full e-flex e-con e-child\" data-id=\"26f4df08\" data-element_type=\"container\" data-e-type=\"container\" data-settings=\"{&quot;background_background&quot;:&quot;classic&quot;,&quot;jet_parallax_layout_list&quot;:[]}\">\n\t\t\t\t<div class=\"elementor-element elementor-element-4d2c169a elementor-widget elementor-widget-spacer\" data-id=\"4d2c169a\" data-element_type=\"widget\" data-e-type=\"widget\" data-widget_type=\"spacer.default\">\n\t\t\t\t<div class=\"elementor-widget-container\">\n\t\t\t\t\t\t\t<div class=\"elementor-spacer\">\n\t\t\t<div class=\"elementor-spacer-inner\"><\/div>\n\t\t<\/div>\n\t\t\t\t\t\t<\/div>\n\t\t\t\t<\/div>\n\t\t\t\t<div class=\"elementor-element elementor-element-73762c41 elementor-invisible elementor-widget elementor-widget-heading\" data-id=\"73762c41\" data-element_type=\"widget\" data-e-type=\"widget\" data-settings=\"{&quot;_animation&quot;:&quot;fadeInDown&quot;}\" data-widget_type=\"heading.default\">\n\t\t\t\t<div class=\"elementor-widget-container\">\n\t\t\t\t\t<h1 class=\"elementor-heading-title elementor-size-default\">Classificada como #20 na lista Inc. 5000 para 2024<\/h1>\t\t\t\t<\/div>\n\t\t\t\t<\/div>\n\t\t\t\t<div class=\"elementor-element elementor-element-4f02da34 elementor-widget elementor-widget-spacer\" data-id=\"4f02da34\" data-element_type=\"widget\" data-e-type=\"widget\" data-widget_type=\"spacer.default\">\n\t\t\t\t<div class=\"elementor-widget-container\">\n\t\t\t\t\t\t\t<div class=\"elementor-spacer\">\n\t\t\t<div class=\"elementor-spacer-inner\"><\/div>\n\t\t<\/div>\n\t\t\t\t\t\t<\/div>\n\t\t\t\t<\/div>\n\t\t\t\t<\/div>\n\t\t\t\t\t<\/div>\n\t\t\t\t<\/div>\n\t\t<div class=\"elementor-element elementor-element-1782a241 e-flex e-con-boxed e-con e-parent\" data-id=\"1782a241\" data-element_type=\"container\" data-e-type=\"container\" data-settings=\"{&quot;jet_parallax_layout_list&quot;:[]}\">\n\t\t\t\t\t<div class=\"e-con-inner\">\n\t\t<div class=\"elementor-element elementor-element-663e88d3 e-con-full e-flex e-con e-child\" data-id=\"663e88d3\" data-element_type=\"container\" data-e-type=\"container\" data-settings=\"{&quot;background_background&quot;:&quot;classic&quot;,&quot;jet_parallax_layout_list&quot;:[]}\">\n\t\t\t\t<div class=\"elementor-element elementor-element-51f8ba84 elementor-widget elementor-widget-text-editor\" data-id=\"51f8ba84\" data-element_type=\"widget\" data-e-type=\"widget\" data-widget_type=\"text-editor.default\">\n\t\t\t\t<div class=\"elementor-widget-container\">\n\t\t\t\t\t\t\t\t\t<h2 style=\"text-align: center;\">Classificada como #20 na lista Inc. 5000 List for 2024 Government Services<\/h2><p><strong>As empresas dessa lista tiveram uma taxa m\u00e9dia de crescimento de 208%, com mais de 875.000 empregos adicionados ao setor.\u00a0<\/strong>Na Precision Healthcare, estamos incrivelmente honrados em anunciar que fomos classificados como #20 na lista 2024 Inc. 5000 - um prestigioso reconhecimento que celebra as empresas privadas de crescimento mais r\u00e1pido nos Estados Unidos. 5000 - um prestigioso reconhecimento que celebra as empresas privadas que mais crescem nos Estados Unidos. Nossa impressionante taxa de crescimento nos \u00faltimos tr\u00eas anos ressalta nosso compromisso inabal\u00e1vel com a inova\u00e7\u00e3o, o servi\u00e7o excepcional e a busca incessante pela excel\u00eancia no setor de comunica\u00e7\u00e3o da \u00e1rea de sa\u00fade.<\/p><p><img fetchpriority=\"high\" decoding=\"async\" class=\"alignright\" style=\"aspect-ratio: auto 501 \/ 435;\" title=\"awards_0000_Layer-1\" src=\"https:\/\/www.precisionhcc.com\/wp-content\/uploads\/2025\/02\/awards_0000_Layer-1.png\" alt=\"\" width=\"312\" height=\"271\" data-id=\"4393\" data-init-width=\"501\" data-init-height=\"435\" data-width=\"312\" data-height=\"271\" \/><\/p><p><strong><strong>O que \u00e9 o Inc. 5000?\u00a0<\/strong><\/strong>O Inc. 5000 \u00e9 uma classifica\u00e7\u00e3o anual das 5.000 empresas privadas de crescimento mais r\u00e1pido nos Estados Unidos, publicada pela revista Inc.. As empresas que fazem parte dessa lista s\u00e3o reconhecidas por seu crescimento significativo de receita em um per\u00edodo de tr\u00eas anos e por demonstrarem lideran\u00e7a, inova\u00e7\u00e3o e resili\u00eancia not\u00e1veis em seus setores. Estar classificado no Inc. 5000 n\u00e3o \u00e9 apenas um pr\u00eamio; \u00e9 um s\u00edmbolo de trabalho \u00e1rduo, dedica\u00e7\u00e3o e capacidade de prosperar em um mercado competitivo.<\/p><p><strong><strong><strong>Por que isso \u00e9 importante para o setor de sa\u00fade de precis\u00e3o<\/strong><\/strong><\/strong><\/p><p>Alcan\u00e7ar a posi\u00e7\u00e3o #20 na lista 2024 Inc. 5000 \u00e9 mais do que um marco - \u00e9 a valida\u00e7\u00e3o de nossa vis\u00e3o e miss\u00e3o de transformar a comunica\u00e7\u00e3o na \u00e1rea de sa\u00fade. 5000 \u00e9 mais do que um marco - \u00e9 uma valida\u00e7\u00e3o de nossa vis\u00e3o e miss\u00e3o de transformar a comunica\u00e7\u00e3o na \u00e1rea de sa\u00fade. Essa classifica\u00e7\u00e3o reflete a confian\u00e7a que nossos clientes depositam em n\u00f3s, a for\u00e7a de nossas parcerias e a paix\u00e3o de nossa equipe. Ela demonstra nossa capacidade de expans\u00e3o e adapta\u00e7\u00e3o em um setor em constante evolu\u00e7\u00e3o, garantindo que continuemos a oferecer servi\u00e7os de primeira linha que atendam e superem as necessidades de nossos clientes.<\/p><p><img decoding=\"async\" class=\"alignleft\" style=\"aspect-ratio: auto 800 \/ 800;\" title=\"Vanessa Best Profile Inc 5000\" src=\"https:\/\/www.precisionhcc.com\/wp-content\/uploads\/2025\/01\/Vanessa-Best-Profile-Inc-5000.png\" alt=\"\" width=\"245\" height=\"245\" data-id=\"3815\" data-init-width=\"800\" data-init-height=\"800\" data-width=\"245\" data-height=\"245\" \/><\/p><p><strong><strong><strong>Nossa jornada de crescimento<\/strong><\/strong><\/strong><\/p><p>Desde o in\u00edcio, a Precision Healthcare tem se dedicado a fornecer solu\u00e7\u00f5es de comunica\u00e7\u00e3o de ponta que geram melhores resultados para pacientes e profissionais de sa\u00fade. Nossa jornada at\u00e9 a Inc. 5000 foi impulsionada pela inova\u00e7\u00e3o, por um profundo entendimento das necessidades de nossos clientes e pelo compromisso de promover uma cultura de excel\u00eancia.<\/p><p><strong>O que vem a seguir?<\/strong>Ao comemorarmos essa conquista, continuamos focados no futuro. Estamos animados para continuar nossa trajet\u00f3ria de crescimento, explorar novas oportunidades, expandir nossos servi\u00e7os e fortalecer nosso impacto no setor de sa\u00fade. Este \u00e9 apenas o come\u00e7o, e estamos ansiosos para ver aonde o pr\u00f3ximo cap\u00edtulo de nossa jornada nos levar\u00e1.<\/p><h2 style=\"text-align: center;\">Junte-se a n\u00f3s em nossa jornada<\/h2><p>N\u00f3s o convidamos a contribuir para o nosso sucesso cont\u00ednuo. Seja voc\u00ea um cliente atual, um parceiro ou algu\u00e9m interessado em saber mais sobre o nosso trabalho, estamos entusiasmados em compartilhar nossa hist\u00f3ria. Juntos, podemos alcan\u00e7ar marcos ainda mais significativos.<\/p><p>Entre em contato: Para obter informa\u00e7\u00f5es adicionais sobre a Precision HealthCare, entre em contato com Lisa Hunt em <strong>(516) 771-7554<\/strong> ou por e-mail <a href=\"mailto:Lisa.Hunt@precisionhcc.com\" target=\"_blank\" rel=\"noopener\">Lisa.Hunt@precisionhcc.com<\/a><\/p>\t\t\t\t\t\t\t\t<\/div>\n\t\t\t\t<\/div>\n\t\t\t\t<\/div>\n\t\t\t\t\t<\/div>\n\t\t\t\t<\/div>\n\t\t<div class=\"elementor-element elementor-element-60c10813 e-flex e-con-boxed e-con e-parent\" data-id=\"60c10813\" data-element_type=\"container\" data-e-type=\"container\" data-settings=\"{&quot;jet_parallax_layout_list&quot;:[]}\">\n\t\t\t\t\t<div class=\"e-con-inner\">\n\t\t\t\t<div class=\"elementor-element elementor-element-38627c07 elementor-align-center elementor-widget elementor-widget-button\" data-id=\"38627c07\" data-element_type=\"widget\" data-e-type=\"widget\" data-widget_type=\"button.default\">\n\t\t\t\t<div class=\"elementor-widget-container\">\n\t\t\t\t\t\t\t\t\t<div class=\"elementor-button-wrapper\">\n\t\t\t\t\t<a class=\"elementor-button elementor-button-link elementor-size-sm\" href=\"https:\/\/www.precisionhcc.com\/pt\/about-us\/awards\/\">\n\t\t\t\t\t\t<span class=\"elementor-button-content-wrapper\">\n\t\t\t\t\t\t<span class=\"elementor-button-icon\">\n\t\t\t\t<i aria-hidden=\"true\" class=\"fas fa-arrow-alt-circle-left\"><\/i>\t\t\t<\/span>\n\t\t\t\t\t\t\t\t\t<span class=\"elementor-button-text\">VOLTAR PARA OS PR\u00caMIOS<\/span>\n\t\t\t\t\t<\/span>\n\t\t\t\t\t<\/a>\n\t\t\t\t<\/div>\n\t\t\t\t\t\t\t\t<\/div>\n\t\t\t\t<\/div>\n\t\t\t\t\t<\/div>\n\t\t\t\t<\/div>\n\t\t<div class=\"elementor-element elementor-element-21dbe940 e-flex e-con-boxed e-con e-parent\" data-id=\"21dbe940\" data-element_type=\"container\" data-e-type=\"container\" data-settings=\"{&quot;jet_parallax_layout_list&quot;:[]}\">\n\t\t\t\t\t<div class=\"e-con-inner\">\n\t\t\t\t\t<\/div>\n\t\t\t\t<\/div>\n\t\t\t\t<\/div>","protected":false},"excerpt":{"rendered":"<p>Ranked #20 on the Inc. 5000 List for 2024 Government Services Companies on this list had a median growth rate of 208%, with over 875,000 jobs added to the industry.\u00a0At Precision Healthcare, we are incredibly honored to announce that we have been ranked #20 on the 2024 Inc. 5000 list\u2014a prestigious recognition celebrating the fastest-growing [&hellip;]<\/p>\n","protected":false},"author":1236,"featured_media":0,"parent":3825,"menu_order":0,"comment_status":"closed","ping_status":"closed","template":"elementor_header_footer","meta":{"footnotes":""},"class_list":["post-4388","page","type-page","status-publish","hentry"],"yoast_head":"<!-- This site is optimized with the Yoast SEO plugin v27.3 - https:\/\/yoast.com\/product\/yoast-seo-wordpress\/ -->\n<title>Ranked #20 on the Inc. 5000 List for 2024 | Precision HealthCare Consultants<\/title>\n<meta name=\"description\" content=\"Ranked #20 on the Inc. 5000 List for 2024 Government ServicesCompanies on this list had a median growth rate of 208%, with over 875,000 jobs added to the\" \/>\n<meta name=\"robots\" content=\"index, follow, max-snippet:-1, max-image-preview:large, max-video-preview:-1\" \/>\n<link rel=\"canonical\" href=\"https:\/\/www.precisionhcc.com\/pt\/about-us\/awards\/ranked-20-on-the-inc-5000-list-for-2024\/\" \/>\n<meta property=\"og:locale\" content=\"pt_BR\" \/>\n<meta property=\"og:type\" content=\"article\" \/>\n<meta property=\"og:title\" content=\"Ranked #20 on the Inc. 5000 List for 2024 | Precision HealthCare Consultants\" \/>\n<meta property=\"og:description\" content=\"Ranked #20 on the Inc. 5000 List for 2024 Government ServicesCompanies on this list had a median growth rate of 208%, with over 875,000 jobs added to the\" \/>\n<meta property=\"og:url\" content=\"https:\/\/www.precisionhcc.com\/pt\/about-us\/awards\/ranked-20-on-the-inc-5000-list-for-2024\/\" \/>\n<meta property=\"og:site_name\" content=\"Precision HealthCare Consultants\" \/>\n<meta property=\"article:publisher\" content=\"https:\/\/www.facebook.com\/Precision-Healthcare-Consultants-166924926665497\/\" \/>\n<meta property=\"article:modified_time\" content=\"2025-05-16T19:09:23+00:00\" \/>\n<meta property=\"og:image\" content=\"https:\/\/www.precisionhcc.com\/wp-content\/uploads\/2025\/02\/awards_0000_Layer-1.png\" \/>\n<meta name=\"twitter:card\" content=\"summary_large_image\" \/>\n<meta name=\"twitter:site\" content=\"@precisionhcc\" \/>\n<meta name=\"twitter:label1\" content=\"Est. reading time\" \/>\n\t<meta name=\"twitter:data1\" content=\"3 minutos\" \/>\n<script type=\"application\/ld+json\" class=\"yoast-schema-graph\">{\"@context\":\"https:\\\/\\\/schema.org\",\"@graph\":[{\"@type\":\"WebPage\",\"@id\":\"https:\\\/\\\/www.precisionhcc.com\\\/about-us\\\/awards\\\/ranked-20-on-the-inc-5000-list-for-2024\\\/\",\"url\":\"https:\\\/\\\/www.precisionhcc.com\\\/about-us\\\/awards\\\/ranked-20-on-the-inc-5000-list-for-2024\\\/\",\"name\":\"Ranked #20 on the Inc. 5000 List for 2024 | Precision HealthCare Consultants\",\"isPartOf\":{\"@id\":\"https:\\\/\\\/www.precisionhcc.com\\\/#website\"},\"primaryImageOfPage\":{\"@id\":\"https:\\\/\\\/www.precisionhcc.com\\\/about-us\\\/awards\\\/ranked-20-on-the-inc-5000-list-for-2024\\\/#primaryimage\"},\"image\":{\"@id\":\"https:\\\/\\\/www.precisionhcc.com\\\/about-us\\\/awards\\\/ranked-20-on-the-inc-5000-list-for-2024\\\/#primaryimage\"},\"thumbnailUrl\":\"https:\\\/\\\/www.precisionhcc.com\\\/wp-content\\\/uploads\\\/2025\\\/02\\\/awards_0000_Layer-1.png\",\"datePublished\":\"2025-02-06T17:55:39+00:00\",\"dateModified\":\"2025-05-16T19:09:23+00:00\",\"description\":\"Ranked #20 on the Inc. 5000 List for 2024 Government ServicesCompanies on this list had a median growth rate of 208%, with over 875,000 jobs added to the\",\"breadcrumb\":{\"@id\":\"https:\\\/\\\/www.precisionhcc.com\\\/about-us\\\/awards\\\/ranked-20-on-the-inc-5000-list-for-2024\\\/#breadcrumb\"},\"inLanguage\":\"pt-BR\",\"potentialAction\":[{\"@type\":\"ReadAction\",\"target\":[\"https:\\\/\\\/www.precisionhcc.com\\\/about-us\\\/awards\\\/ranked-20-on-the-inc-5000-list-for-2024\\\/\"]}]},{\"@type\":\"ImageObject\",\"inLanguage\":\"pt-BR\",\"@id\":\"https:\\\/\\\/www.precisionhcc.com\\\/about-us\\\/awards\\\/ranked-20-on-the-inc-5000-list-for-2024\\\/#primaryimage\",\"url\":\"https:\\\/\\\/www.precisionhcc.com\\\/wp-content\\\/uploads\\\/2025\\\/02\\\/awards_0000_Layer-1.png\",\"contentUrl\":\"https:\\\/\\\/www.precisionhcc.com\\\/wp-content\\\/uploads\\\/2025\\\/02\\\/awards_0000_Layer-1.png\"},{\"@type\":\"BreadcrumbList\",\"@id\":\"https:\\\/\\\/www.precisionhcc.com\\\/about-us\\\/awards\\\/ranked-20-on-the-inc-5000-list-for-2024\\\/#breadcrumb\",\"itemListElement\":[{\"@type\":\"ListItem\",\"position\":1,\"name\":\"Home\",\"item\":\"https:\\\/\\\/www.precisionhcc.com\\\/\"},{\"@type\":\"ListItem\",\"position\":2,\"name\":\"About Us\",\"item\":\"https:\\\/\\\/www.precisionhcc.com\\\/about-us\\\/\"},{\"@type\":\"ListItem\",\"position\":3,\"name\":\"Awards\",\"item\":\"https:\\\/\\\/www.precisionhcc.com\\\/about-us\\\/awards\\\/\"},{\"@type\":\"ListItem\",\"position\":4,\"name\":\"Ranked #20 on the Inc. 5000 List for 2024\"}]},{\"@type\":\"WebSite\",\"@id\":\"https:\\\/\\\/www.precisionhcc.com\\\/#website\",\"url\":\"https:\\\/\\\/www.precisionhcc.com\\\/\",\"name\":\"Precision Healthcare Consultants\",\"description\":\"\",\"publisher\":{\"@id\":\"https:\\\/\\\/www.precisionhcc.com\\\/#organization\"},\"alternateName\":\"PHCC\",\"potentialAction\":[{\"@type\":\"SearchAction\",\"target\":{\"@type\":\"EntryPoint\",\"urlTemplate\":\"https:\\\/\\\/www.precisionhcc.com\\\/?s={search_term_string}\"},\"query-input\":{\"@type\":\"PropertyValueSpecification\",\"valueRequired\":true,\"valueName\":\"search_term_string\"}}],\"inLanguage\":\"pt-BR\"},{\"@type\":\"Organization\",\"@id\":\"https:\\\/\\\/www.precisionhcc.com\\\/#organization\",\"name\":\"Precision HealthCare Consultants\",\"url\":\"https:\\\/\\\/www.precisionhcc.com\\\/\",\"logo\":{\"@type\":\"ImageObject\",\"inLanguage\":\"pt-BR\",\"@id\":\"https:\\\/\\\/www.precisionhcc.com\\\/#\\\/schema\\\/logo\\\/image\\\/\",\"url\":\"https:\\\/\\\/www.precisionhcc.com\\\/wp-content\\\/uploads\\\/2020\\\/07\\\/Precision-logo.png\",\"contentUrl\":\"https:\\\/\\\/www.precisionhcc.com\\\/wp-content\\\/uploads\\\/2020\\\/07\\\/Precision-logo.png\",\"width\":656,\"height\":274,\"caption\":\"Precision HealthCare Consultants\"},\"image\":{\"@id\":\"https:\\\/\\\/www.precisionhcc.com\\\/#\\\/schema\\\/logo\\\/image\\\/\"},\"sameAs\":[\"https:\\\/\\\/www.facebook.com\\\/Precision-Healthcare-Consultants-166924926665497\\\/\",\"https:\\\/\\\/x.com\\\/precisionhcc\",\"https:\\\/\\\/www.linkedin.com\\\/in\\\/vanessa-best-ccs-p-cpc-ahima-icd-10-trainer-3bb948\",\"https:\\\/\\\/www.youtube.com\\\/channel\\\/UCZ6WKds91FdRPWEeGfwxv0A\"]}]}<\/script>\n<!-- \/ Yoast SEO plugin. -->","yoast_head_json":{"title":"Ranked #20 on the Inc. 5000 List for 2024 | Precision HealthCare Consultants","description":"Ranked #20 on the Inc. 5000 List for 2024 Government ServicesCompanies on this list had a median growth rate of 208%, with over 875,000 jobs added to the","robots":{"index":"index","follow":"follow","max-snippet":"max-snippet:-1","max-image-preview":"max-image-preview:large","max-video-preview":"max-video-preview:-1"},"canonical":"https:\/\/www.precisionhcc.com\/pt\/about-us\/awards\/ranked-20-on-the-inc-5000-list-for-2024\/","og_locale":"pt_BR","og_type":"article","og_title":"Ranked #20 on the Inc. 5000 List for 2024 | Precision HealthCare Consultants","og_description":"Ranked #20 on the Inc. 5000 List for 2024 Government ServicesCompanies on this list had a median growth rate of 208%, with over 875,000 jobs added to the","og_url":"https:\/\/www.precisionhcc.com\/pt\/about-us\/awards\/ranked-20-on-the-inc-5000-list-for-2024\/","og_site_name":"Precision HealthCare Consultants","article_publisher":"https:\/\/www.facebook.com\/Precision-Healthcare-Consultants-166924926665497\/","article_modified_time":"2025-05-16T19:09:23+00:00","og_image":[{"url":"https:\/\/www.precisionhcc.com\/wp-content\/uploads\/2025\/02\/awards_0000_Layer-1.png","type":"","width":"","height":""}],"twitter_card":"summary_large_image","twitter_site":"@precisionhcc","twitter_misc":{"Est. reading time":"3 minutos"},"schema":{"@context":"https:\/\/schema.org","@graph":[{"@type":"WebPage","@id":"https:\/\/www.precisionhcc.com\/about-us\/awards\/ranked-20-on-the-inc-5000-list-for-2024\/","url":"https:\/\/www.precisionhcc.com\/about-us\/awards\/ranked-20-on-the-inc-5000-list-for-2024\/","name":"Ranked #20 on the Inc. 5000 List for 2024 | Precision HealthCare Consultants","isPartOf":{"@id":"https:\/\/www.precisionhcc.com\/#website"},"primaryImageOfPage":{"@id":"https:\/\/www.precisionhcc.com\/about-us\/awards\/ranked-20-on-the-inc-5000-list-for-2024\/#primaryimage"},"image":{"@id":"https:\/\/www.precisionhcc.com\/about-us\/awards\/ranked-20-on-the-inc-5000-list-for-2024\/#primaryimage"},"thumbnailUrl":"https:\/\/www.precisionhcc.com\/wp-content\/uploads\/2025\/02\/awards_0000_Layer-1.png","datePublished":"2025-02-06T17:55:39+00:00","dateModified":"2025-05-16T19:09:23+00:00","description":"Ranked #20 on the Inc. 5000 List for 2024 Government ServicesCompanies on this list had a median growth rate of 208%, with over 875,000 jobs added to the","breadcrumb":{"@id":"https:\/\/www.precisionhcc.com\/about-us\/awards\/ranked-20-on-the-inc-5000-list-for-2024\/#breadcrumb"},"inLanguage":"pt-BR","potentialAction":[{"@type":"ReadAction","target":["https:\/\/www.precisionhcc.com\/about-us\/awards\/ranked-20-on-the-inc-5000-list-for-2024\/"]}]},{"@type":"ImageObject","inLanguage":"pt-BR","@id":"https:\/\/www.precisionhcc.com\/about-us\/awards\/ranked-20-on-the-inc-5000-list-for-2024\/#primaryimage","url":"https:\/\/www.precisionhcc.com\/wp-content\/uploads\/2025\/02\/awards_0000_Layer-1.png","contentUrl":"https:\/\/www.precisionhcc.com\/wp-content\/uploads\/2025\/02\/awards_0000_Layer-1.png"},{"@type":"BreadcrumbList","@id":"https:\/\/www.precisionhcc.com\/about-us\/awards\/ranked-20-on-the-inc-5000-list-for-2024\/#breadcrumb","itemListElement":[{"@type":"ListItem","position":1,"name":"Home","item":"https:\/\/www.precisionhcc.com\/"},{"@type":"ListItem","position":2,"name":"About Us","item":"https:\/\/www.precisionhcc.com\/about-us\/"},{"@type":"ListItem","position":3,"name":"Awards","item":"https:\/\/www.precisionhcc.com\/about-us\/awards\/"},{"@type":"ListItem","position":4,"name":"Ranked #20 on the Inc. 5000 List for 2024"}]},{"@type":"WebSite","@id":"https:\/\/www.precisionhcc.com\/#website","url":"https:\/\/www.precisionhcc.com\/","name":"Consultores da Precision Healthcare","description":"","publisher":{"@id":"https:\/\/www.precisionhcc.com\/#organization"},"alternateName":"PHCC","potentialAction":[{"@type":"SearchAction","target":{"@type":"EntryPoint","urlTemplate":"https:\/\/www.precisionhcc.com\/?s={search_term_string}"},"query-input":{"@type":"PropertyValueSpecification","valueRequired":true,"valueName":"search_term_string"}}],"inLanguage":"pt-BR"},{"@type":"Organization","@id":"https:\/\/www.precisionhcc.com\/#organization","name":"Consultores da Precision HealthCare","url":"https:\/\/www.precisionhcc.com\/","logo":{"@type":"ImageObject","inLanguage":"pt-BR","@id":"https:\/\/www.precisionhcc.com\/#\/schema\/logo\/image\/","url":"https:\/\/www.precisionhcc.com\/wp-content\/uploads\/2020\/07\/Precision-logo.png","contentUrl":"https:\/\/www.precisionhcc.com\/wp-content\/uploads\/2020\/07\/Precision-logo.png","width":656,"height":274,"caption":"Precision HealthCare Consultants"},"image":{"@id":"https:\/\/www.precisionhcc.com\/#\/schema\/logo\/image\/"},"sameAs":["https:\/\/www.facebook.com\/Precision-Healthcare-Consultants-166924926665497\/","https:\/\/x.com\/precisionhcc","https:\/\/www.linkedin.com\/in\/vanessa-best-ccs-p-cpc-ahima-icd-10-trainer-3bb948","https:\/\/www.youtube.com\/channel\/UCZ6WKds91FdRPWEeGfwxv0A"]}]}},"_links":{"self":[{"href":"https:\/\/www.precisionhcc.com\/pt\/wp-json\/wp\/v2\/pages\/4388","targetHints":{"allow":["GET"]}}],"collection":[{"href":"https:\/\/www.precisionhcc.com\/pt\/wp-json\/wp\/v2\/pages"}],"about":[{"href":"https:\/\/www.precisionhcc.com\/pt\/wp-json\/wp\/v2\/types\/page"}],"author":[{"embeddable":true,"href":"https:\/\/www.precisionhcc.com\/pt\/wp-json\/wp\/v2\/users\/1236"}],"replies":[{"embeddable":true,"href":"https:\/\/www.precisionhcc.com\/pt\/wp-json\/wp\/v2\/comments?post=4388"}],"version-history":[{"count":0,"href":"https:\/\/www.precisionhcc.com\/pt\/wp-json\/wp\/v2\/pages\/4388\/revisions"}],"up":[{"embeddable":true,"href":"https:\/\/www.precisionhcc.com\/pt\/wp-json\/wp\/v2\/pages\/3825"}],"wp:attachment":[{"href":"https:\/\/www.precisionhcc.com\/pt\/wp-json\/wp\/v2\/media?parent=4388"}],"curies":[{"name":"wp","href":"https:\/\/api.w.org\/{rel}","templated":true}]}}