{"id":4390,"date":"2025-02-06T13:13:19","date_gmt":"2025-02-06T18:13:19","guid":{"rendered":"https:\/\/www.precisionhcc.com\/?page_id=4390"},"modified":"2025-05-16T15:23:06","modified_gmt":"2025-05-16T19:23:06","slug":"2025-enterprising-women-of-the-year-award","status":"publish","type":"page","link":"https:\/\/www.precisionhcc.com\/pt\/about-us\/awards\/2025-enterprising-women-of-the-year-award\/","title":{"rendered":"Pr\u00eamio Mulheres Empreendedoras do Ano de 2025"},"content":{"rendered":"<div data-elementor-type=\"wp-page\" data-elementor-id=\"4390\" class=\"elementor elementor-4390\" data-elementor-post-type=\"page\">\n\t\t\t\t<div class=\"elementor-element elementor-element-34ac944 e-flex e-con-boxed e-con e-parent\" data-id=\"34ac944\" data-element_type=\"container\" data-e-type=\"container\" data-settings=\"{&quot;jet_parallax_layout_list&quot;:[]}\">\n\t\t\t\t\t<div class=\"e-con-inner\">\n\t\t<div class=\"elementor-element elementor-element-2837db7 e-con-full e-flex e-con e-child\" data-id=\"2837db7\" data-element_type=\"container\" data-e-type=\"container\" data-settings=\"{&quot;background_background&quot;:&quot;classic&quot;,&quot;jet_parallax_layout_list&quot;:[]}\">\n\t\t\t\t<div class=\"elementor-element elementor-element-7a95f8f elementor-widget elementor-widget-spacer\" data-id=\"7a95f8f\" data-element_type=\"widget\" data-e-type=\"widget\" data-widget_type=\"spacer.default\">\n\t\t\t\t<div class=\"elementor-widget-container\">\n\t\t\t\t\t\t\t<div class=\"elementor-spacer\">\n\t\t\t<div class=\"elementor-spacer-inner\"><\/div>\n\t\t<\/div>\n\t\t\t\t\t\t<\/div>\n\t\t\t\t<\/div>\n\t\t\t\t<div class=\"elementor-element elementor-element-9fd4847 elementor-invisible elementor-widget elementor-widget-heading\" data-id=\"9fd4847\" data-element_type=\"widget\" data-e-type=\"widget\" data-settings=\"{&quot;_animation&quot;:&quot;fadeInDown&quot;}\" data-widget_type=\"heading.default\">\n\t\t\t\t<div class=\"elementor-widget-container\">\n\t\t\t\t\t<h1 class=\"elementor-heading-title elementor-size-default\">Pr\u00eamio Mulheres Empreendedoras do Ano de 2025<\/h1>\t\t\t\t<\/div>\n\t\t\t\t<\/div>\n\t\t\t\t<div class=\"elementor-element elementor-element-aae178b elementor-widget elementor-widget-spacer\" data-id=\"aae178b\" data-element_type=\"widget\" data-e-type=\"widget\" data-widget_type=\"spacer.default\">\n\t\t\t\t<div class=\"elementor-widget-container\">\n\t\t\t\t\t\t\t<div class=\"elementor-spacer\">\n\t\t\t<div class=\"elementor-spacer-inner\"><\/div>\n\t\t<\/div>\n\t\t\t\t\t\t<\/div>\n\t\t\t\t<\/div>\n\t\t\t\t<\/div>\n\t\t\t\t\t<\/div>\n\t\t\t\t<\/div>\n\t\t<div class=\"elementor-element elementor-element-bdce291 e-flex e-con-boxed e-con e-parent\" data-id=\"bdce291\" data-element_type=\"container\" data-e-type=\"container\" data-settings=\"{&quot;jet_parallax_layout_list&quot;:[]}\">\n\t\t\t\t\t<div class=\"e-con-inner\">\n\t\t<div class=\"elementor-element elementor-element-239e3a0 e-con-full e-flex e-con e-child\" data-id=\"239e3a0\" data-element_type=\"container\" data-e-type=\"container\" data-settings=\"{&quot;background_background&quot;:&quot;classic&quot;,&quot;jet_parallax_layout_list&quot;:[]}\">\n\t\t\t\t<div class=\"elementor-element elementor-element-7a67a0c8 elementor-widget elementor-widget-text-editor\" data-id=\"7a67a0c8\" data-element_type=\"widget\" data-e-type=\"widget\" data-widget_type=\"text-editor.default\">\n\t\t\t\t<div class=\"elementor-widget-container\">\n\t\t\t\t\t\t\t\t\t<h4 style=\"text-align: center;\"><strong>A Enterprising Women Magazine anuncia o prestigioso programa de pr\u00eamios e apresenta a lista de homenageadas<\/strong><\/h4><p><strong>CARY, NC:\u00a0<\/strong>Monica Smiley, editora e CEO da revista Enterprising Women, anunciou as vencedoras e finalistas (campe\u00e3s) do Pr\u00eamio Enterprising Women of the Year 2025, um tributo anual \u00e0s principais empreendedoras do mundo. Tanto as vencedoras quanto as campe\u00e3s do Pr\u00eamio Mulheres Empreendedoras do Ano ser\u00e3o reconhecidas na 23\u00aa Celebra\u00e7\u00e3o e Confer\u00eancia Anual do Pr\u00eamio Mulheres Empreendedoras do Ano, a ser realizada de quinta-feira, 27 de mar\u00e7o, a s\u00e1bado, 29 de mar\u00e7o. A confer\u00eancia tamb\u00e9m marcar\u00e1 o 25\u00ba anivers\u00e1rio da revista Enterprising Women. O Pr\u00eamio Mulheres Empreendedoras do Ano \u00e9 amplamente considerado um dos mais prestigiados programas de reconhecimento para mulheres propriet\u00e1rias de empresas. Para ganhar, as indicadas devem demonstrar que t\u00eam empresas de r\u00e1pido crescimento, orientam ou apoiam ativamente outras mulheres e meninas envolvidas em empreendedorismo e se destacam como l\u00edderes em suas comunidades. Muitas das homenageadas tamb\u00e9m atuam como l\u00edderes das principais organiza\u00e7\u00f5es que apoiam o crescimento do empreendedorismo feminino.Os vencedores do pr\u00eamio foram reconhecidos em sete categorias este ano: receita anual de vendas de mais de $100 milh\u00f5es; receita anual de vendas de mais de $25 milh\u00f5es e at\u00e9 $100 milh\u00f5es; receita anual de vendas de mais de $10 milh\u00f5es e at\u00e9 $25 milh\u00f5es; receita anual de vendas superior a $5 milh\u00f5es e at\u00e9 $10 milh\u00f5es; receita anual de vendas superior a $2 milh\u00f5es e at\u00e9 $5 milh\u00f5es; receita anual de vendas superior a $1 milh\u00f5es e at\u00e9 $2 milh\u00f5es; e receita anual de vendas at\u00e9 $1 milh\u00f5es.Na categoria do pr\u00eamio Champion, todos os n\u00edveis de receita est\u00e3o representados. Embora as vencedoras do Pr\u00eamio Mulheres Empreendedoras do Ano recebam um pr\u00eamio \u00fanico e n\u00e3o possam se candidatar novamente nos pr\u00f3ximos anos, as Campe\u00e3s podem se candidatar novamente para receber a designa\u00e7\u00e3o de Vencedora do Pr\u00eamio Mulheres Empreendedoras do Ano.<\/p><p><strong>Detalhes:<\/strong>Para obter mais informa\u00e7\u00f5es ou se inscrever para participar do <strong>2025 Celebra\u00e7\u00e3o e Confer\u00eancia do Pr\u00eamio Mulheres Empreendedoras do Ano<\/strong>, visite <a href=\"https:\/\/enterprisingwomen.com\" target=\"_blank\" rel=\"noopener\">https:\/\/enterprisingwomen.com<\/a>.<\/p><p><strong>O que vem a seguir?<\/strong>Ao comemorarmos essa conquista, continuamos focados no futuro. Estamos animados para continuar nossa trajet\u00f3ria de crescimento, explorar novas oportunidades, expandir nossos servi\u00e7os e fortalecer nosso impacto no setor de sa\u00fade. Este \u00e9 apenas o come\u00e7o, e estamos ansiosos para ver aonde o pr\u00f3ximo cap\u00edtulo de nossa jornada nos levar\u00e1.<\/p><h2 style=\"text-align: center;\">Junte-se a n\u00f3s em nossa jornada<\/h2><p>N\u00f3s o convidamos a contribuir para o nosso sucesso cont\u00ednuo. Seja voc\u00ea um cliente atual, um parceiro ou algu\u00e9m interessado em saber mais sobre o nosso trabalho, estamos entusiasmados em compartilhar nossa hist\u00f3ria. Juntos, podemos alcan\u00e7ar marcos ainda mais significativos.<\/p><p>Entre em contato: Para obter informa\u00e7\u00f5es adicionais sobre a Precision HealthCare, entre em contato com Lisa Hunt em <strong>(516) 771-7554<\/strong> ou por e-mail <a href=\"mailto:Lisa.Hunt@precisionhcc.com\" target=\"_blank\" rel=\"noopener\">Lisa.Hunt@precisionhcc.com<\/a><\/p>\t\t\t\t\t\t\t\t<\/div>\n\t\t\t\t<\/div>\n\t\t\t\t<\/div>\n\t\t\t\t\t<\/div>\n\t\t\t\t<\/div>\n\t\t<div class=\"elementor-element elementor-element-73cc1419 e-flex e-con-boxed e-con e-parent\" data-id=\"73cc1419\" data-element_type=\"container\" data-e-type=\"container\" data-settings=\"{&quot;jet_parallax_layout_list&quot;:[]}\">\n\t\t\t\t\t<div class=\"e-con-inner\">\n\t\t\t\t\t<\/div>\n\t\t\t\t<\/div>\n\t\t\t\t<\/div>","protected":false},"excerpt":{"rendered":"<p>Enterprising Women Magazine Announces Prestigious Awards Program and Introduces List of Honorees CARY, NC:\u00a0Monica Smiley, Publisher and CEO of Enterprising Women magazine, has announced the winners and finalists (champions) of the 2025 Enterprising Women of the Year Awards, an annual tribute to the world\u2019s top women entrepreneurs. Both the Enterprising Women of the Year Award [&hellip;]<\/p>\n","protected":false},"author":1236,"featured_media":0,"parent":3825,"menu_order":0,"comment_status":"closed","ping_status":"closed","template":"elementor_header_footer","meta":{"footnotes":""},"class_list":["post-4390","page","type-page","status-publish","hentry"],"yoast_head":"<!-- This site is optimized with the Yoast SEO plugin v27.3 - https:\/\/yoast.com\/product\/yoast-seo-wordpress\/ -->\n<title>2025 Enterprising Women of the Year Award | Precision HealthCare Consultants<\/title>\n<meta name=\"description\" content=\"Enterprising Women Magazine Announces Prestigious Awards Program and Introduces List of HonoreesCARY, NC:\u00a0Monica Smiley, Publisher and CEO of Enterprising\" \/>\n<meta name=\"robots\" content=\"index, follow, max-snippet:-1, max-image-preview:large, max-video-preview:-1\" \/>\n<link rel=\"canonical\" href=\"https:\/\/www.precisionhcc.com\/pt\/about-us\/awards\/2025-enterprising-women-of-the-year-award\/\" \/>\n<meta property=\"og:locale\" content=\"pt_BR\" \/>\n<meta property=\"og:type\" content=\"article\" \/>\n<meta property=\"og:title\" content=\"2025 Enterprising Women of the Year Award | Precision HealthCare Consultants\" \/>\n<meta property=\"og:description\" content=\"Enterprising Women Magazine Announces Prestigious Awards Program and Introduces List of HonoreesCARY, NC:\u00a0Monica Smiley, Publisher and CEO of Enterprising\" \/>\n<meta property=\"og:url\" content=\"https:\/\/www.precisionhcc.com\/pt\/about-us\/awards\/2025-enterprising-women-of-the-year-award\/\" \/>\n<meta property=\"og:site_name\" content=\"Precision HealthCare Consultants\" \/>\n<meta property=\"article:publisher\" content=\"https:\/\/www.facebook.com\/Precision-Healthcare-Consultants-166924926665497\/\" \/>\n<meta property=\"article:modified_time\" content=\"2025-05-16T19:23:06+00:00\" \/>\n<meta property=\"og:image\" content=\"https:\/\/www.precisionhcc.com\/wp-content\/uploads\/2025\/03\/Precision-OG-Dark.png\" \/>\n\t<meta property=\"og:image:width\" content=\"1200\" \/>\n\t<meta property=\"og:image:height\" content=\"630\" \/>\n\t<meta property=\"og:image:type\" content=\"image\/png\" \/>\n<meta name=\"twitter:card\" content=\"summary_large_image\" \/>\n<meta name=\"twitter:site\" content=\"@precisionhcc\" \/>\n<meta name=\"twitter:label1\" content=\"Est. reading time\" \/>\n\t<meta name=\"twitter:data1\" content=\"2 minutos\" \/>\n<script type=\"application\/ld+json\" class=\"yoast-schema-graph\">{\"@context\":\"https:\\\/\\\/schema.org\",\"@graph\":[{\"@type\":\"WebPage\",\"@id\":\"https:\\\/\\\/www.precisionhcc.com\\\/about-us\\\/awards\\\/2025-enterprising-women-of-the-year-award\\\/\",\"url\":\"https:\\\/\\\/www.precisionhcc.com\\\/about-us\\\/awards\\\/2025-enterprising-women-of-the-year-award\\\/\",\"name\":\"2025 Enterprising Women of the Year Award | Precision HealthCare Consultants\",\"isPartOf\":{\"@id\":\"https:\\\/\\\/www.precisionhcc.com\\\/#website\"},\"datePublished\":\"2025-02-06T18:13:19+00:00\",\"dateModified\":\"2025-05-16T19:23:06+00:00\",\"description\":\"Enterprising Women Magazine Announces Prestigious Awards Program and Introduces List of HonoreesCARY, NC:\u00a0Monica Smiley, Publisher and CEO of Enterprising\",\"breadcrumb\":{\"@id\":\"https:\\\/\\\/www.precisionhcc.com\\\/about-us\\\/awards\\\/2025-enterprising-women-of-the-year-award\\\/#breadcrumb\"},\"inLanguage\":\"pt-BR\",\"potentialAction\":[{\"@type\":\"ReadAction\",\"target\":[\"https:\\\/\\\/www.precisionhcc.com\\\/about-us\\\/awards\\\/2025-enterprising-women-of-the-year-award\\\/\"]}]},{\"@type\":\"BreadcrumbList\",\"@id\":\"https:\\\/\\\/www.precisionhcc.com\\\/about-us\\\/awards\\\/2025-enterprising-women-of-the-year-award\\\/#breadcrumb\",\"itemListElement\":[{\"@type\":\"ListItem\",\"position\":1,\"name\":\"Home\",\"item\":\"https:\\\/\\\/www.precisionhcc.com\\\/\"},{\"@type\":\"ListItem\",\"position\":2,\"name\":\"About Us\",\"item\":\"https:\\\/\\\/www.precisionhcc.com\\\/about-us\\\/\"},{\"@type\":\"ListItem\",\"position\":3,\"name\":\"Awards\",\"item\":\"https:\\\/\\\/www.precisionhcc.com\\\/about-us\\\/awards\\\/\"},{\"@type\":\"ListItem\",\"position\":4,\"name\":\"2025 Enterprising Women of the Year Award\"}]},{\"@type\":\"WebSite\",\"@id\":\"https:\\\/\\\/www.precisionhcc.com\\\/#website\",\"url\":\"https:\\\/\\\/www.precisionhcc.com\\\/\",\"name\":\"Precision Healthcare Consultants\",\"description\":\"\",\"publisher\":{\"@id\":\"https:\\\/\\\/www.precisionhcc.com\\\/#organization\"},\"alternateName\":\"PHCC\",\"potentialAction\":[{\"@type\":\"SearchAction\",\"target\":{\"@type\":\"EntryPoint\",\"urlTemplate\":\"https:\\\/\\\/www.precisionhcc.com\\\/?s={search_term_string}\"},\"query-input\":{\"@type\":\"PropertyValueSpecification\",\"valueRequired\":true,\"valueName\":\"search_term_string\"}}],\"inLanguage\":\"pt-BR\"},{\"@type\":\"Organization\",\"@id\":\"https:\\\/\\\/www.precisionhcc.com\\\/#organization\",\"name\":\"Precision HealthCare Consultants\",\"url\":\"https:\\\/\\\/www.precisionhcc.com\\\/\",\"logo\":{\"@type\":\"ImageObject\",\"inLanguage\":\"pt-BR\",\"@id\":\"https:\\\/\\\/www.precisionhcc.com\\\/#\\\/schema\\\/logo\\\/image\\\/\",\"url\":\"https:\\\/\\\/www.precisionhcc.com\\\/wp-content\\\/uploads\\\/2020\\\/07\\\/Precision-logo.png\",\"contentUrl\":\"https:\\\/\\\/www.precisionhcc.com\\\/wp-content\\\/uploads\\\/2020\\\/07\\\/Precision-logo.png\",\"width\":656,\"height\":274,\"caption\":\"Precision HealthCare Consultants\"},\"image\":{\"@id\":\"https:\\\/\\\/www.precisionhcc.com\\\/#\\\/schema\\\/logo\\\/image\\\/\"},\"sameAs\":[\"https:\\\/\\\/www.facebook.com\\\/Precision-Healthcare-Consultants-166924926665497\\\/\",\"https:\\\/\\\/x.com\\\/precisionhcc\",\"https:\\\/\\\/www.linkedin.com\\\/in\\\/vanessa-best-ccs-p-cpc-ahima-icd-10-trainer-3bb948\",\"https:\\\/\\\/www.youtube.com\\\/channel\\\/UCZ6WKds91FdRPWEeGfwxv0A\"]}]}<\/script>\n<!-- \/ Yoast SEO plugin. -->","yoast_head_json":{"title":"2025 Enterprising Women of the Year Award | Precision HealthCare Consultants","description":"Enterprising Women Magazine Announces Prestigious Awards Program and Introduces List of HonoreesCARY, NC:\u00a0Monica Smiley, Publisher and CEO of Enterprising","robots":{"index":"index","follow":"follow","max-snippet":"max-snippet:-1","max-image-preview":"max-image-preview:large","max-video-preview":"max-video-preview:-1"},"canonical":"https:\/\/www.precisionhcc.com\/pt\/about-us\/awards\/2025-enterprising-women-of-the-year-award\/","og_locale":"pt_BR","og_type":"article","og_title":"2025 Enterprising Women of the Year Award | Precision HealthCare Consultants","og_description":"Enterprising Women Magazine Announces Prestigious Awards Program and Introduces List of HonoreesCARY, NC:\u00a0Monica Smiley, Publisher and CEO of Enterprising","og_url":"https:\/\/www.precisionhcc.com\/pt\/about-us\/awards\/2025-enterprising-women-of-the-year-award\/","og_site_name":"Precision HealthCare Consultants","article_publisher":"https:\/\/www.facebook.com\/Precision-Healthcare-Consultants-166924926665497\/","article_modified_time":"2025-05-16T19:23:06+00:00","og_image":[{"width":1200,"height":630,"url":"https:\/\/www.precisionhcc.com\/wp-content\/uploads\/2025\/03\/Precision-OG-Dark.png","type":"image\/png"}],"twitter_card":"summary_large_image","twitter_site":"@precisionhcc","twitter_misc":{"Est. reading time":"2 minutos"},"schema":{"@context":"https:\/\/schema.org","@graph":[{"@type":"WebPage","@id":"https:\/\/www.precisionhcc.com\/about-us\/awards\/2025-enterprising-women-of-the-year-award\/","url":"https:\/\/www.precisionhcc.com\/about-us\/awards\/2025-enterprising-women-of-the-year-award\/","name":"2025 Enterprising Women of the Year Award | Precision HealthCare Consultants","isPartOf":{"@id":"https:\/\/www.precisionhcc.com\/#website"},"datePublished":"2025-02-06T18:13:19+00:00","dateModified":"2025-05-16T19:23:06+00:00","description":"Enterprising Women Magazine Announces Prestigious Awards Program and Introduces List of HonoreesCARY, NC:\u00a0Monica Smiley, Publisher and CEO of Enterprising","breadcrumb":{"@id":"https:\/\/www.precisionhcc.com\/about-us\/awards\/2025-enterprising-women-of-the-year-award\/#breadcrumb"},"inLanguage":"pt-BR","potentialAction":[{"@type":"ReadAction","target":["https:\/\/www.precisionhcc.com\/about-us\/awards\/2025-enterprising-women-of-the-year-award\/"]}]},{"@type":"BreadcrumbList","@id":"https:\/\/www.precisionhcc.com\/about-us\/awards\/2025-enterprising-women-of-the-year-award\/#breadcrumb","itemListElement":[{"@type":"ListItem","position":1,"name":"Home","item":"https:\/\/www.precisionhcc.com\/"},{"@type":"ListItem","position":2,"name":"About Us","item":"https:\/\/www.precisionhcc.com\/about-us\/"},{"@type":"ListItem","position":3,"name":"Awards","item":"https:\/\/www.precisionhcc.com\/about-us\/awards\/"},{"@type":"ListItem","position":4,"name":"2025 Enterprising Women of the Year Award"}]},{"@type":"WebSite","@id":"https:\/\/www.precisionhcc.com\/#website","url":"https:\/\/www.precisionhcc.com\/","name":"Consultores da Precision Healthcare","description":"","publisher":{"@id":"https:\/\/www.precisionhcc.com\/#organization"},"alternateName":"PHCC","potentialAction":[{"@type":"SearchAction","target":{"@type":"EntryPoint","urlTemplate":"https:\/\/www.precisionhcc.com\/?s={search_term_string}"},"query-input":{"@type":"PropertyValueSpecification","valueRequired":true,"valueName":"search_term_string"}}],"inLanguage":"pt-BR"},{"@type":"Organization","@id":"https:\/\/www.precisionhcc.com\/#organization","name":"Consultores da Precision HealthCare","url":"https:\/\/www.precisionhcc.com\/","logo":{"@type":"ImageObject","inLanguage":"pt-BR","@id":"https:\/\/www.precisionhcc.com\/#\/schema\/logo\/image\/","url":"https:\/\/www.precisionhcc.com\/wp-content\/uploads\/2020\/07\/Precision-logo.png","contentUrl":"https:\/\/www.precisionhcc.com\/wp-content\/uploads\/2020\/07\/Precision-logo.png","width":656,"height":274,"caption":"Precision HealthCare Consultants"},"image":{"@id":"https:\/\/www.precisionhcc.com\/#\/schema\/logo\/image\/"},"sameAs":["https:\/\/www.facebook.com\/Precision-Healthcare-Consultants-166924926665497\/","https:\/\/x.com\/precisionhcc","https:\/\/www.linkedin.com\/in\/vanessa-best-ccs-p-cpc-ahima-icd-10-trainer-3bb948","https:\/\/www.youtube.com\/channel\/UCZ6WKds91FdRPWEeGfwxv0A"]}]}},"_links":{"self":[{"href":"https:\/\/www.precisionhcc.com\/pt\/wp-json\/wp\/v2\/pages\/4390","targetHints":{"allow":["GET"]}}],"collection":[{"href":"https:\/\/www.precisionhcc.com\/pt\/wp-json\/wp\/v2\/pages"}],"about":[{"href":"https:\/\/www.precisionhcc.com\/pt\/wp-json\/wp\/v2\/types\/page"}],"author":[{"embeddable":true,"href":"https:\/\/www.precisionhcc.com\/pt\/wp-json\/wp\/v2\/users\/1236"}],"replies":[{"embeddable":true,"href":"https:\/\/www.precisionhcc.com\/pt\/wp-json\/wp\/v2\/comments?post=4390"}],"version-history":[{"count":0,"href":"https:\/\/www.precisionhcc.com\/pt\/wp-json\/wp\/v2\/pages\/4390\/revisions"}],"up":[{"embeddable":true,"href":"https:\/\/www.precisionhcc.com\/pt\/wp-json\/wp\/v2\/pages\/3825"}],"wp:attachment":[{"href":"https:\/\/www.precisionhcc.com\/pt\/wp-json\/wp\/v2\/media?parent=4390"}],"curies":[{"name":"wp","href":"https:\/\/api.w.org\/{rel}","templated":true}]}}