{"id":4129,"date":"2024-12-13T11:33:56","date_gmt":"2024-12-13T16:33:56","guid":{"rendered":"https:\/\/www.precisionhcc.com\/?page_id=4129"},"modified":"2025-03-24T08:36:19","modified_gmt":"2025-03-24T12:36:19","slug":"contact","status":"publish","type":"page","link":"https:\/\/www.precisionhcc.com\/vi\/contact\/","title":{"rendered":"Li\u00ean h\u1ec7"},"content":{"rendered":"<div data-elementor-type=\"wp-page\" data-elementor-id=\"4129\" class=\"elementor elementor-4129\" data-elementor-post-type=\"page\">\n\t\t\t\t<div class=\"elementor-element elementor-element-841eb87 e-flex e-con-boxed e-con e-parent\" data-id=\"841eb87\" data-element_type=\"container\" data-e-type=\"container\" data-settings=\"{&quot;jet_parallax_layout_list&quot;:[],&quot;background_background&quot;:&quot;classic&quot;}\">\n\t\t\t\t\t<div class=\"e-con-inner\">\n\t\t<div class=\"elementor-element elementor-element-54f5801 e-con-full e-flex e-con e-child\" data-id=\"54f5801\" data-element_type=\"container\" data-e-type=\"container\" data-settings=\"{&quot;jet_parallax_layout_list&quot;:[]}\">\n\t\t\t\t<div class=\"elementor-element elementor-element-d4d6d00 elementor-widget elementor-widget-spacer\" data-id=\"d4d6d00\" data-element_type=\"widget\" data-e-type=\"widget\" data-widget_type=\"spacer.default\">\n\t\t\t\t<div class=\"elementor-widget-container\">\n\t\t\t\t\t\t\t<div class=\"elementor-spacer\">\n\t\t\t<div class=\"elementor-spacer-inner\"><\/div>\n\t\t<\/div>\n\t\t\t\t\t\t<\/div>\n\t\t\t\t<\/div>\n\t\t\t\t<div class=\"elementor-element elementor-element-e43d66c elementor-invisible elementor-widget elementor-widget-heading\" data-id=\"e43d66c\" data-element_type=\"widget\" data-e-type=\"widget\" data-settings=\"{&quot;_animation&quot;:&quot;fadeInDown&quot;}\" data-widget_type=\"heading.default\">\n\t\t\t\t<div class=\"elementor-widget-container\">\n\t\t\t\t\t<h1 class=\"elementor-heading-title elementor-size-default\">Li\u00ean h\u1ec7<\/h1>\t\t\t\t<\/div>\n\t\t\t\t<\/div>\n\t\t\t\t<div class=\"elementor-element elementor-element-f294978 elementor-widget-divider--view-line elementor-invisible elementor-widget elementor-widget-divider\" data-id=\"f294978\" data-element_type=\"widget\" data-e-type=\"widget\" data-settings=\"{&quot;_animation&quot;:&quot;fadeInUp&quot;,&quot;_animation_delay&quot;:100}\" data-widget_type=\"divider.default\">\n\t\t\t\t<div class=\"elementor-widget-container\">\n\t\t\t\t\t\t\t<div class=\"elementor-divider\">\n\t\t\t<span class=\"elementor-divider-separator\">\n\t\t\t\t\t\t<\/span>\n\t\t<\/div>\n\t\t\t\t\t\t<\/div>\n\t\t\t\t<\/div>\n\t\t\t\t<div class=\"elementor-element elementor-element-16cbae0 elementor-widget elementor-widget-spacer\" data-id=\"16cbae0\" data-element_type=\"widget\" data-e-type=\"widget\" data-widget_type=\"spacer.default\">\n\t\t\t\t<div class=\"elementor-widget-container\">\n\t\t\t\t\t\t\t<div class=\"elementor-spacer\">\n\t\t\t<div class=\"elementor-spacer-inner\"><\/div>\n\t\t<\/div>\n\t\t\t\t\t\t<\/div>\n\t\t\t\t<\/div>\n\t\t\t\t<\/div>\n\t\t\t\t\t<\/div>\n\t\t\t\t<\/div>\n\t\t<div class=\"elementor-element elementor-element-cb81cbb e-flex e-con-boxed elementor-invisible e-con e-parent\" data-id=\"cb81cbb\" data-element_type=\"container\" data-e-type=\"container\" data-settings=\"{&quot;jet_parallax_layout_list&quot;:[],&quot;animation&quot;:&quot;fadeInUp&quot;}\">\n\t\t\t\t\t<div class=\"e-con-inner\">\n\t\t\t\t<div class=\"elementor-element elementor-element-353e889 elementor-widget elementor-widget-spacer\" data-id=\"353e889\" data-element_type=\"widget\" data-e-type=\"widget\" data-widget_type=\"spacer.default\">\n\t\t\t\t<div class=\"elementor-widget-container\">\n\t\t\t\t\t\t\t<div class=\"elementor-spacer\">\n\t\t\t<div class=\"elementor-spacer-inner\"><\/div>\n\t\t<\/div>\n\t\t\t\t\t\t<\/div>\n\t\t\t\t<\/div>\n\t\t\t\t<div class=\"elementor-element elementor-element-50583fe elementor-widget elementor-widget-heading\" data-id=\"50583fe\" data-element_type=\"widget\" data-e-type=\"widget\" data-widget_type=\"heading.default\">\n\t\t\t\t<div class=\"elementor-widget-container\">\n\t\t\t\t\t<h2 class=\"elementor-heading-title elementor-size-default\">T\u00ecm hi\u1ec3u c\u00e1ch \u0111\u1ed9i ng\u0169 chuy\u00ean gia c\u1ee7a Precision c\u00f3 th\u1ec3 h\u1ed7 tr\u1ee3 nhu c\u1ea7u ch\u0103m s\u00f3c s\u1ee9c kh\u1ecfe c\u1ee7a t\u1ed5 ch\u1ee9c b\u1ea1n. Li\u00ean h\u1ec7 v\u1edbi ch\u00fang t\u00f4i ngay h\u00f4m nay!<\/h2>\t\t\t\t<\/div>\n\t\t\t\t<\/div>\n\t\t\t\t<div class=\"elementor-element elementor-element-b0666fd elementor-widget elementor-widget-spacer\" data-id=\"b0666fd\" data-element_type=\"widget\" data-e-type=\"widget\" data-widget_type=\"spacer.default\">\n\t\t\t\t<div class=\"elementor-widget-container\">\n\t\t\t\t\t\t\t<div class=\"elementor-spacer\">\n\t\t\t<div class=\"elementor-spacer-inner\"><\/div>\n\t\t<\/div>\n\t\t\t\t\t\t<\/div>\n\t\t\t\t<\/div>\n\t\t\t\t\t<\/div>\n\t\t\t\t<\/div>\n\t\t<div class=\"elementor-element elementor-element-5e7a989 e-flex e-con-boxed e-con e-parent\" data-id=\"5e7a989\" data-element_type=\"container\" data-e-type=\"container\" data-settings=\"{&quot;jet_parallax_layout_list&quot;:[]}\">\n\t\t\t\t\t<div class=\"e-con-inner\">\n\t\t\t\t<div class=\"elementor-element elementor-element-4d609e9 elementor-widget elementor-widget-shortcode\" data-id=\"4d609e9\" data-element_type=\"widget\" data-e-type=\"widget\" data-widget_type=\"shortcode.default\">\n\t\t\t\t<div class=\"elementor-widget-container\">\n\t\t\t\t\t\t\t<div class=\"elementor-shortcode\"><div class=\"forminator-ui forminator-custom-form forminator-custom-form-3089 forminator-design--basic  forminator_ajax\" data-forminator-render=\"1\" data-form=\"forminator-module-3089\" data-uid=\"69f5242467e5f\"><br\/><\/div><form\n\t\t\t\tid=\"forminator-module-3089\"\n\t\t\t\tclass=\"forminator-ui forminator-custom-form forminator-custom-form-3089 forminator-design--basic  forminator_ajax\"\n\t\t\t\tmethod=\"post\"\n\t\t\t\tdata-forminator-render=\"1\"\n\t\t\t\tdata-form-id=\"3089\"\n\t\t\t\t data-color-option=\"default\" data-design=\"basic\" data-grid=\"open\" style=\"display: none;\"\n\t\t\t\tdata-uid=\"69f5242467e5f\" action=\"\"\n\t\t\t><div role=\"alert\" aria-live=\"polite\" class=\"forminator-response-message forminator-error\" aria-hidden=\"true\"><\/div><div class=\"forminator-row\"><div id=\"name-1\" class=\"forminator-field-name forminator-col forminator-col-6\"><div class=\"forminator-field\"><label for=\"forminator-field-name-1_69f5242467e5f\" id=\"forminator-field-name-1_69f5242467e5f-label\" class=\"forminator-label\">T\u00ean \u0111\u1ea7u ti\u00ean <span class=\"forminator-required\">*<\/span><\/label><input type=\"text\" name=\"name-1\" value=\"\" placeholder=\"\" id=\"forminator-field-name-1_69f5242467e5f\" class=\"forminator-input forminator-name--field\" aria-required=\"true\" autocomplete=\"name\" \/><\/div><\/div><div id=\"name-2\" class=\"forminator-field-name forminator-col forminator-col-6\"><div class=\"forminator-field\"><label for=\"forminator-field-name-2_69f5242467e5f\" id=\"forminator-field-name-2_69f5242467e5f-label\" class=\"forminator-label\">H\u1ecd <span class=\"forminator-required\">*<\/span><\/label><input type=\"text\" name=\"name-2\" value=\"\" placeholder=\"\" id=\"forminator-field-name-2_69f5242467e5f\" class=\"forminator-input forminator-name--field\" aria-required=\"true\" autocomplete=\"name\" \/><\/div><\/div><\/div><div class=\"forminator-row\"><div id=\"email-1\" class=\"forminator-field-email forminator-col forminator-col-6\"><div class=\"forminator-field\"><label for=\"forminator-field-email-1_69f5242467e5f\" id=\"forminator-field-email-1_69f5242467e5f-label\" class=\"forminator-label\">\u0110\u1ecba ch\u1ec9 Email <span class=\"forminator-required\">*<\/span><\/label><input type=\"email\" name=\"email-1\" value=\"\" placeholder=\"\" id=\"forminator-field-email-1_69f5242467e5f\" class=\"forminator-input forminator-email--field\" data-required=\"1\" aria-required=\"true\" autocomplete=\"email\" \/><\/div><\/div><div id=\"text-1\" class=\"forminator-field-text forminator-col forminator-col-6\"><div class=\"forminator-field\"><label for=\"forminator-field-text-1_69f5242467e5f\" id=\"forminator-field-text-1_69f5242467e5f-label\" class=\"forminator-label\">C\u00f4ng ty <span class=\"forminator-required\">*<\/span><\/label><input type=\"text\" name=\"text-1\" value=\"\" placeholder=\"\" id=\"forminator-field-text-1_69f5242467e5f\" class=\"forminator-input forminator-name--field\" data-required=\"1\" \/><\/div><\/div><\/div><div class=\"forminator-row\"><div id=\"phone-1\" class=\"forminator-field-phone forminator-col forminator-col-12\"><div class=\"forminator-field\"><label for=\"forminator-field-phone-1_69f5242467e5f\" id=\"forminator-field-phone-1_69f5242467e5f-label\" class=\"forminator-label\">S\u1ed1 \u0111i\u1ec7n tho\u1ea1i<\/label><input type=\"text\" name=\"phone-1\" value=\"\" placeholder=\"\" id=\"forminator-field-phone-1_69f5242467e5f\" class=\"forminator-input forminator-field--phone\" data-required=\"\" aria-required=\"false\" autocomplete=\"off\" \/><\/div><\/div><\/div><div class=\"forminator-row\"><div id=\"radio-1\" class=\"forminator-field-radio forminator-col forminator-col-12\"><div role=\"radiogroup\" class=\"forminator-field\" aria-labelledby=\"forminator-radiogroup-radio-1-69f5242467e5f-label\"><span id=\"forminator-radiogroup-radio-1-69f5242467e5f-label\" class=\"forminator-label\">C\u00e1ch t\u1ed1t nh\u1ea5t \u0111\u1ec3 li\u00ean h\u1ec7<\/span><label id=\"forminator-field-radio-1-label-1\" for=\"forminator-field-radio-1-1-69f5242467e5f\" class=\"forminator-radio\" title=\"\u0110i\u1ec7n tho\u1ea1i\"><input type=\"radio\" name=\"radio-1\" value=\"telephone\" id=\"forminator-field-radio-1-1-69f5242467e5f\" aria-labelledby=\"forminator-field-radio-1-label-1\" data-calculation=\"0\"  \/><span class=\"forminator-radio-bullet\" aria-hidden=\"true\"><\/span><span class=\"forminator-radio-label\">\u0110i\u1ec7n tho\u1ea1i<\/span><\/label><label id=\"forminator-field-radio-1-label-2\" for=\"forminator-field-radio-1-2-69f5242467e5f\" class=\"forminator-radio\" title=\"E-mail\"><input type=\"radio\" name=\"radio-1\" value=\"email\" id=\"forminator-field-radio-1-2-69f5242467e5f\" aria-labelledby=\"forminator-field-radio-1-label-2\" data-calculation=\"0\"  \/><span class=\"forminator-radio-bullet\" aria-hidden=\"true\"><\/span><span class=\"forminator-radio-label\">E-mail<\/span><\/label><\/div><\/div><\/div><div class=\"forminator-row\"><div id=\"checkbox-1\" class=\"forminator-field-checkbox forminator-col forminator-col-12\"><div role=\"group\" class=\"forminator-field\" aria-labelledby=\"forminator-checkbox-group-forminator-field-checkbox-1-69f5242467e5f-label\"><span id=\"forminator-checkbox-group-forminator-field-checkbox-1-69f5242467e5f-label\" class=\"forminator-label\">Lo\u1ea1i y\u00eau c\u1ea7u<\/span><label id=\"forminator-field-checkbox-1-1-69f5242467e5f-label\" for=\"forminator-field-checkbox-1-1-69f5242467e5f\" class=\"forminator-checkbox\" title=\"C\u01a1 quan Ch\u00ednh ph\u1ee7 Hoa K\u1ef3 (Li\u00ean bang\/\u0110\u1ecba ph\u01b0\u01a1ng)\"><input type=\"checkbox\" name=\"checkbox-1[]\" value=\"government-agency\" id=\"forminator-field-checkbox-1-1-69f5242467e5f\" aria-labelledby=\"forminator-field-checkbox-1-1-69f5242467e5f-label\" data-calculation=\"0\"  \/><span class=\"forminator-checkbox-box\" aria-hidden=\"true\"><\/span><span class=\"forminator-checkbox-label\">C\u01a1 quan Ch\u00ednh ph\u1ee7 Hoa K\u1ef3 (Li\u00ean bang\/\u0110\u1ecba ph\u01b0\u01a1ng)<\/span><\/label><label id=\"forminator-field-checkbox-1-2-69f5242467e5f-label\" for=\"forminator-field-checkbox-1-2-69f5242467e5f\" class=\"forminator-checkbox\" title=\"Y\u00eau c\u1ea7u qu\u1ed1c t\u1ebf\"><input type=\"checkbox\" name=\"checkbox-1[]\" value=\"subcontracting-8a-hubzone-wosb-edwosb-mwbe-nmsdc\" id=\"forminator-field-checkbox-1-2-69f5242467e5f\" aria-labelledby=\"forminator-field-checkbox-1-2-69f5242467e5f-label\" data-calculation=\"0\"  \/><span class=\"forminator-checkbox-box\" aria-hidden=\"true\"><\/span><span class=\"forminator-checkbox-label\">Y\u00eau c\u1ea7u qu\u1ed1c t\u1ebf<\/span><\/label><label id=\"forminator-field-checkbox-1-3-69f5242467e5f-label\" for=\"forminator-field-checkbox-1-3-69f5242467e5f\" class=\"forminator-checkbox\" title=\"Khoa h\u1ecdc D\u01b0\u1ee3c ph\u1ea9m v\u00e0 \u0110\u1eddi s\u1ed1ng\"><input type=\"checkbox\" name=\"checkbox-1[]\" value=\"healthcare-systemdsrip\" id=\"forminator-field-checkbox-1-3-69f5242467e5f\" aria-labelledby=\"forminator-field-checkbox-1-3-69f5242467e5f-label\" data-calculation=\"0\"  \/><span class=\"forminator-checkbox-box\" aria-hidden=\"true\"><\/span><span class=\"forminator-checkbox-label\">Khoa h\u1ecdc D\u01b0\u1ee3c ph\u1ea9m v\u00e0 \u0110\u1eddi s\u1ed1ng<\/span><\/label><label id=\"forminator-field-checkbox-1-4-69f5242467e5f-label\" for=\"forminator-field-checkbox-1-4-69f5242467e5f\" class=\"forminator-checkbox\" title=\"NGO - Doanh nghi\u1ec7p\"><input type=\"checkbox\" name=\"checkbox-1[]\" value=\"independent-practiceclinic\" id=\"forminator-field-checkbox-1-4-69f5242467e5f\" aria-labelledby=\"forminator-field-checkbox-1-4-69f5242467e5f-label\" data-calculation=\"0\"  \/><span class=\"forminator-checkbox-box\" aria-hidden=\"true\"><\/span><span class=\"forminator-checkbox-label\">NGO - Doanh nghi\u1ec7p<\/span><\/label><label id=\"forminator-field-checkbox-1-5-69f5242467e5f-label\" for=\"forminator-field-checkbox-1-5-69f5242467e5f\" class=\"forminator-checkbox\" title=\"phi l\u1ee3i nhu\u1eadn\"><input type=\"checkbox\" name=\"checkbox-1[]\" value=\"professional-leadership-development\" id=\"forminator-field-checkbox-1-5-69f5242467e5f\" aria-labelledby=\"forminator-field-checkbox-1-5-69f5242467e5f-label\" data-calculation=\"0\"  \/><span class=\"forminator-checkbox-box\" aria-hidden=\"true\"><\/span><span class=\"forminator-checkbox-label\">phi l\u1ee3i nhu\u1eadn<\/span><\/label><label id=\"forminator-field-checkbox-1-6-69f5242467e5f-label\" for=\"forminator-field-checkbox-1-6-69f5242467e5f\" class=\"forminator-checkbox\" title=\"C\u01a1 h\u1ed9i h\u1ee3p t\u00e1c\"><input type=\"checkbox\" name=\"checkbox-1[]\" value=\"community-outreachnonprofit-initiatives\" id=\"forminator-field-checkbox-1-6-69f5242467e5f\" aria-labelledby=\"forminator-field-checkbox-1-6-69f5242467e5f-label\" data-calculation=\"0\"  \/><span class=\"forminator-checkbox-box\" aria-hidden=\"true\"><\/span><span class=\"forminator-checkbox-label\">C\u01a1 h\u1ed9i h\u1ee3p t\u00e1c<\/span><\/label><label id=\"forminator-field-checkbox-1-7-69f5242467e5f-label\" for=\"forminator-field-checkbox-1-7-69f5242467e5f\" class=\"forminator-checkbox\" title=\"Kh\u00e1c (Vui l\u00f2ng ghi ch\u00fa trong ph\u1ea7n B\u00ecnh lu\u1eadn)\"><input type=\"checkbox\" name=\"checkbox-1[]\" value=\"other-please-note-in-comments\" id=\"forminator-field-checkbox-1-7-69f5242467e5f\" aria-labelledby=\"forminator-field-checkbox-1-7-69f5242467e5f-label\" data-calculation=\"0\"  \/><span class=\"forminator-checkbox-box\" aria-hidden=\"true\"><\/span><span class=\"forminator-checkbox-label\">Kh\u00e1c (Vui l\u00f2ng ghi ch\u00fa trong ph\u1ea7n B\u00ecnh lu\u1eadn)<\/span><\/label><\/div><\/div><\/div><div class=\"forminator-row\"><div id=\"textarea-1\" class=\"forminator-field-textarea forminator-col forminator-col-12\"><div class=\"forminator-field\"><label for=\"forminator-field-textarea-1_69f5242467e5f\" id=\"forminator-field-textarea-1_69f5242467e5f-label\" class=\"forminator-label\">B\u00ecnh lu\u1eadn<\/label><textarea name=\"textarea-1\" placeholder=\"\" id=\"forminator-field-textarea-1_69f5242467e5f\" class=\"forminator-textarea\" rows=\"6\" style=\"--forminator-textarea-min-height:140px;\" ><\/textarea><\/div><\/div><\/div><div class=\"forminator-row\"><div id=\"captcha-1\" class=\"forminator-field-captcha forminator-col forminator-col-12\"><div class=\"forminator-captcha-left forminator-g-recaptcha recaptcha-invisible\" data-theme=\"light\" data-badge=\"inline\" data-sitekey=\"6LdqQjEqAAAAAO0KpDKdtieTh9oJVkmXkIJSOpH9\" data-size=\"invisible\"><\/div> <\/div><\/div><div class=\"forminator-row forminator-hidden\"><div id=\"hidden-1\" class=\"forminator-field-hidden  forminator-col-12\"><input type=\"hidden\" id=\"hidden-1_69f5242467e5f\" name=\"hidden-1\" value=\"216.73.216.133\" \/><\/div><\/div><input type=\"hidden\" name=\"referer_url\" value=\"\" \/><div class=\"forminator-row forminator-row-last\"><div class=\"forminator-col\"><div class=\"forminator-field\"><button class=\"forminator-button forminator-button-submit\">N\u1ed9p<\/button><\/div><\/div><\/div><input type=\"hidden\" id=\"forminator_nonce\" name=\"forminator_nonce\" value=\"d3a705cef5\" \/><input type=\"hidden\" name=\"_wp_http_referer\" value=\"\/vi\/wp-json\/wp\/v2\/pages\/4129\" \/><input type=\"hidden\" name=\"form_id\" value=\"3089\"><input type=\"hidden\" name=\"page_id\" value=\"4129\"><input type=\"hidden\" name=\"form_type\" value=\"default\"><input type=\"hidden\" name=\"current_url\" value=\"https:\/\/www.precisionhcc.com\/vi\/contact\/\"><input type=\"hidden\" name=\"render_id\" value=\"1\"><input type=\"hidden\" name=\"action\" value=\"forminator_submit_form_custom-forms\"><label for=\"input_10\" class=\"forminator-hidden\" aria-hidden=\"true\">Xin vui l\u00f2ng kh\u00f4ng \u0111i\u1ec1n v\u00e0o \u00f4 n\u00e0y. <input id=\"input_10\" type=\"text\" name=\"input_10\" value=\"\" autocomplete=\"off\"><\/label><label for=\"input_10\" class=\"forminator-hidden\" aria-hidden=\"true\">Xin vui l\u00f2ng kh\u00f4ng \u0111i\u1ec1n v\u00e0o \u00f4 n\u00e0y. <input id=\"input_10\" type=\"text\" name=\"input_10\" value=\"\" autocomplete=\"off\"><\/label><input type=\"hidden\" name=\"trp-form-language\" value=\"vi\"\/><\/form><\/div>\n\t\t\t\t\t\t<\/div>\n\t\t\t\t<\/div>\n\t\t\t\t\t<\/div>\n\t\t\t\t<\/div>\n\t\t\t\t<\/div>","protected":false},"excerpt":{"rendered":"<p>Learn how Precision&#8217;s team of experts can support your organization&#8217;s healthcare needs. Contact us today!<\/p>","protected":false},"author":1236,"featured_media":0,"parent":0,"menu_order":0,"comment_status":"closed","ping_status":"closed","template":"elementor_header_footer","meta":{"footnotes":""},"class_list":["post-4129","page","type-page","status-publish","hentry"],"yoast_head":"<!-- This site is optimized with the Yoast SEO plugin v27.5 - https:\/\/yoast.com\/product\/yoast-seo-wordpress\/ -->\n<title>Contact | Precision HealthCare Consultants<\/title>\n<meta name=\"description\" content=\"Learn how Precision&#039;s team of experts can support your organization&#039;s healthcare needs. Contact us today!\" \/>\n<meta name=\"robots\" content=\"index, follow, max-snippet:-1, max-image-preview:large, max-video-preview:-1\" \/>\n<link rel=\"canonical\" href=\"https:\/\/www.precisionhcc.com\/vi\/contact\/\" \/>\n<meta property=\"og:locale\" content=\"vi_VN\" \/>\n<meta property=\"og:type\" content=\"article\" \/>\n<meta property=\"og:title\" content=\"Contact | Precision HealthCare Consultants\" \/>\n<meta property=\"og:description\" content=\"Learn how Precision&#039;s team of experts can support your organization&#039;s healthcare needs. Contact us today!\" \/>\n<meta property=\"og:url\" content=\"https:\/\/www.precisionhcc.com\/vi\/contact\/\" \/>\n<meta property=\"og:site_name\" content=\"Precision HealthCare Consultants\" \/>\n<meta property=\"article:publisher\" content=\"https:\/\/www.facebook.com\/Precision-Healthcare-Consultants-166924926665497\/\" \/>\n<meta property=\"article:modified_time\" content=\"2025-03-24T12:36:19+00:00\" \/>\n<meta property=\"og:image\" content=\"https:\/\/www.precisionhcc.com\/wp-content\/uploads\/2025\/03\/Precision-OG-Dark.png\" \/>\n\t<meta property=\"og:image:width\" content=\"1200\" \/>\n\t<meta property=\"og:image:height\" content=\"630\" \/>\n\t<meta property=\"og:image:type\" content=\"image\/png\" \/>\n<meta name=\"twitter:card\" content=\"summary_large_image\" \/>\n<meta name=\"twitter:site\" content=\"@precisionhcc\" \/>\n<meta name=\"twitter:label1\" content=\"Est. reading time\" \/>\n\t<meta name=\"twitter:data1\" content=\"1 ph\u00fat\" \/>\n<script type=\"application\/ld+json\" class=\"yoast-schema-graph\">{\"@context\":\"https:\\\/\\\/schema.org\",\"@graph\":[{\"@type\":\"WebPage\",\"@id\":\"https:\\\/\\\/www.precisionhcc.com\\\/contact\\\/\",\"url\":\"https:\\\/\\\/www.precisionhcc.com\\\/contact\\\/\",\"name\":\"Contact | Precision HealthCare Consultants\",\"isPartOf\":{\"@id\":\"https:\\\/\\\/www.precisionhcc.com\\\/#website\"},\"datePublished\":\"2024-12-13T16:33:56+00:00\",\"dateModified\":\"2025-03-24T12:36:19+00:00\",\"description\":\"Learn how Precision's team of experts can support your organization's healthcare needs. Contact us today!\",\"breadcrumb\":{\"@id\":\"https:\\\/\\\/www.precisionhcc.com\\\/contact\\\/#breadcrumb\"},\"inLanguage\":\"vi\",\"potentialAction\":[{\"@type\":\"ReadAction\",\"target\":[\"https:\\\/\\\/www.precisionhcc.com\\\/contact\\\/\"]}]},{\"@type\":\"BreadcrumbList\",\"@id\":\"https:\\\/\\\/www.precisionhcc.com\\\/contact\\\/#breadcrumb\",\"itemListElement\":[{\"@type\":\"ListItem\",\"position\":1,\"name\":\"Home\",\"item\":\"https:\\\/\\\/www.precisionhcc.com\\\/\"},{\"@type\":\"ListItem\",\"position\":2,\"name\":\"Contact\"}]},{\"@type\":\"WebSite\",\"@id\":\"https:\\\/\\\/www.precisionhcc.com\\\/#website\",\"url\":\"https:\\\/\\\/www.precisionhcc.com\\\/\",\"name\":\"Precision Healthcare Consultants\",\"description\":\"\",\"publisher\":{\"@id\":\"https:\\\/\\\/www.precisionhcc.com\\\/#organization\"},\"alternateName\":\"PHCC\",\"potentialAction\":[{\"@type\":\"SearchAction\",\"target\":{\"@type\":\"EntryPoint\",\"urlTemplate\":\"https:\\\/\\\/www.precisionhcc.com\\\/?s={search_term_string}\"},\"query-input\":{\"@type\":\"PropertyValueSpecification\",\"valueRequired\":true,\"valueName\":\"search_term_string\"}}],\"inLanguage\":\"vi\"},{\"@type\":\"Organization\",\"@id\":\"https:\\\/\\\/www.precisionhcc.com\\\/#organization\",\"name\":\"Precision HealthCare Consultants\",\"url\":\"https:\\\/\\\/www.precisionhcc.com\\\/\",\"logo\":{\"@type\":\"ImageObject\",\"inLanguage\":\"vi\",\"@id\":\"https:\\\/\\\/www.precisionhcc.com\\\/#\\\/schema\\\/logo\\\/image\\\/\",\"url\":\"https:\\\/\\\/www.precisionhcc.com\\\/wp-content\\\/uploads\\\/2020\\\/07\\\/Precision-logo.png\",\"contentUrl\":\"https:\\\/\\\/www.precisionhcc.com\\\/wp-content\\\/uploads\\\/2020\\\/07\\\/Precision-logo.png\",\"width\":656,\"height\":274,\"caption\":\"Precision HealthCare Consultants\"},\"image\":{\"@id\":\"https:\\\/\\\/www.precisionhcc.com\\\/#\\\/schema\\\/logo\\\/image\\\/\"},\"sameAs\":[\"https:\\\/\\\/www.facebook.com\\\/Precision-Healthcare-Consultants-166924926665497\\\/\",\"https:\\\/\\\/x.com\\\/precisionhcc\",\"https:\\\/\\\/www.linkedin.com\\\/in\\\/vanessa-best-ccs-p-cpc-ahima-icd-10-trainer-3bb948\",\"https:\\\/\\\/www.youtube.com\\\/channel\\\/UCZ6WKds91FdRPWEeGfwxv0A\"]}]}<\/script>\n<!-- \/ Yoast SEO plugin. -->","yoast_head_json":{"title":"Contact | Precision HealthCare Consultants","description":"T\u00ecm hi\u1ec3u c\u00e1ch \u0111\u1ed9i ng\u0169 chuy\u00ean gia c\u1ee7a Precision c\u00f3 th\u1ec3 h\u1ed7 tr\u1ee3 nhu c\u1ea7u ch\u0103m s\u00f3c s\u1ee9c kh\u1ecfe c\u1ee7a t\u1ed5 ch\u1ee9c b\u1ea1n. Li\u00ean h\u1ec7 v\u1edbi ch\u00fang t\u00f4i ngay h\u00f4m nay!","robots":{"index":"index","follow":"follow","max-snippet":"max-snippet:-1","max-image-preview":"max-image-preview:large","max-video-preview":"max-video-preview:-1"},"canonical":"https:\/\/www.precisionhcc.com\/vi\/contact\/","og_locale":"vi_VN","og_type":"article","og_title":"Contact | Precision HealthCare Consultants","og_description":"Learn how Precision's team of experts can support your organization's healthcare needs. Contact us today!","og_url":"https:\/\/www.precisionhcc.com\/vi\/contact\/","og_site_name":"Precision HealthCare Consultants","article_publisher":"https:\/\/www.facebook.com\/Precision-Healthcare-Consultants-166924926665497\/","article_modified_time":"2025-03-24T12:36:19+00:00","og_image":[{"width":1200,"height":630,"url":"https:\/\/www.precisionhcc.com\/wp-content\/uploads\/2025\/03\/Precision-OG-Dark.png","type":"image\/png"}],"twitter_card":"summary_large_image","twitter_site":"@precisionhcc","twitter_misc":{"Est. reading time":"1 ph\u00fat"},"schema":{"@context":"https:\/\/schema.org","@graph":[{"@type":"WebPage","@id":"https:\/\/www.precisionhcc.com\/contact\/","url":"https:\/\/www.precisionhcc.com\/contact\/","name":"Contact | Precision HealthCare Consultants","isPartOf":{"@id":"https:\/\/www.precisionhcc.com\/#website"},"datePublished":"2024-12-13T16:33:56+00:00","dateModified":"2025-03-24T12:36:19+00:00","description":"T\u00ecm hi\u1ec3u c\u00e1ch \u0111\u1ed9i ng\u0169 chuy\u00ean gia c\u1ee7a Precision c\u00f3 th\u1ec3 h\u1ed7 tr\u1ee3 nhu c\u1ea7u ch\u0103m s\u00f3c s\u1ee9c kh\u1ecfe c\u1ee7a t\u1ed5 ch\u1ee9c b\u1ea1n. Li\u00ean h\u1ec7 v\u1edbi ch\u00fang t\u00f4i ngay h\u00f4m nay!","breadcrumb":{"@id":"https:\/\/www.precisionhcc.com\/contact\/#breadcrumb"},"inLanguage":"vi","potentialAction":[{"@type":"ReadAction","target":["https:\/\/www.precisionhcc.com\/contact\/"]}]},{"@type":"BreadcrumbList","@id":"https:\/\/www.precisionhcc.com\/contact\/#breadcrumb","itemListElement":[{"@type":"ListItem","position":1,"name":"Home","item":"https:\/\/www.precisionhcc.com\/"},{"@type":"ListItem","position":2,"name":"Contact"}]},{"@type":"WebSite","@id":"https:\/\/www.precisionhcc.com\/#website","url":"https:\/\/www.precisionhcc.com\/","name":"T\u01b0 v\u1ea5n ch\u0103m s\u00f3c s\u1ee9c kh\u1ecfe ch\u00ednh x\u00e1c","description":"","publisher":{"@id":"https:\/\/www.precisionhcc.com\/#organization"},"alternateName":"PHCC","potentialAction":[{"@type":"SearchAction","target":{"@type":"EntryPoint","urlTemplate":"https:\/\/www.precisionhcc.com\/?s={search_term_string}"},"query-input":{"@type":"PropertyValueSpecification","valueRequired":true,"valueName":"search_term_string"}}],"inLanguage":"vi"},{"@type":"Organization","@id":"https:\/\/www.precisionhcc.com\/#organization","name":"T\u01b0 v\u1ea5n ch\u0103m s\u00f3c s\u1ee9c kh\u1ecfe ch\u00ednh x\u00e1c","url":"https:\/\/www.precisionhcc.com\/","logo":{"@type":"ImageObject","inLanguage":"vi","@id":"https:\/\/www.precisionhcc.com\/#\/schema\/logo\/image\/","url":"https:\/\/www.precisionhcc.com\/wp-content\/uploads\/2020\/07\/Precision-logo.png","contentUrl":"https:\/\/www.precisionhcc.com\/wp-content\/uploads\/2020\/07\/Precision-logo.png","width":656,"height":274,"caption":"Precision HealthCare Consultants"},"image":{"@id":"https:\/\/www.precisionhcc.com\/#\/schema\/logo\/image\/"},"sameAs":["https:\/\/www.facebook.com\/Precision-Healthcare-Consultants-166924926665497\/","https:\/\/x.com\/precisionhcc","https:\/\/www.linkedin.com\/in\/vanessa-best-ccs-p-cpc-ahima-icd-10-trainer-3bb948","https:\/\/www.youtube.com\/channel\/UCZ6WKds91FdRPWEeGfwxv0A"]}]}},"_links":{"self":[{"href":"https:\/\/www.precisionhcc.com\/vi\/wp-json\/wp\/v2\/pages\/4129","targetHints":{"allow":["GET"]}}],"collection":[{"href":"https:\/\/www.precisionhcc.com\/vi\/wp-json\/wp\/v2\/pages"}],"about":[{"href":"https:\/\/www.precisionhcc.com\/vi\/wp-json\/wp\/v2\/types\/page"}],"author":[{"embeddable":true,"href":"https:\/\/www.precisionhcc.com\/vi\/wp-json\/wp\/v2\/users\/1236"}],"replies":[{"embeddable":true,"href":"https:\/\/www.precisionhcc.com\/vi\/wp-json\/wp\/v2\/comments?post=4129"}],"version-history":[{"count":0,"href":"https:\/\/www.precisionhcc.com\/vi\/wp-json\/wp\/v2\/pages\/4129\/revisions"}],"wp:attachment":[{"href":"https:\/\/www.precisionhcc.com\/vi\/wp-json\/wp\/v2\/media?parent=4129"}],"curies":[{"name":"wp","href":"https:\/\/api.w.org\/{rel}","templated":true}]}}